{"id":28382,"date":"2016-09-25T23:28:00","date_gmt":"2016-09-25T23:28:00","guid":{"rendered":"https:\/\/www.myaquastore.com\/product\/resun-pequena-bomba-de-aire-electrica-de-baja-presion-para-acuario-ac500\/"},"modified":"2025-03-16T06:49:46","modified_gmt":"2025-03-16T06:49:46","slug":"resun-pequena-bomba-de-aire-electrica-de-baja-presion-para-acuario-ac500","status":"publish","type":"product","link":"https:\/\/www.myaquastore.com\/es\/producto\/resun-pequena-bomba-de-aire-electrica-de-baja-presion-para-acuario-ac500\/","title":{"rendered":"Resun peque\u00f1a bomba de aire el\u00e9ctrica de baja presi\u00f3n para acuario AC500"},"content":{"rendered":"<article class=\"article richtext richtext-detail AE:disable\" id=\"richTextContainer\">\n<div style=\"clear:both\">\n<p><span style=\"font-family: 'times new roman', times;font-size: 24px\"> resun peque\u00f1a bomba de aire el\u00e9ctrica de baja presi\u00f3n para acuario AC500 <\/span><\/p>\n<p><span style=\"font-family: 'times new roman', times;font-size: 24px\">a. El diafragma y la v\u00e1lvula de caucho resistentes a los impactos garantizan una larga vida \u00fatil<\/span><\/p>\n<p><span style=\"font-family: 'times new roman', times;font-size: 24px\">b. Estructura \u00fanica con buena dispersi\u00f3n del calor y bajo nivel de ruido<\/span><\/p>\n<p><span style=\"font-family: 'times new roman', times;font-size: 24px\">c. Ampliamente utilizado en piscifactor\u00edas, estanques, acuarios y usos industriales con fines de oxigenaci\u00f3n<\/span><\/p>\n<p><span style=\"font-family: 'times new roman', times;font-size: 24px\">d. Se incluyen divisores de aire de pl\u00e1stico y divisores de metal disponibles bajo pedido<\/span><\/p>\n<p><span style=\"font-family: 'times new roman', times;font-size: 24px\">e.el paquete es de 60 piezas\/caja <\/span><\/p>\n<div style=\"clear:both\"><\/article>\n","protected":false},"excerpt":{"rendered":"<p>Resun peque\u00f1a bomba de aire el\u00e9ctrica de baja presi\u00f3n para acuario AC500<\/p>\n","protected":false},"featured_media":3493,"comment_status":"open","ping_status":"closed","template":"","meta":[],"product_brand":[],"product_cat":[999],"product_tag":[],"class_list":{"0":"post-28382","1":"product","2":"type-product","3":"status-publish","4":"has-post-thumbnail","6":"product_cat-filtros-de-acuario","8":"first","9":"instock","10":"shipping-taxable","11":"purchasable","12":"product-type-simple"},"_links":{"self":[{"href":"https:\/\/www.myaquastore.com\/es\/wp-json\/wp\/v2\/product\/28382","targetHints":{"allow":["GET"]}}],"collection":[{"href":"https:\/\/www.myaquastore.com\/es\/wp-json\/wp\/v2\/product"}],"about":[{"href":"https:\/\/www.myaquastore.com\/es\/wp-json\/wp\/v2\/types\/product"}],"replies":[{"embeddable":true,"href":"https:\/\/www.myaquastore.com\/es\/wp-json\/wp\/v2\/comments?post=28382"}],"wp:featuredmedia":[{"embeddable":true,"href":"https:\/\/www.myaquastore.com\/es\/wp-json\/wp\/v2\/media\/3493"}],"wp:attachment":[{"href":"https:\/\/www.myaquastore.com\/es\/wp-json\/wp\/v2\/media?parent=28382"}],"wp:term":[{"taxonomy":"product_brand","embeddable":true,"href":"https:\/\/www.myaquastore.com\/es\/wp-json\/wp\/v2\/product_brand?post=28382"},{"taxonomy":"product_cat","embeddable":true,"href":"https:\/\/www.myaquastore.com\/es\/wp-json\/wp\/v2\/product_cat?post=28382"},{"taxonomy":"product_tag","embeddable":true,"href":"https:\/\/www.myaquastore.com\/es\/wp-json\/wp\/v2\/product_tag?post=28382"}],"curies":[{"name":"wp","href":"https:\/\/api.w.org\/{rel}","templated":true}]}}