{"id":28393,"date":"2016-09-25T23:28:00","date_gmt":"2016-09-25T23:28:00","guid":{"rendered":"https:\/\/www.myaquastore.com\/product\/filtro-interno-para-acuario-resun-magi-magi-700\/"},"modified":"2025-03-16T06:49:49","modified_gmt":"2025-03-16T06:49:49","slug":"filtro-interno-para-acuario-resun-magi-magi-700","status":"publish","type":"product","link":"https:\/\/www.myaquastore.com\/es\/producto\/filtro-interno-para-acuario-resun-magi-magi-700\/","title":{"rendered":"Filtro interno para acuario RESUN Magi Magi-700"},"content":{"rendered":"<article class=\"article richtext richtext-detail AE:disable\" id=\"richTextContainer\">\n<h2 class=\"article-title\">Especificaciones<\/h2>\n<div style=\"clear:both\"> Filtro interno para acuario RESUN Magi Magi-700 <br \/>1 Estructura compacta y eficiente <br \/>2 Flujo de ox\u00edgeno logrado con kits adicionales <\/p>\n<div style=\"clear:both\">\n<p>Filtro interno para acuario RESUN Magi Magi-700<br \/>a. Estructura compacta y eficiente, con direcci\u00f3n del flujo de agua ajustable mediante barra rociadora<\/p>\n<p>b. Flujo de ox\u00edgeno logrado con kits adicionales proporcionados<\/p>\n<p>c. Filtraci\u00f3n mec\u00e1nica y biol\u00f3gica realizada con caja de carb\u00f3n y esponja filtrante f\u00e1ciles de limpiar y reemplazables<\/p>\n<div style=\"clear:both\"><\/article>\n","protected":false},"excerpt":{"rendered":"<p>Filtro interno para acuario RESUN Magi Magi-700<\/p>\n","protected":false},"featured_media":3518,"comment_status":"open","ping_status":"closed","template":"","meta":[],"product_brand":[],"product_cat":[999],"product_tag":[],"class_list":{"0":"post-28393","1":"product","2":"type-product","3":"status-publish","4":"has-post-thumbnail","6":"product_cat-filtros-de-acuario","8":"first","9":"instock","10":"shipping-taxable","11":"purchasable","12":"product-type-simple"},"_links":{"self":[{"href":"https:\/\/www.myaquastore.com\/es\/wp-json\/wp\/v2\/product\/28393","targetHints":{"allow":["GET"]}}],"collection":[{"href":"https:\/\/www.myaquastore.com\/es\/wp-json\/wp\/v2\/product"}],"about":[{"href":"https:\/\/www.myaquastore.com\/es\/wp-json\/wp\/v2\/types\/product"}],"replies":[{"embeddable":true,"href":"https:\/\/www.myaquastore.com\/es\/wp-json\/wp\/v2\/comments?post=28393"}],"wp:featuredmedia":[{"embeddable":true,"href":"https:\/\/www.myaquastore.com\/es\/wp-json\/wp\/v2\/media\/3518"}],"wp:attachment":[{"href":"https:\/\/www.myaquastore.com\/es\/wp-json\/wp\/v2\/media?parent=28393"}],"wp:term":[{"taxonomy":"product_brand","embeddable":true,"href":"https:\/\/www.myaquastore.com\/es\/wp-json\/wp\/v2\/product_brand?post=28393"},{"taxonomy":"product_cat","embeddable":true,"href":"https:\/\/www.myaquastore.com\/es\/wp-json\/wp\/v2\/product_cat?post=28393"},{"taxonomy":"product_tag","embeddable":true,"href":"https:\/\/www.myaquastore.com\/es\/wp-json\/wp\/v2\/product_tag?post=28393"}],"curies":[{"name":"wp","href":"https:\/\/api.w.org\/{rel}","templated":true}]}}