{"id":28400,"date":"2016-09-25T23:28:02","date_gmt":"2016-09-25T23:28:02","guid":{"rendered":"https:\/\/www.myaquastore.com\/product\/bomba-de-agua-submarina-resun-s-10000\/"},"modified":"2025-03-16T06:49:50","modified_gmt":"2025-03-16T06:49:50","slug":"bomba-de-agua-submarina-resun-s-10000","status":"publish","type":"product","link":"https:\/\/www.myaquastore.com\/es\/producto\/bomba-de-agua-submarina-resun-s-10000\/","title":{"rendered":"Bomba de agua submarina RESUN S-10000"},"content":{"rendered":"<article class=\"article richtext richtext-detail AE:disable\" id=\"richTextContainer\">\n<h2 class=\"article-title\">Especificaciones<\/h2>\n<div style=\"clear:both\"> Bomba de agua submarina RESUN S-10000 <br \/>a. Dise\u00f1o patentado elegante y \u00fanico <br \/>b. Tama\u00f1o compacto y f\u00e1cil instalaci\u00f3n <br \/>c. Traje para fresco y marino <\/p>\n<div style=\"clear:both\">\n<p>Bomba de agua submarina RESUN S-10000<\/p>\n<p>a. Dise\u00f1o patentado elegante y \u00fanico<\/p>\n<p>b. Tama\u00f1o compacto y f\u00e1cil de instalar<\/p>\n<p>c. Apto tanto para agua dulce como marina<\/p>\n<p>d. Provisto de esponja filtrante<\/p>\n<p>e. Ideal para exhibir acuarios, estanques, fuentes y cascadas<\/p>\n<p>f. Una amplia gama de cabezales estilogr\u00e1ficos opcionales<\/p>\n<\/p>\n<\/p>\n<div style=\"clear:both\"><\/article>\n","protected":false},"excerpt":{"rendered":"<p>Bomba de agua submarina RESUN S-10000<\/p>\n","protected":false},"featured_media":3532,"comment_status":"open","ping_status":"closed","template":"","meta":[],"product_brand":[],"product_cat":[999],"product_tag":[],"class_list":{"0":"post-28400","1":"product","2":"type-product","3":"status-publish","4":"has-post-thumbnail","6":"product_cat-filtros-de-acuario","8":"first","9":"instock","10":"shipping-taxable","11":"purchasable","12":"product-type-simple"},"_links":{"self":[{"href":"https:\/\/www.myaquastore.com\/es\/wp-json\/wp\/v2\/product\/28400","targetHints":{"allow":["GET"]}}],"collection":[{"href":"https:\/\/www.myaquastore.com\/es\/wp-json\/wp\/v2\/product"}],"about":[{"href":"https:\/\/www.myaquastore.com\/es\/wp-json\/wp\/v2\/types\/product"}],"replies":[{"embeddable":true,"href":"https:\/\/www.myaquastore.com\/es\/wp-json\/wp\/v2\/comments?post=28400"}],"wp:featuredmedia":[{"embeddable":true,"href":"https:\/\/www.myaquastore.com\/es\/wp-json\/wp\/v2\/media\/3532"}],"wp:attachment":[{"href":"https:\/\/www.myaquastore.com\/es\/wp-json\/wp\/v2\/media?parent=28400"}],"wp:term":[{"taxonomy":"product_brand","embeddable":true,"href":"https:\/\/www.myaquastore.com\/es\/wp-json\/wp\/v2\/product_brand?post=28400"},{"taxonomy":"product_cat","embeddable":true,"href":"https:\/\/www.myaquastore.com\/es\/wp-json\/wp\/v2\/product_cat?post=28400"},{"taxonomy":"product_tag","embeddable":true,"href":"https:\/\/www.myaquastore.com\/es\/wp-json\/wp\/v2\/product_tag?post=28400"}],"curies":[{"name":"wp","href":"https:\/\/api.w.org\/{rel}","templated":true}]}}