{"id":28464,"date":"2016-09-25T23:28:02","date_gmt":"2016-09-25T23:28:02","guid":{"rendered":"https:\/\/www.myaquastore.com\/product\/luz-acuario-boyu-18w-40cm-plb-40\/"},"modified":"2025-03-16T06:56:04","modified_gmt":"2025-03-16T06:56:04","slug":"luz-acuario-boyu-18w-40cm-plb-40","status":"publish","type":"product","link":"https:\/\/www.myaquastore.com\/es\/producto\/luz-acuario-boyu-18w-40cm-plb-40\/","title":{"rendered":"Luz acuario BOYU 18w 40cm PLB-40"},"content":{"rendered":"<article class=\"article richtext richtext-detail AE:disable\" id=\"richTextContainer\">\n<div style=\"clear:both\">\n<p><span style=\"font-family: 'times new roman', times;font-size: 24px\"> Luz para acuario BOYU de 18w y 40 cm PLB-40 <\/span><\/p>\n<p><span style=\"color: #333333;font-family: 'times new roman', times;font-size: 24px\">1.Utilice una carcasa de aluminio de alta calidad, inoxidable y anticorrosi\u00f3n, buena capacidad de difusi\u00f3n del calor.<br \/>2.Dise\u00f1o especial, 95% de reflexi\u00f3n de la luz.<br \/>3.Apariencia de l\u00ednea de flujo, extensible, tapa abatible. soporte. <br \/>4. Dise\u00f1o s\u00faper delgado, apariencia atractiva y agradable. muchos colores para la opci\u00f3n<\/span><\/p>\n<p><span style=\"color: #333333;font-family: 'times new roman', times;font-size: 24px\">5.DATOS T\u00c9CNICOS: AC230V \/50Hz<\/span><\/p>\n<div style=\"clear:both\"><\/article>\n","protected":false},"excerpt":{"rendered":"<p>Luz acuario BOYU 18w 40cm PLB-40<\/p>\n","protected":false},"featured_media":3661,"comment_status":"open","ping_status":"closed","template":"","meta":[],"product_brand":[],"product_cat":[999],"product_tag":[],"class_list":{"0":"post-28464","1":"product","2":"type-product","3":"status-publish","4":"has-post-thumbnail","6":"product_cat-filtros-de-acuario","8":"first","9":"instock","10":"shipping-taxable","11":"purchasable","12":"product-type-simple"},"_links":{"self":[{"href":"https:\/\/www.myaquastore.com\/es\/wp-json\/wp\/v2\/product\/28464","targetHints":{"allow":["GET"]}}],"collection":[{"href":"https:\/\/www.myaquastore.com\/es\/wp-json\/wp\/v2\/product"}],"about":[{"href":"https:\/\/www.myaquastore.com\/es\/wp-json\/wp\/v2\/types\/product"}],"replies":[{"embeddable":true,"href":"https:\/\/www.myaquastore.com\/es\/wp-json\/wp\/v2\/comments?post=28464"}],"wp:featuredmedia":[{"embeddable":true,"href":"https:\/\/www.myaquastore.com\/es\/wp-json\/wp\/v2\/media\/3661"}],"wp:attachment":[{"href":"https:\/\/www.myaquastore.com\/es\/wp-json\/wp\/v2\/media?parent=28464"}],"wp:term":[{"taxonomy":"product_brand","embeddable":true,"href":"https:\/\/www.myaquastore.com\/es\/wp-json\/wp\/v2\/product_brand?post=28464"},{"taxonomy":"product_cat","embeddable":true,"href":"https:\/\/www.myaquastore.com\/es\/wp-json\/wp\/v2\/product_cat?post=28464"},{"taxonomy":"product_tag","embeddable":true,"href":"https:\/\/www.myaquastore.com\/es\/wp-json\/wp\/v2\/product_tag?post=28464"}],"curies":[{"name":"wp","href":"https:\/\/api.w.org\/{rel}","templated":true}]}}