{"id":28544,"date":"2016-09-25T23:28:05","date_gmt":"2016-09-25T23:28:05","guid":{"rendered":"https:\/\/www.myaquastore.com\/product\/filtro-de-cabeza-haiyang-de-6w-con-bomba-de-agua-450l-h\/"},"modified":"2025-03-16T06:56:21","modified_gmt":"2025-03-16T06:56:21","slug":"filtro-de-cabeza-haiyang-de-6w-con-bomba-de-agua-450l-h","status":"publish","type":"product","link":"https:\/\/www.myaquastore.com\/es\/producto\/filtro-de-cabeza-haiyang-de-6w-con-bomba-de-agua-450l-h\/","title":{"rendered":"Filtro de cabeza Haiyang de 6W con bomba de agua 450L\/H"},"content":{"rendered":"<article class=\"article richtext richtext-detail AE:disable\" id=\"richTextContainer\">\n<h2 class=\"article-title\">Especificaciones<\/h2>\n<div style=\"clear:both\"> Filtro de cabeza Haiyang de 6 W con bomba de agua 450 L\/H <br \/>1 bombeo, filtraci\u00f3n <br \/>2 Suministra suficiente ox\u00edgeno y hace que los peces crezcan m\u00e1s sanos <\/p>\n<div style=\"clear:both\">\n<p>Filtro de cabeza Haiyang de 6W con bomba de agua 450L\/H<br \/>1. Puede absorber agua desde el fondo y el agua se puede filtrar dos veces biol\u00f3gicamente.<br \/>2.El impulsor tiene una cubierta transparente. Su funcionamiento se puede ver claramente incluso sin abrir la cubierta.<br \/>3.Gran flujo, dise\u00f1o de alto encabezado. Ahorro de energ\u00eda, bajo nivel de ruido, peque\u00f1o aumento de temperatura y larga vida \u00fatil.<\/p>\n<p>4. Flujo de agua m\u00e1ximo: 450 l\/h<\/p>\n<p>5. embalaje: 50 piezas por caja<\/p>\n<div style=\"clear:both\"><\/article>\n","protected":false},"excerpt":{"rendered":"<p>Filtro de cabeza Haiyang de 6W con bomba de agua 450L\/H<\/p>\n","protected":false},"featured_media":3817,"comment_status":"open","ping_status":"closed","template":"","meta":[],"product_brand":[],"product_cat":[999],"product_tag":[],"class_list":{"0":"post-28544","1":"product","2":"type-product","3":"status-publish","4":"has-post-thumbnail","6":"product_cat-filtros-de-acuario","8":"first","9":"instock","10":"shipping-taxable","11":"purchasable","12":"product-type-simple"},"_links":{"self":[{"href":"https:\/\/www.myaquastore.com\/es\/wp-json\/wp\/v2\/product\/28544","targetHints":{"allow":["GET"]}}],"collection":[{"href":"https:\/\/www.myaquastore.com\/es\/wp-json\/wp\/v2\/product"}],"about":[{"href":"https:\/\/www.myaquastore.com\/es\/wp-json\/wp\/v2\/types\/product"}],"replies":[{"embeddable":true,"href":"https:\/\/www.myaquastore.com\/es\/wp-json\/wp\/v2\/comments?post=28544"}],"wp:featuredmedia":[{"embeddable":true,"href":"https:\/\/www.myaquastore.com\/es\/wp-json\/wp\/v2\/media\/3817"}],"wp:attachment":[{"href":"https:\/\/www.myaquastore.com\/es\/wp-json\/wp\/v2\/media?parent=28544"}],"wp:term":[{"taxonomy":"product_brand","embeddable":true,"href":"https:\/\/www.myaquastore.com\/es\/wp-json\/wp\/v2\/product_brand?post=28544"},{"taxonomy":"product_cat","embeddable":true,"href":"https:\/\/www.myaquastore.com\/es\/wp-json\/wp\/v2\/product_cat?post=28544"},{"taxonomy":"product_tag","embeddable":true,"href":"https:\/\/www.myaquastore.com\/es\/wp-json\/wp\/v2\/product_tag?post=28544"}],"curies":[{"name":"wp","href":"https:\/\/api.w.org\/{rel}","templated":true}]}}