{"id":28548,"date":"2016-09-25T23:28:05","date_gmt":"2016-09-25T23:28:05","guid":{"rendered":"https:\/\/www.myaquastore.com\/product\/filtro-de-cabeza-haiyang-de-45w-con-bomba-de-agua\/"},"modified":"2025-03-16T06:56:22","modified_gmt":"2025-03-16T06:56:22","slug":"filtro-de-cabeza-haiyang-de-45w-con-bomba-de-agua","status":"publish","type":"product","link":"https:\/\/www.myaquastore.com\/es\/producto\/filtro-de-cabeza-haiyang-de-45w-con-bomba-de-agua\/","title":{"rendered":"Filtro de cabeza Haiyang de 45W con bomba de agua"},"content":{"rendered":"<article class=\"article richtext richtext-detail AE:disable\" id=\"richTextContainer\">\n<h2 class=\"article-title\">Especificaciones<\/h2>\n<div style=\"clear:both\"> Filtro de cabeza Haiyang de 45 W con bomba de agua <br \/>1 bombeo, filtraci\u00f3n y oxigenaci\u00f3n <br \/>2 ox\u00edgeno suficiente y hace que los peces crezcan m\u00e1s sanos <\/p>\n<div style=\"clear:both\">\n<p>45W Filtro de cabeza Haiyang con bomba de agua<br \/>1 Circulaci\u00f3n, bombeo, filtraci\u00f3n y oxigenaci\u00f3n.<br \/>2 Suministra suficiente ox\u00edgeno y hace que los peces crezcan m\u00e1s saludables<\/p>\n<p>3 embalaje: 12 piezas por caja<\/p>\n<p>4 Flujo m\u00e1ximo de agua: 2300 l\/h<\/p>\n<div style=\"clear:both\"><\/article>\n","protected":false},"excerpt":{"rendered":"<p>Filtro de cabeza Haiyang de 45W con bomba de agua<\/p>\n","protected":false},"featured_media":3825,"comment_status":"open","ping_status":"closed","template":"","meta":[],"product_brand":[],"product_cat":[999],"product_tag":[],"class_list":{"0":"post-28548","1":"product","2":"type-product","3":"status-publish","4":"has-post-thumbnail","6":"product_cat-filtros-de-acuario","8":"first","9":"instock","10":"shipping-taxable","11":"purchasable","12":"product-type-simple"},"_links":{"self":[{"href":"https:\/\/www.myaquastore.com\/es\/wp-json\/wp\/v2\/product\/28548","targetHints":{"allow":["GET"]}}],"collection":[{"href":"https:\/\/www.myaquastore.com\/es\/wp-json\/wp\/v2\/product"}],"about":[{"href":"https:\/\/www.myaquastore.com\/es\/wp-json\/wp\/v2\/types\/product"}],"replies":[{"embeddable":true,"href":"https:\/\/www.myaquastore.com\/es\/wp-json\/wp\/v2\/comments?post=28548"}],"wp:featuredmedia":[{"embeddable":true,"href":"https:\/\/www.myaquastore.com\/es\/wp-json\/wp\/v2\/media\/3825"}],"wp:attachment":[{"href":"https:\/\/www.myaquastore.com\/es\/wp-json\/wp\/v2\/media?parent=28548"}],"wp:term":[{"taxonomy":"product_brand","embeddable":true,"href":"https:\/\/www.myaquastore.com\/es\/wp-json\/wp\/v2\/product_brand?post=28548"},{"taxonomy":"product_cat","embeddable":true,"href":"https:\/\/www.myaquastore.com\/es\/wp-json\/wp\/v2\/product_cat?post=28548"},{"taxonomy":"product_tag","embeddable":true,"href":"https:\/\/www.myaquastore.com\/es\/wp-json\/wp\/v2\/product_tag?post=28548"}],"curies":[{"name":"wp","href":"https:\/\/api.w.org\/{rel}","templated":true}]}}