{"id":28567,"date":"2016-09-25T23:28:05","date_gmt":"2016-09-25T23:28:05","guid":{"rendered":"https:\/\/www.myaquastore.com\/product\/luz-solar-roja-para-acuario-boyu-de-15w\/"},"modified":"2025-03-16T06:56:26","modified_gmt":"2025-03-16T06:56:26","slug":"luz-solar-roja-para-acuario-boyu-de-15w","status":"publish","type":"product","link":"https:\/\/www.myaquastore.com\/es\/producto\/luz-solar-roja-para-acuario-boyu-de-15w\/","title":{"rendered":"Luz solar roja para acuario BOYU de 15W"},"content":{"rendered":"<article class=\"article richtext richtext-detail AE:disable\" id=\"richTextContainer\">\n<div style=\"clear:both\">\n<p><span style=\"font-family: 'times new roman', times;font-size: 24px\">Luz solar roja para acuario BOYU de 15 W<\/span><\/p>\n<p><span style=\"font-family: 'times new roman', times;font-size: 24px\">1.fortalecer la exportaci\u00f3n del espectro \u00f3ptico de rojo y azul, para crear su cresta de onda equivalente al rojo y azul de la luz solar, dar\u00e1 el mejor resultado para la fotos\u00edntesis, mejorar\u00e1 el brillo del vidrio soluble, mejorar\u00e1 la fluorescencia de los peces tropicales, pondr\u00e1 \u00e9nfasis en el color natural de los peces que se ven y construir\u00e1 una atm\u00f3sfera c\u00e1lida para su caja de animales acu\u00e1ticos.<\/span><br \/><span style=\"font-family: 'times new roman', times;font-size: 24px\"><span style=\"color: #000066\">2.Rango adecuado:<\/span> frasco de vidrio con peces tropicales y agua<\/span><\/p>\n<p><span><\/article>\n","protected":false},"excerpt":{"rendered":"<p>Luz solar roja para acuario BOYU de 15W<\/p>\n","protected":false},"featured_media":3863,"comment_status":"open","ping_status":"closed","template":"","meta":[],"product_brand":[],"product_cat":[999],"product_tag":[],"class_list":{"0":"post-28567","1":"product","2":"type-product","3":"status-publish","4":"has-post-thumbnail","6":"product_cat-filtros-de-acuario","8":"first","9":"instock","10":"shipping-taxable","11":"purchasable","12":"product-type-simple"},"_links":{"self":[{"href":"https:\/\/www.myaquastore.com\/es\/wp-json\/wp\/v2\/product\/28567","targetHints":{"allow":["GET"]}}],"collection":[{"href":"https:\/\/www.myaquastore.com\/es\/wp-json\/wp\/v2\/product"}],"about":[{"href":"https:\/\/www.myaquastore.com\/es\/wp-json\/wp\/v2\/types\/product"}],"replies":[{"embeddable":true,"href":"https:\/\/www.myaquastore.com\/es\/wp-json\/wp\/v2\/comments?post=28567"}],"wp:featuredmedia":[{"embeddable":true,"href":"https:\/\/www.myaquastore.com\/es\/wp-json\/wp\/v2\/media\/3863"}],"wp:attachment":[{"href":"https:\/\/www.myaquastore.com\/es\/wp-json\/wp\/v2\/media?parent=28567"}],"wp:term":[{"taxonomy":"product_brand","embeddable":true,"href":"https:\/\/www.myaquastore.com\/es\/wp-json\/wp\/v2\/product_brand?post=28567"},{"taxonomy":"product_cat","embeddable":true,"href":"https:\/\/www.myaquastore.com\/es\/wp-json\/wp\/v2\/product_cat?post=28567"},{"taxonomy":"product_tag","embeddable":true,"href":"https:\/\/www.myaquastore.com\/es\/wp-json\/wp\/v2\/product_tag?post=28567"}],"curies":[{"name":"wp","href":"https:\/\/api.w.org\/{rel}","templated":true}]}}