{"id":28570,"date":"2016-09-25T23:28:05","date_gmt":"2016-09-25T23:28:05","guid":{"rendered":"https:\/\/www.myaquastore.com\/product\/luz-floral-para-acuario-boyu-mas-vendida-fl15w\/"},"modified":"2025-03-16T06:56:26","modified_gmt":"2025-03-16T06:56:26","slug":"luz-floral-para-acuario-boyu-mas-vendida-fl15w","status":"publish","type":"product","link":"https:\/\/www.myaquastore.com\/es\/producto\/luz-floral-para-acuario-boyu-mas-vendida-fl15w\/","title":{"rendered":"Luz floral para acuario BOYU m\u00e1s vendida FL15W"},"content":{"rendered":"<article class=\"article richtext richtext-detail AE:disable\" id=\"richTextContainer\">\n<div style=\"clear:both\">\n<p><span style=\"font-family: 'times new roman', times;font-size: 24px\">luz floral para acuario BOYU FL15W m\u00e1s vendida <\/span><\/p>\n<p><span style=\"font-family: 'times new roman', times;font-size: 24px\">1. <span style=\"color: #333333\">imita el espectro solar natural, proporciona una temperatura de color de 7500k y su cresta de onda se ubica en la parte azul del espectro, por lo que la luz es muy brillante, lo que puede satisfacer completamente la demanda de la fotos\u00edntesis de las plantas y, por lo tanto, podr\u00e1 proporcionar un entorno de crecimiento m\u00e1s ideal para las plantas.<br \/><span style=\"color: #000066\">2.Adecuado gama:<\/span> cultivo de vidrio soluble e iluminaci\u00f3n de plantas para caja de animales acu\u00e1ticos<\/span><\/span><\/p>\n<p><span style=\"font-family: 'times new roman', times;font-size: 24px\">3.embalaje: 25 piezas\/caja<\/span><\/p>\n<div style=\"clear:both\"><\/article>\n","protected":false},"excerpt":{"rendered":"<p>Luz floral para acuario BOYU m\u00e1s vendida FL15W<\/p>\n","protected":false},"featured_media":3869,"comment_status":"open","ping_status":"closed","template":"","meta":[],"product_brand":[],"product_cat":[999],"product_tag":[],"class_list":{"0":"post-28570","1":"product","2":"type-product","3":"status-publish","4":"has-post-thumbnail","6":"product_cat-filtros-de-acuario","8":"first","9":"instock","10":"shipping-taxable","11":"purchasable","12":"product-type-simple"},"_links":{"self":[{"href":"https:\/\/www.myaquastore.com\/es\/wp-json\/wp\/v2\/product\/28570","targetHints":{"allow":["GET"]}}],"collection":[{"href":"https:\/\/www.myaquastore.com\/es\/wp-json\/wp\/v2\/product"}],"about":[{"href":"https:\/\/www.myaquastore.com\/es\/wp-json\/wp\/v2\/types\/product"}],"replies":[{"embeddable":true,"href":"https:\/\/www.myaquastore.com\/es\/wp-json\/wp\/v2\/comments?post=28570"}],"wp:featuredmedia":[{"embeddable":true,"href":"https:\/\/www.myaquastore.com\/es\/wp-json\/wp\/v2\/media\/3869"}],"wp:attachment":[{"href":"https:\/\/www.myaquastore.com\/es\/wp-json\/wp\/v2\/media?parent=28570"}],"wp:term":[{"taxonomy":"product_brand","embeddable":true,"href":"https:\/\/www.myaquastore.com\/es\/wp-json\/wp\/v2\/product_brand?post=28570"},{"taxonomy":"product_cat","embeddable":true,"href":"https:\/\/www.myaquastore.com\/es\/wp-json\/wp\/v2\/product_cat?post=28570"},{"taxonomy":"product_tag","embeddable":true,"href":"https:\/\/www.myaquastore.com\/es\/wp-json\/wp\/v2\/product_tag?post=28570"}],"curies":[{"name":"wp","href":"https:\/\/api.w.org\/{rel}","templated":true}]}}