{"id":28572,"date":"2016-09-25T23:28:05","date_gmt":"2016-09-25T23:28:05","guid":{"rendered":"https:\/\/www.myaquastore.com\/product\/promocion-boyu-acuario-luz-floral-25w-fl25\/"},"modified":"2025-03-16T06:56:27","modified_gmt":"2025-03-16T06:56:27","slug":"promocion-boyu-acuario-luz-floral-25w-fl25","status":"publish","type":"product","link":"https:\/\/www.myaquastore.com\/es\/producto\/promocion-boyu-acuario-luz-floral-25w-fl25\/","title":{"rendered":"Promoci\u00f3n BOYU acuario luz floral 25W FL25"},"content":{"rendered":"<article class=\"article richtext richtext-detail AE:disable\" id=\"richTextContainer\">\n<div style=\"clear:both\">\n<p><span style=\"font-size: 24px;font-family: 'times new roman', times\"> promoci\u00f3n BOYU acuario luz floral 25W FL25 <\/span><\/p>\n<p><span style=\"font-size: 24px;font-family: 'times new romano', tiempos\">1. <span style=\"color: #333333\">imita el espectro solar natural, proporciona una temperatura de color de 7500k y su cresta de onda se ubica en la parte azul del espectro, por lo que la luz es muy brillante, lo que puede satisfacer completamente la demanda de la fotos\u00edntesis de las plantas y, por lo tanto, podr\u00e1 proporcionar un entorno de crecimiento m\u00e1s ideal para las plantas.<br \/><span style=\"color: #000066\">2.Adecuado gama:<\/span> cultivo de vidrio soluble e iluminaci\u00f3n de plantas para caja de animales acu\u00e1ticos<\/span><\/span><\/p>\n<p><span style=\"font-size: 24px;font-family: 'times new roman', times\">3.embalaje: 100 piezas\/caja<\/span><\/p>\n<div style=\"clear:both\"><\/article>\n","protected":false},"excerpt":{"rendered":"<p>Promoci\u00f3n BOYU acuario luz floral 25W FL25<\/p>\n","protected":false},"featured_media":3873,"comment_status":"open","ping_status":"closed","template":"","meta":[],"product_brand":[],"product_cat":[999],"product_tag":[],"class_list":{"0":"post-28572","1":"product","2":"type-product","3":"status-publish","4":"has-post-thumbnail","6":"product_cat-filtros-de-acuario","8":"first","9":"instock","10":"shipping-taxable","11":"purchasable","12":"product-type-simple"},"_links":{"self":[{"href":"https:\/\/www.myaquastore.com\/es\/wp-json\/wp\/v2\/product\/28572","targetHints":{"allow":["GET"]}}],"collection":[{"href":"https:\/\/www.myaquastore.com\/es\/wp-json\/wp\/v2\/product"}],"about":[{"href":"https:\/\/www.myaquastore.com\/es\/wp-json\/wp\/v2\/types\/product"}],"replies":[{"embeddable":true,"href":"https:\/\/www.myaquastore.com\/es\/wp-json\/wp\/v2\/comments?post=28572"}],"wp:featuredmedia":[{"embeddable":true,"href":"https:\/\/www.myaquastore.com\/es\/wp-json\/wp\/v2\/media\/3873"}],"wp:attachment":[{"href":"https:\/\/www.myaquastore.com\/es\/wp-json\/wp\/v2\/media?parent=28572"}],"wp:term":[{"taxonomy":"product_brand","embeddable":true,"href":"https:\/\/www.myaquastore.com\/es\/wp-json\/wp\/v2\/product_brand?post=28572"},{"taxonomy":"product_cat","embeddable":true,"href":"https:\/\/www.myaquastore.com\/es\/wp-json\/wp\/v2\/product_cat?post=28572"},{"taxonomy":"product_tag","embeddable":true,"href":"https:\/\/www.myaquastore.com\/es\/wp-json\/wp\/v2\/product_tag?post=28572"}],"curies":[{"name":"wp","href":"https:\/\/api.w.org\/{rel}","templated":true}]}}