{"id":28640,"date":"2016-09-25T23:28:07","date_gmt":"2016-09-25T23:28:07","guid":{"rendered":"https:\/\/www.myaquastore.com\/product\/poster-de-imagen-de-fondo-de-acuario-de-plastico-impermeable-j67\/"},"modified":"2025-03-16T06:56:41","modified_gmt":"2025-03-16T06:56:41","slug":"poster-de-imagen-de-fondo-de-acuario-de-plastico-impermeable-j67","status":"publish","type":"product","link":"https:\/\/www.myaquastore.com\/es\/producto\/poster-de-imagen-de-fondo-de-acuario-de-plastico-impermeable-j67\/","title":{"rendered":"P\u00f3ster de imagen de fondo de acuario de pl\u00e1stico impermeable J67"},"content":{"rendered":"<article class=\"article richtext richtext-detail AE:disable\" id=\"richTextContainer\">\n<div style=\"clear:both\">\n<p><span style=\"font-family: 'times new roman', times;font-size: 24px\"> p\u00f3ster con imagen de fondo de acuario de pl\u00e1stico impermeable J67 <\/span><\/p>\n<div>\n<p><span style=\"font-family: 'times new roman', times;font-size: 24px\">1) tama\u00f1o: 30 cm &#8212; 80 cm y 15 o 25 m por paquete, los precios son diferentes seg\u00fan los tama\u00f1os, cont\u00e1ctenos para referencia<\/span><br \/><span style=\"font-family: 'times new roman', times;font-size: 24px\">2) materia prima: pl\u00e1stico<\/span><br \/><span style=\"font-family: 'times new roman', times;font-size: 24px\">3)Fondo de pl\u00e1stico \u00fanico<\/span><\/p>\n<p><span style=\"font-family: 'times new roman', times;font-size: 24px\">4)es adecuado para el hogar de peces de acuario <\/span><br \/><span style=\"font-family: 'times new roman', times;24px\">5)9rollos\/caja<\/span><\/p>\n<\/div>\n<div style=\"clear:both\"><\/article>\n","protected":false},"excerpt":{"rendered":"<p>P\u00f3ster de imagen de fondo de acuario de pl\u00e1stico impermeable J67<\/p>\n","protected":false},"featured_media":4006,"comment_status":"open","ping_status":"closed","template":"","meta":[],"product_brand":[],"product_cat":[999],"product_tag":[],"class_list":{"0":"post-28640","1":"product","2":"type-product","3":"status-publish","4":"has-post-thumbnail","6":"product_cat-filtros-de-acuario","8":"first","9":"instock","10":"shipping-taxable","11":"purchasable","12":"product-type-simple"},"_links":{"self":[{"href":"https:\/\/www.myaquastore.com\/es\/wp-json\/wp\/v2\/product\/28640","targetHints":{"allow":["GET"]}}],"collection":[{"href":"https:\/\/www.myaquastore.com\/es\/wp-json\/wp\/v2\/product"}],"about":[{"href":"https:\/\/www.myaquastore.com\/es\/wp-json\/wp\/v2\/types\/product"}],"replies":[{"embeddable":true,"href":"https:\/\/www.myaquastore.com\/es\/wp-json\/wp\/v2\/comments?post=28640"}],"wp:featuredmedia":[{"embeddable":true,"href":"https:\/\/www.myaquastore.com\/es\/wp-json\/wp\/v2\/media\/4006"}],"wp:attachment":[{"href":"https:\/\/www.myaquastore.com\/es\/wp-json\/wp\/v2\/media?parent=28640"}],"wp:term":[{"taxonomy":"product_brand","embeddable":true,"href":"https:\/\/www.myaquastore.com\/es\/wp-json\/wp\/v2\/product_brand?post=28640"},{"taxonomy":"product_cat","embeddable":true,"href":"https:\/\/www.myaquastore.com\/es\/wp-json\/wp\/v2\/product_cat?post=28640"},{"taxonomy":"product_tag","embeddable":true,"href":"https:\/\/www.myaquastore.com\/es\/wp-json\/wp\/v2\/product_tag?post=28640"}],"curies":[{"name":"wp","href":"https:\/\/api.w.org\/{rel}","templated":true}]}}