{"id":28646,"date":"2016-09-25T23:28:07","date_gmt":"2016-09-25T23:28:07","guid":{"rendered":"https:\/\/www.myaquastore.com\/product\/imagen-de-fondo-de-acuario-de-plastico-impermeable-j59\/"},"modified":"2025-03-16T06:56:42","modified_gmt":"2025-03-16T06:56:42","slug":"imagen-de-fondo-de-acuario-de-plastico-impermeable-j59","status":"publish","type":"product","link":"https:\/\/www.myaquastore.com\/es\/producto\/imagen-de-fondo-de-acuario-de-plastico-impermeable-j59\/","title":{"rendered":"Imagen de fondo de acuario de pl\u00e1stico impermeable J59"},"content":{"rendered":"<article class=\"article richtext richtext-detail AE:disable\" id=\"richTextContainer\">\n<h2 class=\"article-title\">Especificaciones<\/h2>\n<div style=\"clear:both\"> imagen de fondo de acuario de pl\u00e1stico impermeable J59 <br \/>1.pl\u00e1stico impermeable <br \/>2.es adecuado para peces de acuario en casa <\/p>\n<div style=\"clear:both\">\n<p><span style=\"font-size: 18pt\"><span style=\"font-family: Times New Roman\">imagen de fondo de acuario de pl\u00e1stico impermeable J59<\/span><\/span><\/p>\n<div>\n<p><span style=\"font-size: 18pt\"><span style=\"font-family: Times New Roman\">1) tama\u00f1o: 30 cm &#8212; 80 cm y 15 o 25 m por paquete, los precios son diferentes seg\u00fan los tama\u00f1os, cont\u00e1ctenos para referencia <br \/>2) materia prima: pl\u00e1stico<br \/>3) Fondo de pl\u00e1stico simple<\/span><\/span><\/p>\n<p><span style=\"font-size: 18pt\"><span style=\"font-family: Times New Roman\">4)es adecuado para peces de acuario en casa <br \/>5)9 rollos\/caja<\/span><\/span><\/p>\n<\/div>\n<div style=\"clear:both\"><\/article>\n","protected":false},"excerpt":{"rendered":"<p>Imagen de fondo de acuario de pl\u00e1stico impermeable J59<\/p>\n","protected":false},"featured_media":4018,"comment_status":"open","ping_status":"closed","template":"","meta":[],"product_brand":[],"product_cat":[999],"product_tag":[],"class_list":{"0":"post-28646","1":"product","2":"type-product","3":"status-publish","4":"has-post-thumbnail","6":"product_cat-filtros-de-acuario","8":"first","9":"instock","10":"shipping-taxable","11":"purchasable","12":"product-type-simple"},"_links":{"self":[{"href":"https:\/\/www.myaquastore.com\/es\/wp-json\/wp\/v2\/product\/28646","targetHints":{"allow":["GET"]}}],"collection":[{"href":"https:\/\/www.myaquastore.com\/es\/wp-json\/wp\/v2\/product"}],"about":[{"href":"https:\/\/www.myaquastore.com\/es\/wp-json\/wp\/v2\/types\/product"}],"replies":[{"embeddable":true,"href":"https:\/\/www.myaquastore.com\/es\/wp-json\/wp\/v2\/comments?post=28646"}],"wp:featuredmedia":[{"embeddable":true,"href":"https:\/\/www.myaquastore.com\/es\/wp-json\/wp\/v2\/media\/4018"}],"wp:attachment":[{"href":"https:\/\/www.myaquastore.com\/es\/wp-json\/wp\/v2\/media?parent=28646"}],"wp:term":[{"taxonomy":"product_brand","embeddable":true,"href":"https:\/\/www.myaquastore.com\/es\/wp-json\/wp\/v2\/product_brand?post=28646"},{"taxonomy":"product_cat","embeddable":true,"href":"https:\/\/www.myaquastore.com\/es\/wp-json\/wp\/v2\/product_cat?post=28646"},{"taxonomy":"product_tag","embeddable":true,"href":"https:\/\/www.myaquastore.com\/es\/wp-json\/wp\/v2\/product_tag?post=28646"}],"curies":[{"name":"wp","href":"https:\/\/api.w.org\/{rel}","templated":true}]}}