{"id":28741,"date":"2016-09-25T23:28:10","date_gmt":"2016-09-25T23:28:10","guid":{"rendered":"https:\/\/www.myaquastore.com\/product\/bomba-para-estanque-jebao-eco-koi-kf22000\/"},"modified":"2025-03-16T06:57:02","modified_gmt":"2025-03-16T06:57:02","slug":"bomba-para-estanque-jebao-eco-koi-kf22000","status":"publish","type":"product","link":"https:\/\/www.myaquastore.com\/es\/producto\/bomba-para-estanque-jebao-eco-koi-kf22000\/","title":{"rendered":"Bomba para estanque Jebao eco koi KF22000"},"content":{"rendered":"<article class=\"article richtext richtext-detail AE:disable\" id=\"richTextContainer\">\n<h2 class=\"article-title\">Especificaciones<\/h2>\n<div style=\"clear:both\"> Bomba para estanque Jebao eco koi KF22000 <br \/>1 ahorro de energ\u00eda 50% <br \/>2 cabezales de bomba altos y mayor flujo <br \/>3 larga vida \u00fatil <br \/>4 bombas de part\u00edculas de 6 mm <\/p>\n<div style=\"clear:both\">\n<p>Bomba para estanque Jebao eco koi KF22000<\/p>\n<p>1.Motor as\u00edncrono est\u00e1ndar de alto rendimiento con nuevo dise\u00f1o y ahorro de energ\u00eda de hasta un 50% que antes.<br \/>2.Cabezales de bomba altos y mayor flujo<br \/>3.Puede bombear part\u00edculas de suciedad de hasta 6 mm<br \/>4.Adopta un eje cer\u00e1mico a prueba de desgaste que se puede utilizar durante m\u00e1s tiempo.<\/p>\n<div><\/article>\n","protected":false},"excerpt":{"rendered":"<p>Bomba para estanque Jebao eco koi KF22000<\/p>\n","protected":false},"featured_media":4204,"comment_status":"open","ping_status":"closed","template":"","meta":[],"product_brand":[],"product_cat":[999],"product_tag":[],"class_list":{"0":"post-28741","1":"product","2":"type-product","3":"status-publish","4":"has-post-thumbnail","6":"product_cat-filtros-de-acuario","8":"first","9":"instock","10":"shipping-taxable","11":"purchasable","12":"product-type-simple"},"_links":{"self":[{"href":"https:\/\/www.myaquastore.com\/es\/wp-json\/wp\/v2\/product\/28741","targetHints":{"allow":["GET"]}}],"collection":[{"href":"https:\/\/www.myaquastore.com\/es\/wp-json\/wp\/v2\/product"}],"about":[{"href":"https:\/\/www.myaquastore.com\/es\/wp-json\/wp\/v2\/types\/product"}],"replies":[{"embeddable":true,"href":"https:\/\/www.myaquastore.com\/es\/wp-json\/wp\/v2\/comments?post=28741"}],"wp:featuredmedia":[{"embeddable":true,"href":"https:\/\/www.myaquastore.com\/es\/wp-json\/wp\/v2\/media\/4204"}],"wp:attachment":[{"href":"https:\/\/www.myaquastore.com\/es\/wp-json\/wp\/v2\/media?parent=28741"}],"wp:term":[{"taxonomy":"product_brand","embeddable":true,"href":"https:\/\/www.myaquastore.com\/es\/wp-json\/wp\/v2\/product_brand?post=28741"},{"taxonomy":"product_cat","embeddable":true,"href":"https:\/\/www.myaquastore.com\/es\/wp-json\/wp\/v2\/product_cat?post=28741"},{"taxonomy":"product_tag","embeddable":true,"href":"https:\/\/www.myaquastore.com\/es\/wp-json\/wp\/v2\/product_tag?post=28741"}],"curies":[{"name":"wp","href":"https:\/\/api.w.org\/{rel}","templated":true}]}}