{"id":28792,"date":"2016-09-25T23:28:10","date_gmt":"2016-09-25T23:28:10","guid":{"rendered":"https:\/\/www.myaquastore.com\/product\/promocion-acuario-fuerte-limpiador-flotante-magnetico-wd-901a\/"},"modified":"2025-03-16T06:57:12","modified_gmt":"2025-03-16T06:57:12","slug":"promocion-acuario-fuerte-limpiador-flotante-magnetico-wd-901a","status":"publish","type":"product","link":"https:\/\/www.myaquastore.com\/es\/producto\/promocion-acuario-fuerte-limpiador-flotante-magnetico-wd-901a\/","title":{"rendered":"Promoci\u00f3n acuario fuerte limpiador flotante magn\u00e9tico WD-901A"},"content":{"rendered":"<article class=\"article richtext richtext-detail AE:disable\" id=\"richTextContainer\">\n<div style=\"clear:both\">\n<p><span style=\"font-family: 'times new roman', times;font-size: 24px\"> promoci\u00f3n limpiador flotante magn\u00e9tico fuerte para acuarios WD-901A <\/span><\/p>\n<p><span style=\"font-family: 'times new roman', times;font-size: 24px\">1. Dise\u00f1o especial y vida duradera.<\/span><\/p>\n<p><span style=\"font-family: 'times new roman', times;font-size: 24px\">2. F\u00e1cil y c\u00f3modo de usar, con buena capacidad de absorci\u00f3n y poderosa atracci\u00f3n magn\u00e9tica.<\/span><\/p>\n<p><span style=\"font-family: 'times new roman', times;font-size: 24px\">3. Limpia los l\u00edquenes del acuario y no da\u00f1a el cristal<\/span><\/p>\n<p><span style=\"font-family: 'times new roman', times;font-size: 24px\">4. El im\u00e1n interior se mantiene autom\u00e1ticamente vertical en el fondo del acuario y es f\u00e1cil de recuperar cuando el im\u00e1n exterior se desprende.<\/span><\/p>\n<p><span style=\"font-family: 'times new roman', times;font-size: 24px\">5. Puede medir la temperatura del agua en cualquier punto del acuario. El alcance de la medida es amplio y la velocidad de respuesta es r\u00e1pida.<\/span><\/p>\n<div style=\"clear:both\"><\/article>\n","protected":false},"excerpt":{"rendered":"<p>Promoci\u00f3n acuario fuerte limpiador flotante magn\u00e9tico WD-901A<\/p>\n","protected":false},"featured_media":4299,"comment_status":"open","ping_status":"closed","template":"","meta":[],"product_brand":[],"product_cat":[999],"product_tag":[],"class_list":{"0":"post-28792","1":"product","2":"type-product","3":"status-publish","4":"has-post-thumbnail","6":"product_cat-filtros-de-acuario","8":"first","9":"instock","10":"shipping-taxable","11":"purchasable","12":"product-type-simple"},"_links":{"self":[{"href":"https:\/\/www.myaquastore.com\/es\/wp-json\/wp\/v2\/product\/28792","targetHints":{"allow":["GET"]}}],"collection":[{"href":"https:\/\/www.myaquastore.com\/es\/wp-json\/wp\/v2\/product"}],"about":[{"href":"https:\/\/www.myaquastore.com\/es\/wp-json\/wp\/v2\/types\/product"}],"replies":[{"embeddable":true,"href":"https:\/\/www.myaquastore.com\/es\/wp-json\/wp\/v2\/comments?post=28792"}],"wp:featuredmedia":[{"embeddable":true,"href":"https:\/\/www.myaquastore.com\/es\/wp-json\/wp\/v2\/media\/4299"}],"wp:attachment":[{"href":"https:\/\/www.myaquastore.com\/es\/wp-json\/wp\/v2\/media?parent=28792"}],"wp:term":[{"taxonomy":"product_brand","embeddable":true,"href":"https:\/\/www.myaquastore.com\/es\/wp-json\/wp\/v2\/product_brand?post=28792"},{"taxonomy":"product_cat","embeddable":true,"href":"https:\/\/www.myaquastore.com\/es\/wp-json\/wp\/v2\/product_cat?post=28792"},{"taxonomy":"product_tag","embeddable":true,"href":"https:\/\/www.myaquastore.com\/es\/wp-json\/wp\/v2\/product_tag?post=28792"}],"curies":[{"name":"wp","href":"https:\/\/api.w.org\/{rel}","templated":true}]}}