{"id":28840,"date":"2016-09-25T23:28:12","date_gmt":"2016-09-25T23:28:12","guid":{"rendered":"https:\/\/www.myaquastore.com\/product\/calentador-de-vidrio-para-acuario-boyu-el-mas-vendido-ht8100\/"},"modified":"2025-03-16T06:57:21","modified_gmt":"2025-03-16T06:57:21","slug":"calentador-de-vidrio-para-acuario-boyu-el-mas-vendido-ht8100","status":"publish","type":"product","link":"https:\/\/www.myaquastore.com\/es\/producto\/calentador-de-vidrio-para-acuario-boyu-el-mas-vendido-ht8100\/","title":{"rendered":"Calentador de vidrio para acuario BOYU, el m\u00e1s vendido, HT8100"},"content":{"rendered":"<article class=\"article richtext richtext-detail AE:disable\" id=\"richTextContainer\">\n<div style=\"clear:both\">\n<p><span style=\"font-family: 'times new roman', times;font-size: 24px\"> calentador de vidrio para acuario BOYU HT8100, el m\u00e1s vendido <\/span><\/p>\n<p><span style=\"font-family: 'times new roman', times;font-size: 24px\">1.calentador de sello<\/span><\/p>\n<p><span style=\"font-family: 'times new roman', times;font-size: 24px\">2. Antiexplosi\u00f3n<\/span><br \/><span style=\"font-family: 'times new roman', times;font-size: 24px\">3.Temperatura confiable y f\u00e1cil lectura<\/span><\/p>\n<p><span style=\"font-family: 'times new roman', times;font-size: 24px\">4.sumergible.<\/span><\/p>\n<p><span style=\"font-family: 'times new roman', times;font-size: 24px\">5.Calibrado en agua<\/span><\/p>\n<p><span style=\"font-family: 'times new roman', times;font-size: 24px\">6.embalaje: 48 piezas por caja<\/span><\/p>\n<p>&lt;span style=&quot;font-family: &#039;times new roman&#039;, times; Se aplica el tipo sumergible, el tubo no se quemar\u00e1 si el agua no excede el nivel de advertencia, el calentador se puede colocar en cualquier \u00e1ngulo y el controlador de temperatura superior es f\u00e1cil de operar.<\/span><\/p>\n<\/p>\n<div style=\"clear:both\"><\/article>\n","protected":false},"excerpt":{"rendered":"<p>Calentador de vidrio para acuario BOYU, el m\u00e1s vendido, HT8100<\/p>\n","protected":false},"featured_media":4392,"comment_status":"open","ping_status":"closed","template":"","meta":[],"product_brand":[],"product_cat":[999],"product_tag":[],"class_list":{"0":"post-28840","1":"product","2":"type-product","3":"status-publish","4":"has-post-thumbnail","6":"product_cat-filtros-de-acuario","8":"first","9":"instock","10":"shipping-taxable","11":"purchasable","12":"product-type-simple"},"_links":{"self":[{"href":"https:\/\/www.myaquastore.com\/es\/wp-json\/wp\/v2\/product\/28840","targetHints":{"allow":["GET"]}}],"collection":[{"href":"https:\/\/www.myaquastore.com\/es\/wp-json\/wp\/v2\/product"}],"about":[{"href":"https:\/\/www.myaquastore.com\/es\/wp-json\/wp\/v2\/types\/product"}],"replies":[{"embeddable":true,"href":"https:\/\/www.myaquastore.com\/es\/wp-json\/wp\/v2\/comments?post=28840"}],"wp:featuredmedia":[{"embeddable":true,"href":"https:\/\/www.myaquastore.com\/es\/wp-json\/wp\/v2\/media\/4392"}],"wp:attachment":[{"href":"https:\/\/www.myaquastore.com\/es\/wp-json\/wp\/v2\/media?parent=28840"}],"wp:term":[{"taxonomy":"product_brand","embeddable":true,"href":"https:\/\/www.myaquastore.com\/es\/wp-json\/wp\/v2\/product_brand?post=28840"},{"taxonomy":"product_cat","embeddable":true,"href":"https:\/\/www.myaquastore.com\/es\/wp-json\/wp\/v2\/product_cat?post=28840"},{"taxonomy":"product_tag","embeddable":true,"href":"https:\/\/www.myaquastore.com\/es\/wp-json\/wp\/v2\/product_tag?post=28840"}],"curies":[{"name":"wp","href":"https:\/\/api.w.org\/{rel}","templated":true}]}}