{"id":28877,"date":"2016-09-25T23:28:12","date_gmt":"2016-09-25T23:28:12","guid":{"rendered":"https:\/\/www.myaquastore.com\/product\/skimmer-de-proteinas-para-acuario-weipro-sonpar-sa-2015\/"},"modified":"2025-03-16T06:57:29","modified_gmt":"2025-03-16T06:57:29","slug":"skimmer-de-proteinas-para-acuario-weipro-sonpar-sa-2015","status":"publish","type":"product","link":"https:\/\/www.myaquastore.com\/es\/producto\/skimmer-de-proteinas-para-acuario-weipro-sonpar-sa-2015\/","title":{"rendered":"Skimmer de prote\u00ednas para acuario WEIPRO SONPAR SA-2015"},"content":{"rendered":"<article class=\"article richtext richtext-detail AE:disable\" id=\"richTextContainer\">\n<h2 class=\"article-title\">Especificaciones<\/h2>\n<div style=\"clear:both\"> Skimmer de prote\u00ednas para acuario WEIPRO SONPAR SA-2015 <br \/>1.Imitaci\u00f3n de la zoolog\u00eda natural. <br \/>2.Calidad segura y confiable con dispositivo en el interior <\/p>\n<div style=\"clear:both\">\n<p>Desnatador de prote\u00ednas para acuario WEIPRO SONPAR SA-2015<\/p>\n<p>1. Skimmer colgante de dise\u00f1o especial para dep\u00f3sito de agua salada. <br \/>2. Dise\u00f1o del separador de v\u00f3rtice de inyecci\u00f3n de presi\u00f3n de agua, altamente dividido los<br \/>materiales da\u00f1inos del agua<br \/>3. Dise\u00f1o de doble aislamiento, combo de separaci\u00f3n y filtraci\u00f3n<br \/>4. Ajuste de control del nivel de agua<br \/>5. Adecuado para todo tipo de tanques marinos de 150-760 litros<br \/>6. El skimmer m\u00e1s vendido y elegido en el mercado reciente de China<\/p>\n<\/p>\n<div style=\"clear:both\"><\/article>\n","protected":false},"excerpt":{"rendered":"<p>Skimmer de prote\u00ednas para acuario WEIPRO SONPAR SA-2015<\/p>\n","protected":false},"featured_media":4467,"comment_status":"open","ping_status":"closed","template":"","meta":[],"product_brand":[],"product_cat":[999],"product_tag":[],"class_list":{"0":"post-28877","1":"product","2":"type-product","3":"status-publish","4":"has-post-thumbnail","6":"product_cat-filtros-de-acuario","8":"first","9":"instock","10":"shipping-taxable","11":"purchasable","12":"product-type-simple"},"_links":{"self":[{"href":"https:\/\/www.myaquastore.com\/es\/wp-json\/wp\/v2\/product\/28877","targetHints":{"allow":["GET"]}}],"collection":[{"href":"https:\/\/www.myaquastore.com\/es\/wp-json\/wp\/v2\/product"}],"about":[{"href":"https:\/\/www.myaquastore.com\/es\/wp-json\/wp\/v2\/types\/product"}],"replies":[{"embeddable":true,"href":"https:\/\/www.myaquastore.com\/es\/wp-json\/wp\/v2\/comments?post=28877"}],"wp:featuredmedia":[{"embeddable":true,"href":"https:\/\/www.myaquastore.com\/es\/wp-json\/wp\/v2\/media\/4467"}],"wp:attachment":[{"href":"https:\/\/www.myaquastore.com\/es\/wp-json\/wp\/v2\/media?parent=28877"}],"wp:term":[{"taxonomy":"product_brand","embeddable":true,"href":"https:\/\/www.myaquastore.com\/es\/wp-json\/wp\/v2\/product_brand?post=28877"},{"taxonomy":"product_cat","embeddable":true,"href":"https:\/\/www.myaquastore.com\/es\/wp-json\/wp\/v2\/product_cat?post=28877"},{"taxonomy":"product_tag","embeddable":true,"href":"https:\/\/www.myaquastore.com\/es\/wp-json\/wp\/v2\/product_tag?post=28877"}],"curies":[{"name":"wp","href":"https:\/\/api.w.org\/{rel}","templated":true}]}}