{"id":28878,"date":"2016-09-25T23:28:12","date_gmt":"2016-09-25T23:28:12","guid":{"rendered":"https:\/\/www.myaquastore.com\/product\/skimmer-de-proteinas-para-acuario-weipro-sonpar-sa-2014\/"},"modified":"2025-03-16T06:57:29","modified_gmt":"2025-03-16T06:57:29","slug":"skimmer-de-proteinas-para-acuario-weipro-sonpar-sa-2014","status":"publish","type":"product","link":"https:\/\/www.myaquastore.com\/es\/producto\/skimmer-de-proteinas-para-acuario-weipro-sonpar-sa-2014\/","title":{"rendered":"Skimmer de prote\u00ednas para acuario WEIPRO SONPAR SA-2014"},"content":{"rendered":"<article class=\"article richtext richtext-detail AE:disable\" id=\"richTextContainer\">\n<h2 class=\"article-title\">Especificaciones<\/h2>\n<div style=\"clear:both\"> Skimmer de prote\u00ednas para acuario WEIPRO SONPAR SA-2014 <br \/>1.Imitaci\u00f3n de la zoolog\u00eda natural. <br \/>2.Calidad segura y confiable con dispositivo en el interior <\/p>\n<div style=\"clear:both\">\n<p>Desnatador de prote\u00ednas para acuario WEIPRO SONPAR SA-2014<\/p>\n<ol>\n<li>Imitaci\u00f3n de la zoolog\u00eda natural.<\/li>\n<li>Calidad segura y confiable con dispositivo en el costado para evitar el sobrecalentamiento.<\/li>\n<li>Elimina de manera excelente prote\u00ednas y compuestos org\u00e1nicos.<\/li>\n<li>Monta y desmonta f\u00e1cilmente para limpieza.<\/li>\n<li>Dise\u00f1o de integraci\u00f3n, tecnolog\u00eda patentada m\u00faltiple<\/li>\n<\/ol>\n<div style=\"clear:both\"><\/article>\n","protected":false},"excerpt":{"rendered":"<p>Skimmer de prote\u00ednas para acuario WEIPRO SONPAR SA-2014<\/p>\n","protected":false},"featured_media":4469,"comment_status":"open","ping_status":"closed","template":"","meta":[],"product_brand":[],"product_cat":[999],"product_tag":[],"class_list":{"0":"post-28878","1":"product","2":"type-product","3":"status-publish","4":"has-post-thumbnail","6":"product_cat-filtros-de-acuario","8":"first","9":"instock","10":"shipping-taxable","11":"purchasable","12":"product-type-simple"},"_links":{"self":[{"href":"https:\/\/www.myaquastore.com\/es\/wp-json\/wp\/v2\/product\/28878","targetHints":{"allow":["GET"]}}],"collection":[{"href":"https:\/\/www.myaquastore.com\/es\/wp-json\/wp\/v2\/product"}],"about":[{"href":"https:\/\/www.myaquastore.com\/es\/wp-json\/wp\/v2\/types\/product"}],"replies":[{"embeddable":true,"href":"https:\/\/www.myaquastore.com\/es\/wp-json\/wp\/v2\/comments?post=28878"}],"wp:featuredmedia":[{"embeddable":true,"href":"https:\/\/www.myaquastore.com\/es\/wp-json\/wp\/v2\/media\/4469"}],"wp:attachment":[{"href":"https:\/\/www.myaquastore.com\/es\/wp-json\/wp\/v2\/media?parent=28878"}],"wp:term":[{"taxonomy":"product_brand","embeddable":true,"href":"https:\/\/www.myaquastore.com\/es\/wp-json\/wp\/v2\/product_brand?post=28878"},{"taxonomy":"product_cat","embeddable":true,"href":"https:\/\/www.myaquastore.com\/es\/wp-json\/wp\/v2\/product_cat?post=28878"},{"taxonomy":"product_tag","embeddable":true,"href":"https:\/\/www.myaquastore.com\/es\/wp-json\/wp\/v2\/product_tag?post=28878"}],"curies":[{"name":"wp","href":"https:\/\/api.w.org\/{rel}","templated":true}]}}