{"id":28907,"date":"2016-09-25T23:28:14","date_gmt":"2016-09-25T23:28:14","guid":{"rendered":"https:\/\/www.myaquastore.com\/product\/filtro-uv-sumergible-de-moda-600l-h-sobo\/"},"modified":"2025-03-16T06:57:35","modified_gmt":"2025-03-16T06:57:35","slug":"filtro-uv-sumergible-de-moda-600l-h-sobo","status":"publish","type":"product","link":"https:\/\/www.myaquastore.com\/es\/producto\/filtro-uv-sumergible-de-moda-600l-h-sobo\/","title":{"rendered":"Filtro UV sumergible de moda 600L\/H SOBO"},"content":{"rendered":"<article class=\"article richtext richtext-detail AE:disable\" id=\"richTextContainer\">\n<h2 class=\"article-title\">Especificaciones<\/h2>\n<div style=\"clear:both\"> Filtro UV sumergible de moda SOBO 600L\/H <br \/>1.tubo de vidrio de cuarzo de alta calidad, esterilizaci\u00f3n segura y resistente <br \/>2.larga vida \u00fatil <\/p>\n<div style=\"clear:both\">\n<p>L\u00e1mpara UV sumergible de moda SOBO de 600 L\/H<\/p>\n<ol>\n<li>Varios modelos y tama\u00f1os disponibles para adaptarse al tratamiento de agua de libras, estanques, natatorios, etc.<\/li>\n<li>Adopci\u00f3n de un tubo de vidrio de cuarzo de alta calidad separado del agua para mejorar la efectividad del tratamiento UV y tener una buena permeabilidad de los rayos.<\/li>\n<li>Adopci\u00f3n de radiaci\u00f3n ultravioleta UVC de alta calidad, buena esterilizaci\u00f3n y servicio prolongado vida.<\/li>\n<li>embalaje:6 piezas\/caja<\/li>\n<li>fecha de entrega:5 d\u00edas<\/li>\n<\/ol>\n<div style=\"clear:both\"><\/article>\n","protected":false},"excerpt":{"rendered":"<p>Filtro UV sumergible de moda 600L\/H SOBO<\/p>\n","protected":false},"featured_media":4527,"comment_status":"open","ping_status":"closed","template":"","meta":[],"product_brand":[],"product_cat":[999],"product_tag":[],"class_list":{"0":"post-28907","1":"product","2":"type-product","3":"status-publish","4":"has-post-thumbnail","6":"product_cat-filtros-de-acuario","8":"first","9":"instock","10":"shipping-taxable","11":"purchasable","12":"product-type-simple"},"_links":{"self":[{"href":"https:\/\/www.myaquastore.com\/es\/wp-json\/wp\/v2\/product\/28907","targetHints":{"allow":["GET"]}}],"collection":[{"href":"https:\/\/www.myaquastore.com\/es\/wp-json\/wp\/v2\/product"}],"about":[{"href":"https:\/\/www.myaquastore.com\/es\/wp-json\/wp\/v2\/types\/product"}],"replies":[{"embeddable":true,"href":"https:\/\/www.myaquastore.com\/es\/wp-json\/wp\/v2\/comments?post=28907"}],"wp:featuredmedia":[{"embeddable":true,"href":"https:\/\/www.myaquastore.com\/es\/wp-json\/wp\/v2\/media\/4527"}],"wp:attachment":[{"href":"https:\/\/www.myaquastore.com\/es\/wp-json\/wp\/v2\/media?parent=28907"}],"wp:term":[{"taxonomy":"product_brand","embeddable":true,"href":"https:\/\/www.myaquastore.com\/es\/wp-json\/wp\/v2\/product_brand?post=28907"},{"taxonomy":"product_cat","embeddable":true,"href":"https:\/\/www.myaquastore.com\/es\/wp-json\/wp\/v2\/product_cat?post=28907"},{"taxonomy":"product_tag","embeddable":true,"href":"https:\/\/www.myaquastore.com\/es\/wp-json\/wp\/v2\/product_tag?post=28907"}],"curies":[{"name":"wp","href":"https:\/\/api.w.org\/{rel}","templated":true}]}}