{"id":28978,"date":"2016-09-25T23:28:15","date_gmt":"2016-09-25T23:28:15","guid":{"rendered":"https:\/\/www.myaquastore.com\/product\/foco-moderno-sumergible-boyu-de-3w-sdl-02a\/"},"modified":"2025-03-16T06:57:51","modified_gmt":"2025-03-16T06:57:51","slug":"foco-moderno-sumergible-boyu-de-3w-sdl-02a","status":"publish","type":"product","link":"https:\/\/www.myaquastore.com\/es\/producto\/foco-moderno-sumergible-boyu-de-3w-sdl-02a\/","title":{"rendered":"Foco moderno sumergible BOYU de 3W SDL-02A"},"content":{"rendered":"<article class=\"article richtext richtext-detail AE:disable\" id=\"richTextContainer\">\n<div style=\"clear:both\">\n<p><span style=\"font-family: 'times new roman', times;font-size: 24px\"> Foco moderno sumergible BOYU de 3W SDL-02A <\/span><\/p>\n<p><span style=\"font-family: 'times new roman', times;font-size: 24px\">1. Tama\u00f1o peque\u00f1o, forma atractiva, dise\u00f1o de m\u00faltiples sellos.<\/span><br \/><span style=\"font-family: 'times new roman', times;font-size: 24px\">2. Cualquier regulaci\u00f3n de \u00e1ngulo, luz LED, alta eficiencia, produce muchos rayos de color.<\/span><br \/><span style=\"font-family: 'times new roman', times;24px\">3.Trabaja con voltaje seguro, seguro y confiable. F\u00e1cil instalaci\u00f3n y funcionamiento<\/span><\/p>\n<p><span style=\"font-family: 'times new roman', times;font-size: 24px\">4. Adecuado tanto para uso terrestre como submarino.<\/span><\/p>\n<p><span style=\"font-family: 'times new roman', times;font-size: 24px\">5.embalaje: 18 piezas\/caja<\/span><\/p>\n<div><\/article>\n","protected":false},"excerpt":{"rendered":"<p>Foco moderno sumergible BOYU de 3W SDL-02A<\/p>\n","protected":false},"featured_media":4669,"comment_status":"open","ping_status":"closed","template":"","meta":[],"product_brand":[],"product_cat":[999],"product_tag":[],"class_list":{"0":"post-28978","1":"product","2":"type-product","3":"status-publish","4":"has-post-thumbnail","6":"product_cat-filtros-de-acuario","8":"first","9":"instock","10":"shipping-taxable","11":"purchasable","12":"product-type-simple"},"_links":{"self":[{"href":"https:\/\/www.myaquastore.com\/es\/wp-json\/wp\/v2\/product\/28978","targetHints":{"allow":["GET"]}}],"collection":[{"href":"https:\/\/www.myaquastore.com\/es\/wp-json\/wp\/v2\/product"}],"about":[{"href":"https:\/\/www.myaquastore.com\/es\/wp-json\/wp\/v2\/types\/product"}],"replies":[{"embeddable":true,"href":"https:\/\/www.myaquastore.com\/es\/wp-json\/wp\/v2\/comments?post=28978"}],"wp:featuredmedia":[{"embeddable":true,"href":"https:\/\/www.myaquastore.com\/es\/wp-json\/wp\/v2\/media\/4669"}],"wp:attachment":[{"href":"https:\/\/www.myaquastore.com\/es\/wp-json\/wp\/v2\/media?parent=28978"}],"wp:term":[{"taxonomy":"product_brand","embeddable":true,"href":"https:\/\/www.myaquastore.com\/es\/wp-json\/wp\/v2\/product_brand?post=28978"},{"taxonomy":"product_cat","embeddable":true,"href":"https:\/\/www.myaquastore.com\/es\/wp-json\/wp\/v2\/product_cat?post=28978"},{"taxonomy":"product_tag","embeddable":true,"href":"https:\/\/www.myaquastore.com\/es\/wp-json\/wp\/v2\/product_tag?post=28978"}],"curies":[{"name":"wp","href":"https:\/\/api.w.org\/{rel}","templated":true}]}}