{"id":29003,"date":"2016-09-25T23:28:16","date_gmt":"2016-09-25T23:28:16","guid":{"rendered":"https:\/\/www.myaquastore.com\/product\/filtro-superior-para-acuario-atman-18w\/"},"modified":"2025-03-16T06:57:56","modified_gmt":"2025-03-16T06:57:56","slug":"filtro-superior-para-acuario-atman-18w","status":"publish","type":"product","link":"https:\/\/www.myaquastore.com\/es\/producto\/filtro-superior-para-acuario-atman-18w\/","title":{"rendered":"Filtro superior para acuario Atman 18W"},"content":{"rendered":"<article class=\"article richtext richtext-detail AE:disable\" id=\"richTextContainer\">\n<h2 class=\"article-title\">Especificaciones<\/h2>\n<div style=\"clear:both\"> Filtro superior para acuario Atman de 18 W <br \/>1 se adapta a cualquier tanque <br \/>2 se adapta a acuarios frescos y marinos <br \/>3.Bastante y duradero <br \/>4.Adici\u00f3n y filtraci\u00f3n de ox\u00edgeno <\/p>\n<div style=\"clear:both\">\n<p>Filtro superior para acuario Atman de 18 W<\/p>\n<p>1. Motor completamente sumergible<\/p>\n<p>2. Funcionamiento extremadamente silencioso y duradero.<\/p>\n<p>3. Ventosas para adaptarse a cualquier acuario.<\/p>\n<p>4. Adecuado para agua dulce y marina.<\/p>\n<p>5. Adici\u00f3n y filtraci\u00f3n de ox\u00edgeno.<\/p>\n<p>6.Embalaje: 24 piezas por caja<\/p>\n<div><\/article>\n","protected":false},"excerpt":{"rendered":"<p>Filtro superior para acuario Atman 18W<\/p>\n","protected":false},"featured_media":4719,"comment_status":"open","ping_status":"closed","template":"","meta":[],"product_brand":[],"product_cat":[999],"product_tag":[],"class_list":{"0":"post-29003","1":"product","2":"type-product","3":"status-publish","4":"has-post-thumbnail","6":"product_cat-filtros-de-acuario","8":"first","9":"instock","10":"shipping-taxable","11":"purchasable","12":"product-type-simple"},"_links":{"self":[{"href":"https:\/\/www.myaquastore.com\/es\/wp-json\/wp\/v2\/product\/29003","targetHints":{"allow":["GET"]}}],"collection":[{"href":"https:\/\/www.myaquastore.com\/es\/wp-json\/wp\/v2\/product"}],"about":[{"href":"https:\/\/www.myaquastore.com\/es\/wp-json\/wp\/v2\/types\/product"}],"replies":[{"embeddable":true,"href":"https:\/\/www.myaquastore.com\/es\/wp-json\/wp\/v2\/comments?post=29003"}],"wp:featuredmedia":[{"embeddable":true,"href":"https:\/\/www.myaquastore.com\/es\/wp-json\/wp\/v2\/media\/4719"}],"wp:attachment":[{"href":"https:\/\/www.myaquastore.com\/es\/wp-json\/wp\/v2\/media?parent=29003"}],"wp:term":[{"taxonomy":"product_brand","embeddable":true,"href":"https:\/\/www.myaquastore.com\/es\/wp-json\/wp\/v2\/product_brand?post=29003"},{"taxonomy":"product_cat","embeddable":true,"href":"https:\/\/www.myaquastore.com\/es\/wp-json\/wp\/v2\/product_cat?post=29003"},{"taxonomy":"product_tag","embeddable":true,"href":"https:\/\/www.myaquastore.com\/es\/wp-json\/wp\/v2\/product_tag?post=29003"}],"curies":[{"name":"wp","href":"https:\/\/api.w.org\/{rel}","templated":true}]}}