{"id":29007,"date":"2016-09-25T23:28:16","date_gmt":"2016-09-25T23:28:16","guid":{"rendered":"https:\/\/www.myaquastore.com\/product\/filtro-interno-de-acuario-atman-de-42-w-mas-vendido-sif500\/"},"modified":"2025-03-16T06:57:57","modified_gmt":"2025-03-16T06:57:57","slug":"filtro-interno-de-acuario-atman-de-42-w-mas-vendido-sif500","status":"publish","type":"product","link":"https:\/\/www.myaquastore.com\/es\/producto\/filtro-interno-de-acuario-atman-de-42-w-mas-vendido-sif500\/","title":{"rendered":"Filtro interno de acuario Atman de 4,2 W m\u00e1s vendido SIF500"},"content":{"rendered":"<article class=\"article richtext richtext-detail AE:disable\" id=\"richTextContainer\">\n<div style=\"clear:both\">\n<p><span style=\"font-family: 'times new roman', times;font-size: 24px\"> filtro interno de acuario Atman de 4,2 W SIF500 m\u00e1s vendido <\/span><\/p>\n<p><span style=\"font-family: 'times new roman', times\">1. Sistema de filtraci\u00f3n mec\u00e1nica, qu\u00edmica y biol\u00f3gica<\/span><br \/><span style=\"font-family: 'times new roman', times;font-size: 24px\">2. Ideal para acuarios de agua dulce y marinos<\/span><\/p>\n<p><span style=\"font-family: 'times new roman', times;font-size: 24px\">3.medidas:50&#215;34.5&#215;26.3cm<\/span><\/p>\n<p><span style=\"font-family: 'times new roman', times;font-size: 24px\">4.embalaje: 15 piezas por caja de cart\u00f3n<\/span><\/p>\n<p><span style=\"font-family: 'times new roman', times;font-size: 24px\">5.flujo m\u00e1ximo: 168L\/H<\/span><\/p>\n<div style=\"clear:both\"><\/article>\n","protected":false},"excerpt":{"rendered":"<p>Filtro interno de acuario Atman de 4,2 W m\u00e1s vendido SIF500<\/p>\n","protected":false},"featured_media":4727,"comment_status":"open","ping_status":"closed","template":"","meta":[],"product_brand":[],"product_cat":[999],"product_tag":[],"class_list":{"0":"post-29007","1":"product","2":"type-product","3":"status-publish","4":"has-post-thumbnail","6":"product_cat-filtros-de-acuario","8":"first","9":"instock","10":"shipping-taxable","11":"purchasable","12":"product-type-simple"},"_links":{"self":[{"href":"https:\/\/www.myaquastore.com\/es\/wp-json\/wp\/v2\/product\/29007","targetHints":{"allow":["GET"]}}],"collection":[{"href":"https:\/\/www.myaquastore.com\/es\/wp-json\/wp\/v2\/product"}],"about":[{"href":"https:\/\/www.myaquastore.com\/es\/wp-json\/wp\/v2\/types\/product"}],"replies":[{"embeddable":true,"href":"https:\/\/www.myaquastore.com\/es\/wp-json\/wp\/v2\/comments?post=29007"}],"wp:featuredmedia":[{"embeddable":true,"href":"https:\/\/www.myaquastore.com\/es\/wp-json\/wp\/v2\/media\/4727"}],"wp:attachment":[{"href":"https:\/\/www.myaquastore.com\/es\/wp-json\/wp\/v2\/media?parent=29007"}],"wp:term":[{"taxonomy":"product_brand","embeddable":true,"href":"https:\/\/www.myaquastore.com\/es\/wp-json\/wp\/v2\/product_brand?post=29007"},{"taxonomy":"product_cat","embeddable":true,"href":"https:\/\/www.myaquastore.com\/es\/wp-json\/wp\/v2\/product_cat?post=29007"},{"taxonomy":"product_tag","embeddable":true,"href":"https:\/\/www.myaquastore.com\/es\/wp-json\/wp\/v2\/product_tag?post=29007"}],"curies":[{"name":"wp","href":"https:\/\/api.w.org\/{rel}","templated":true}]}}