{"id":29012,"date":"2016-09-25T23:28:16","date_gmt":"2016-09-25T23:28:16","guid":{"rendered":"https:\/\/www.myaquastore.com\/product\/filtro-colgante-atman-hf0300\/"},"modified":"2025-03-16T06:57:58","modified_gmt":"2025-03-16T06:57:58","slug":"filtro-colgante-atman-hf0300","status":"publish","type":"product","link":"https:\/\/www.myaquastore.com\/es\/producto\/filtro-colgante-atman-hf0300\/","title":{"rendered":"Filtro colgante Atman HF0300"},"content":{"rendered":"<article class=\"article richtext richtext-detail AE:disable\" id=\"richTextContainer\">\n<h2 class=\"article-title\">Especificaciones<\/h2>\n<div style=\"clear:both\"> Biofiltro de grava Atman HF0300 <br \/>1 Filtraci\u00f3n mec\u00e1nica, qu\u00edmica y biol\u00f3gica <br \/>2 Ideal para acuarios de agua dulce y marinos <\/p>\n<div style=\"clear:both\">\n<p> Atman Biofiltro bajo grava HF0300<\/p>\n<p>1. Sistema de filtraci\u00f3n mec\u00e1nica, qu\u00edmica y biol\u00f3gica<br \/>2 Ideal para acuarios de agua dulce y marinos<\/p>\n<p>3 Medidas:34,8&#215;33,2&#215;33,6cm<\/p>\n<p>4 embalaje:12 piezas\/caja<\/p>\n<p>5 flujo m\u00e1ximo:300L\/H<\/p>\n<div style=\"clear:both\"><\/article>\n","protected":false},"excerpt":{"rendered":"<p>Filtro colgante Atman HF0300<\/p>\n","protected":false},"featured_media":4737,"comment_status":"open","ping_status":"closed","template":"","meta":[],"product_brand":[],"product_cat":[999],"product_tag":[],"class_list":{"0":"post-29012","1":"product","2":"type-product","3":"status-publish","4":"has-post-thumbnail","6":"product_cat-filtros-de-acuario","8":"first","9":"instock","10":"shipping-taxable","11":"purchasable","12":"product-type-simple"},"_links":{"self":[{"href":"https:\/\/www.myaquastore.com\/es\/wp-json\/wp\/v2\/product\/29012","targetHints":{"allow":["GET"]}}],"collection":[{"href":"https:\/\/www.myaquastore.com\/es\/wp-json\/wp\/v2\/product"}],"about":[{"href":"https:\/\/www.myaquastore.com\/es\/wp-json\/wp\/v2\/types\/product"}],"replies":[{"embeddable":true,"href":"https:\/\/www.myaquastore.com\/es\/wp-json\/wp\/v2\/comments?post=29012"}],"wp:featuredmedia":[{"embeddable":true,"href":"https:\/\/www.myaquastore.com\/es\/wp-json\/wp\/v2\/media\/4737"}],"wp:attachment":[{"href":"https:\/\/www.myaquastore.com\/es\/wp-json\/wp\/v2\/media?parent=29012"}],"wp:term":[{"taxonomy":"product_brand","embeddable":true,"href":"https:\/\/www.myaquastore.com\/es\/wp-json\/wp\/v2\/product_brand?post=29012"},{"taxonomy":"product_cat","embeddable":true,"href":"https:\/\/www.myaquastore.com\/es\/wp-json\/wp\/v2\/product_cat?post=29012"},{"taxonomy":"product_tag","embeddable":true,"href":"https:\/\/www.myaquastore.com\/es\/wp-json\/wp\/v2\/product_tag?post=29012"}],"curies":[{"name":"wp","href":"https:\/\/api.w.org\/{rel}","templated":true}]}}