{"id":29017,"date":"2016-09-25T23:28:16","date_gmt":"2016-09-25T23:28:16","guid":{"rendered":"https:\/\/www.myaquastore.com\/product\/filtro-interno-para-acuario-atman-at883\/"},"modified":"2025-03-16T06:58:00","modified_gmt":"2025-03-16T06:58:00","slug":"filtro-interno-para-acuario-atman-at883","status":"publish","type":"product","link":"https:\/\/www.myaquastore.com\/es\/producto\/filtro-interno-para-acuario-atman-at883\/","title":{"rendered":"Filtro interno para acuario Atman AT883"},"content":{"rendered":"<article class=\"article richtext richtext-detail AE:disable\" id=\"richTextContainer\">\n<h2 class=\"article-title\">Especificaciones<\/h2>\n<div style=\"clear:both\"> Filtro interno para acuario Atman AT883 <br \/>1El agua fluye a trav\u00e9s de capas de esponja, sustrato y biobolas para filtrar <br \/>2 agrega ox\u00edgeno al agua <\/p>\n<div style=\"clear:both\">\n<p> Acuario interno Atman filtro AT883<br \/>1.Entrada principal en la superficie del agua.<\/p>\n<p>2.Entrada adicional en la parte inferior del acuario.<\/p>\n<p>3.Flujo de agua a trav\u00e9s de la capa de esponja para filtrado f\u00edsico.<\/p>\n<p>4.Flujo de agua a trav\u00e9s de la capa de sustrato para filtrado f\u00edsico.<\/p>\n<p>5.Flujo de agua a trav\u00e9s de la capa de biobola para filtrado f\u00edsico.<\/p>\n<p>6.Sif\u00f3n de flujo inferior a trav\u00e9s del sustrato para filtrado biol\u00f3gico purificaci\u00f3n.<\/p>\n<p>7.Salida giratoria con inyecci\u00f3n de aire para la direcci\u00f3n deseada de la corriente y<\/p>\n<p>movimiento de la superficie y adici\u00f3n de ox\u00edgeno al agua<\/p>\n<div style=\"clear:both\"><\/article>\n","protected":false},"excerpt":{"rendered":"<p>Filtro interno para acuario Atman AT883<\/p>\n","protected":false},"featured_media":4747,"comment_status":"open","ping_status":"closed","template":"","meta":[],"product_brand":[],"product_cat":[999],"product_tag":[],"class_list":{"0":"post-29017","1":"product","2":"type-product","3":"status-publish","4":"has-post-thumbnail","6":"product_cat-filtros-de-acuario","8":"first","9":"instock","10":"shipping-taxable","11":"purchasable","12":"product-type-simple"},"_links":{"self":[{"href":"https:\/\/www.myaquastore.com\/es\/wp-json\/wp\/v2\/product\/29017","targetHints":{"allow":["GET"]}}],"collection":[{"href":"https:\/\/www.myaquastore.com\/es\/wp-json\/wp\/v2\/product"}],"about":[{"href":"https:\/\/www.myaquastore.com\/es\/wp-json\/wp\/v2\/types\/product"}],"replies":[{"embeddable":true,"href":"https:\/\/www.myaquastore.com\/es\/wp-json\/wp\/v2\/comments?post=29017"}],"wp:featuredmedia":[{"embeddable":true,"href":"https:\/\/www.myaquastore.com\/es\/wp-json\/wp\/v2\/media\/4747"}],"wp:attachment":[{"href":"https:\/\/www.myaquastore.com\/es\/wp-json\/wp\/v2\/media?parent=29017"}],"wp:term":[{"taxonomy":"product_brand","embeddable":true,"href":"https:\/\/www.myaquastore.com\/es\/wp-json\/wp\/v2\/product_brand?post=29017"},{"taxonomy":"product_cat","embeddable":true,"href":"https:\/\/www.myaquastore.com\/es\/wp-json\/wp\/v2\/product_cat?post=29017"},{"taxonomy":"product_tag","embeddable":true,"href":"https:\/\/www.myaquastore.com\/es\/wp-json\/wp\/v2\/product_tag?post=29017"}],"curies":[{"name":"wp","href":"https:\/\/api.w.org\/{rel}","templated":true}]}}