{"id":29024,"date":"2016-09-25T23:28:16","date_gmt":"2016-09-25T23:28:16","guid":{"rendered":"https:\/\/www.myaquastore.com\/product\/potente-lampara-ultravioleta-circular-atman-de-5w\/"},"modified":"2025-03-16T06:58:01","modified_gmt":"2025-03-16T06:58:01","slug":"potente-lampara-ultravioleta-circular-atman-de-5w","status":"publish","type":"product","link":"https:\/\/www.myaquastore.com\/es\/producto\/potente-lampara-ultravioleta-circular-atman-de-5w\/","title":{"rendered":"Potente l\u00e1mpara ultravioleta circular Atman de 5W"},"content":{"rendered":"<article class=\"article richtext richtext-detail AE:disable\" id=\"richTextContainer\">\n<h2 class=\"article-title\">Especificaciones<\/h2>\n<div style=\"clear:both\"> Potente l\u00e1mpara ultravioleta circular Atman de 5 W <br \/>1. Adopte vidrio de cuarzo, evite los rayos ultravioleta <br \/>2. Instale el juego de protecci\u00f3n <br \/>3. dise\u00f1o eficiente <\/p>\n<div style=\"clear:both\">\n<p>Potente l\u00e1mpara ultravioleta circular Atman de 5 W<br \/>1. Adopte vidrio de cuarzo, evitando la radiaci\u00f3n ultravioleta <br \/>2. Instale un conjunto de protecci\u00f3n, operaci\u00f3n segura<\/p>\n<p>3. La cola puede girar 360 grados, f\u00e1cil instalaci\u00f3n, el extremo de peque\u00f1os orificios est\u00e1 cubierto con rayos UV transparentes para verificar las condiciones de trabajo.<\/p>\n<p>4. Dise\u00f1o de alta eficiencia<\/p>\n<\/p>\n<div style=\"clear:both\"><\/article>\n","protected":false},"excerpt":{"rendered":"<p>Potente l\u00e1mpara ultravioleta circular Atman de 5W<\/p>\n","protected":false},"featured_media":4761,"comment_status":"open","ping_status":"closed","template":"","meta":[],"product_brand":[],"product_cat":[999],"product_tag":[],"class_list":{"0":"post-29024","1":"product","2":"type-product","3":"status-publish","4":"has-post-thumbnail","6":"product_cat-filtros-de-acuario","8":"first","9":"instock","10":"shipping-taxable","11":"purchasable","12":"product-type-simple"},"_links":{"self":[{"href":"https:\/\/www.myaquastore.com\/es\/wp-json\/wp\/v2\/product\/29024","targetHints":{"allow":["GET"]}}],"collection":[{"href":"https:\/\/www.myaquastore.com\/es\/wp-json\/wp\/v2\/product"}],"about":[{"href":"https:\/\/www.myaquastore.com\/es\/wp-json\/wp\/v2\/types\/product"}],"replies":[{"embeddable":true,"href":"https:\/\/www.myaquastore.com\/es\/wp-json\/wp\/v2\/comments?post=29024"}],"wp:featuredmedia":[{"embeddable":true,"href":"https:\/\/www.myaquastore.com\/es\/wp-json\/wp\/v2\/media\/4761"}],"wp:attachment":[{"href":"https:\/\/www.myaquastore.com\/es\/wp-json\/wp\/v2\/media?parent=29024"}],"wp:term":[{"taxonomy":"product_brand","embeddable":true,"href":"https:\/\/www.myaquastore.com\/es\/wp-json\/wp\/v2\/product_brand?post=29024"},{"taxonomy":"product_cat","embeddable":true,"href":"https:\/\/www.myaquastore.com\/es\/wp-json\/wp\/v2\/product_cat?post=29024"},{"taxonomy":"product_tag","embeddable":true,"href":"https:\/\/www.myaquastore.com\/es\/wp-json\/wp\/v2\/product_tag?post=29024"}],"curies":[{"name":"wp","href":"https:\/\/api.w.org\/{rel}","templated":true}]}}