{"id":29030,"date":"2016-09-25T23:28:16","date_gmt":"2016-09-25T23:28:16","guid":{"rendered":"https:\/\/www.myaquastore.com\/product\/potente-compresor-de-aire-portatil-450w-hailea-aco-450\/"},"modified":"2025-03-16T07:04:03","modified_gmt":"2025-03-16T07:04:03","slug":"potente-compresor-de-aire-portatil-450w-hailea-aco-450","status":"publish","type":"product","link":"https:\/\/www.myaquastore.com\/es\/producto\/potente-compresor-de-aire-portatil-450w-hailea-aco-450\/","title":{"rendered":"Potente compresor de aire port\u00e1til 450W HAILEA ACO-450"},"content":{"rendered":"<article class=\"article richtext richtext-detail AE:disable\" id=\"richTextContainer\">\n<h2 class=\"article-title\">Especificaciones<\/h2>\n<div style=\"clear:both\"> Potente compresor de aire port\u00e1til HAILEA de 450 W ACO-450 <br \/>1.La disipaci\u00f3n de calor es m\u00e1s efectiva. <br \/>2.m\u00e1s aire <br \/>. Lubricante sin aceite <\/p>\n<div style=\"clear:both\">\n<p align=\"left\">Potente compresor de aire port\u00e1til HAILEA de 450 W ACO-450<\/p>\n<p align=\"left\"> 1. La carcasa est\u00e1 hecha de aleaci\u00f3n de aluminio ZL 102 de alta calidad con un dise\u00f1o aerodin\u00e1mico, la disipaci\u00f3n de calor es m\u00e1s efectiva.<\/p>\n<p align=\"left\">2. Impulsado por un motor magn\u00e9tico el\u00e9ctrico, adopta un movimiento rec\u00edproco en l\u00ednea recta para producir aire y tiene una estructura m\u00e1s razonable.<\/p>\n<p align=\"left\">3. Adopta el nuevo tipo de material port\u00e1til SF3 para el cilindro y el pist\u00f3n, que es de bajo consumo de energ\u00eda, gran salida de aire y alta presi\u00f3n de aire.<\/p>\n<p align=\"left\">4. Dise\u00f1o sin lubricaci\u00f3n de aceite, el aire comprimido se purifica.<\/p>\n<p align=\"left\">\n<\/p>\n<\/p>\n<div style=\"clear:both\"><\/article>\n","protected":false},"excerpt":{"rendered":"<p>Potente compresor de aire port\u00e1til 450W HAILEA ACO-450<\/p>\n","protected":false},"featured_media":4773,"comment_status":"open","ping_status":"closed","template":"","meta":[],"product_brand":[],"product_cat":[999],"product_tag":[],"class_list":{"0":"post-29030","1":"product","2":"type-product","3":"status-publish","4":"has-post-thumbnail","6":"product_cat-filtros-de-acuario","8":"first","9":"instock","10":"shipping-taxable","11":"purchasable","12":"product-type-simple"},"_links":{"self":[{"href":"https:\/\/www.myaquastore.com\/es\/wp-json\/wp\/v2\/product\/29030","targetHints":{"allow":["GET"]}}],"collection":[{"href":"https:\/\/www.myaquastore.com\/es\/wp-json\/wp\/v2\/product"}],"about":[{"href":"https:\/\/www.myaquastore.com\/es\/wp-json\/wp\/v2\/types\/product"}],"replies":[{"embeddable":true,"href":"https:\/\/www.myaquastore.com\/es\/wp-json\/wp\/v2\/comments?post=29030"}],"wp:featuredmedia":[{"embeddable":true,"href":"https:\/\/www.myaquastore.com\/es\/wp-json\/wp\/v2\/media\/4773"}],"wp:attachment":[{"href":"https:\/\/www.myaquastore.com\/es\/wp-json\/wp\/v2\/media?parent=29030"}],"wp:term":[{"taxonomy":"product_brand","embeddable":true,"href":"https:\/\/www.myaquastore.com\/es\/wp-json\/wp\/v2\/product_brand?post=29030"},{"taxonomy":"product_cat","embeddable":true,"href":"https:\/\/www.myaquastore.com\/es\/wp-json\/wp\/v2\/product_cat?post=29030"},{"taxonomy":"product_tag","embeddable":true,"href":"https:\/\/www.myaquastore.com\/es\/wp-json\/wp\/v2\/product_tag?post=29030"}],"curies":[{"name":"wp","href":"https:\/\/api.w.org\/{rel}","templated":true}]}}