{"id":29061,"date":"2016-09-25T23:28:17","date_gmt":"2016-09-25T23:28:17","guid":{"rendered":"https:\/\/www.myaquastore.com\/product\/bomba-de-aire-para-acuario-super-silenciosa-atman-cr-10-de-3w\/"},"modified":"2025-03-16T07:04:10","modified_gmt":"2025-03-16T07:04:10","slug":"bomba-de-aire-para-acuario-super-silenciosa-atman-cr-10-de-3w","status":"publish","type":"product","link":"https:\/\/www.myaquastore.com\/es\/producto\/bomba-de-aire-para-acuario-super-silenciosa-atman-cr-10-de-3w\/","title":{"rendered":"Bomba de aire para acuario s\u00faper silenciosa Atman CR-10 de 3w"},"content":{"rendered":"<article class=\"article richtext richtext-detail AE:disable\" id=\"richTextContainer\">\n<div style=\"clear:both\">\n<p><span style=\"font-family: 'times new roman', times;font-size: 24px\"> Bomba de aire para acuario s\u00faper silenciosa Atman CR-10 de 3w <\/span><\/p>\n<p><span style=\"font-family: 'times new roman', times;font-size: 24px\">1.extremadamente bajo nivel de ruido.<\/span><\/p>\n<p><span style=\"font-family: 'times new roman', times;font-size: 24px\">2 salida de aire y presi\u00f3n constantes.<\/span><\/p>\n<p><span style=\"font-family: 'times new roman', times;font-size: 24px\">3. larga vida \u00fatil y obtenci\u00f3n del mejor efecto con el menor consumo de energ\u00eda<\/span><\/p>\n<p><span style=\"font-family: 'times new roman', times;font-size: 24px\">4. Salida de aire alta<\/span><\/p>\n<p><span style=\"font-family: 'times new roman', times;font-size: 24px\">5.packing:60 piezas\/caja<\/span><\/p>\n<p><span style=\"font-family: 'times new roman', times;font-size: 24px\">6.la potencia es 3w<\/span><\/p>\n<p><span style=\"font-family: 'times new roman', times;font-size: 24px\">7.el flujo m\u00e1ximo es 1.2L\/min<\/span><\/p>\n<div><\/article>\n","protected":false},"excerpt":{"rendered":"<p>Bomba de aire para acuario s\u00faper silenciosa Atman CR-10 de 3w<\/p>\n","protected":false},"featured_media":4835,"comment_status":"open","ping_status":"closed","template":"","meta":[],"product_brand":[],"product_cat":[999],"product_tag":[],"class_list":{"0":"post-29061","1":"product","2":"type-product","3":"status-publish","4":"has-post-thumbnail","6":"product_cat-filtros-de-acuario","8":"first","9":"instock","10":"shipping-taxable","11":"purchasable","12":"product-type-simple"},"_links":{"self":[{"href":"https:\/\/www.myaquastore.com\/es\/wp-json\/wp\/v2\/product\/29061","targetHints":{"allow":["GET"]}}],"collection":[{"href":"https:\/\/www.myaquastore.com\/es\/wp-json\/wp\/v2\/product"}],"about":[{"href":"https:\/\/www.myaquastore.com\/es\/wp-json\/wp\/v2\/types\/product"}],"replies":[{"embeddable":true,"href":"https:\/\/www.myaquastore.com\/es\/wp-json\/wp\/v2\/comments?post=29061"}],"wp:featuredmedia":[{"embeddable":true,"href":"https:\/\/www.myaquastore.com\/es\/wp-json\/wp\/v2\/media\/4835"}],"wp:attachment":[{"href":"https:\/\/www.myaquastore.com\/es\/wp-json\/wp\/v2\/media?parent=29061"}],"wp:term":[{"taxonomy":"product_brand","embeddable":true,"href":"https:\/\/www.myaquastore.com\/es\/wp-json\/wp\/v2\/product_brand?post=29061"},{"taxonomy":"product_cat","embeddable":true,"href":"https:\/\/www.myaquastore.com\/es\/wp-json\/wp\/v2\/product_cat?post=29061"},{"taxonomy":"product_tag","embeddable":true,"href":"https:\/\/www.myaquastore.com\/es\/wp-json\/wp\/v2\/product_tag?post=29061"}],"curies":[{"name":"wp","href":"https:\/\/api.w.org\/{rel}","templated":true}]}}