{"id":29096,"date":"2016-09-25T23:28:18","date_gmt":"2016-09-25T23:28:18","guid":{"rendered":"https:\/\/www.myaquastore.com\/product\/luz-de-acuario-resun-fashion-pl-wl-25\/"},"modified":"2025-03-16T07:04:17","modified_gmt":"2025-03-16T07:04:17","slug":"luz-de-acuario-resun-fashion-pl-wl-25","status":"publish","type":"product","link":"https:\/\/www.myaquastore.com\/es\/producto\/luz-de-acuario-resun-fashion-pl-wl-25\/","title":{"rendered":"Luz de acuario RESUN fashion pl WL-25"},"content":{"rendered":"<article class=\"article richtext richtext-detail AE:disable\" id=\"richTextContainer\">\n<h2 class=\"article-title\">Especificaciones<\/h2>\n<div style=\"clear:both\"> Luz de acuario RESUN fashion p WL-25 <br \/>1Pl\u00e1stico de ingenier\u00eda de calidad, duradero a prueba de \u00e1cidos <br \/>2.Mejora el efecto ornamental, suficiente luz <\/p>\n<div style=\"clear:both\">\n<p> RESUN fashion pl luz de acuario WL-25<\/p>\n<p>1.Pl\u00e1stico de ingenier\u00eda de calidad, a prueba de \u00e1cidos, duradero.<\/p>\n<div>\n<p>2.Sello de goma superior, infiltraci\u00f3n impermeable.<\/p>\n<p>3. iluminaci\u00f3n suficiente.<\/p>\n<p>4. mejorar el efecto ornamental<\/p>\n<p>5.embalaje:6 piezas\/caja<\/p>\n<\/div>\n<div style=\"clear:both\"><\/article>\n","protected":false},"excerpt":{"rendered":"<p>Luz de acuario RESUN fashion pl WL-25<\/p>\n","protected":false},"featured_media":4903,"comment_status":"open","ping_status":"closed","template":"","meta":[],"product_brand":[],"product_cat":[999],"product_tag":[],"class_list":{"0":"post-29096","1":"product","2":"type-product","3":"status-publish","4":"has-post-thumbnail","6":"product_cat-filtros-de-acuario","8":"first","9":"instock","10":"shipping-taxable","11":"purchasable","12":"product-type-simple"},"_links":{"self":[{"href":"https:\/\/www.myaquastore.com\/es\/wp-json\/wp\/v2\/product\/29096","targetHints":{"allow":["GET"]}}],"collection":[{"href":"https:\/\/www.myaquastore.com\/es\/wp-json\/wp\/v2\/product"}],"about":[{"href":"https:\/\/www.myaquastore.com\/es\/wp-json\/wp\/v2\/types\/product"}],"replies":[{"embeddable":true,"href":"https:\/\/www.myaquastore.com\/es\/wp-json\/wp\/v2\/comments?post=29096"}],"wp:featuredmedia":[{"embeddable":true,"href":"https:\/\/www.myaquastore.com\/es\/wp-json\/wp\/v2\/media\/4903"}],"wp:attachment":[{"href":"https:\/\/www.myaquastore.com\/es\/wp-json\/wp\/v2\/media?parent=29096"}],"wp:term":[{"taxonomy":"product_brand","embeddable":true,"href":"https:\/\/www.myaquastore.com\/es\/wp-json\/wp\/v2\/product_brand?post=29096"},{"taxonomy":"product_cat","embeddable":true,"href":"https:\/\/www.myaquastore.com\/es\/wp-json\/wp\/v2\/product_cat?post=29096"},{"taxonomy":"product_tag","embeddable":true,"href":"https:\/\/www.myaquastore.com\/es\/wp-json\/wp\/v2\/product_tag?post=29096"}],"curies":[{"name":"wp","href":"https:\/\/api.w.org\/{rel}","templated":true}]}}