{"id":29106,"date":"2016-09-25T23:28:18","date_gmt":"2016-09-25T23:28:18","guid":{"rendered":"https:\/\/www.myaquastore.com\/product\/filtro-de-recipiente-externo-para-acuario-uv-boyu-de-11w\/"},"modified":"2025-03-16T07:04:20","modified_gmt":"2025-03-16T07:04:20","slug":"filtro-de-recipiente-externo-para-acuario-uv-boyu-de-11w","status":"publish","type":"product","link":"https:\/\/www.myaquastore.com\/es\/producto\/filtro-de-recipiente-externo-para-acuario-uv-boyu-de-11w\/","title":{"rendered":"Filtro de recipiente externo para acuario UV BOYU de 11W"},"content":{"rendered":"<article class=\"article richtext richtext-detail AE:disable\" id=\"richTextContainer\">\n<h2 class=\"article-title\">Especificaciones<\/h2>\n<div style=\"clear:both\"> Filtro de recipiente externo para acuario UV BOYU de 11 W <br \/>1. Se adapta al filtrado de peceras de agua dulce y marina <br \/> 2. F\u00e1cil de operar, <br \/> bastante 3. con UVC <\/p>\n<div style=\"clear:both\">\n<p>Filtro de recipiente externo para acuario BOYU UV de 11 W<\/p>\n<p>1. Este aparato es nuestro filtro de recipiente externo de dise\u00f1o m\u00e1s reciente. Tiene la caracter\u00edstica de alta eficiencia, gran capacidad y multifuncional: con esterilizaci\u00f3n ultravioleta incorporada. <br \/>2. Funci\u00f3n de filtrado multicapa, control de interruptor separado del esterilizador ultravioleta.<br \/>3. La entrada y salida de agua est\u00e1n integradas en el control de la v\u00e1lvula, lo que facilita el mantenimiento.<\/p>\n<p><span style=\"color: #243f7d\"><span style=\"color: #000066\"><span style=\"color: #333333\">4. Adecuado para filtrado de peceras tanto marinas como de agua dulce<\/span><\/span><\/span><\/p>\n<p><span style=\"color: #243f7d\"><span style=\"color: #000066\"><span style=\"color: #333333\">4. Integrado en bomba de gran caudal y alta calidad, silencioso mientras funciona.<br \/>6. Goma segura ??o??? aro y abrazadera de bloqueo de elevaci\u00f3n de la tapa, libre de fugas.<br \/>7. Pies de goma para reducir la vibraci\u00f3n.<\/span><\/span><\/span><\/p>\n<p><span style=\"color: #243f7d\"><span style=\"color: #000066\"><span style=\"color: #333333\">8.Con UV<\/span><\/span><\/span><\/p>\n<div style=\"clear:both\"><\/article>\n","protected":false},"excerpt":{"rendered":"<p>Filtro de recipiente externo para acuario UV BOYU de 11W<\/p>\n","protected":false},"featured_media":4923,"comment_status":"open","ping_status":"closed","template":"","meta":[],"product_brand":[],"product_cat":[999],"product_tag":[],"class_list":{"0":"post-29106","1":"product","2":"type-product","3":"status-publish","4":"has-post-thumbnail","6":"product_cat-filtros-de-acuario","8":"first","9":"instock","10":"shipping-taxable","11":"purchasable","12":"product-type-simple"},"_links":{"self":[{"href":"https:\/\/www.myaquastore.com\/es\/wp-json\/wp\/v2\/product\/29106","targetHints":{"allow":["GET"]}}],"collection":[{"href":"https:\/\/www.myaquastore.com\/es\/wp-json\/wp\/v2\/product"}],"about":[{"href":"https:\/\/www.myaquastore.com\/es\/wp-json\/wp\/v2\/types\/product"}],"replies":[{"embeddable":true,"href":"https:\/\/www.myaquastore.com\/es\/wp-json\/wp\/v2\/comments?post=29106"}],"wp:featuredmedia":[{"embeddable":true,"href":"https:\/\/www.myaquastore.com\/es\/wp-json\/wp\/v2\/media\/4923"}],"wp:attachment":[{"href":"https:\/\/www.myaquastore.com\/es\/wp-json\/wp\/v2\/media?parent=29106"}],"wp:term":[{"taxonomy":"product_brand","embeddable":true,"href":"https:\/\/www.myaquastore.com\/es\/wp-json\/wp\/v2\/product_brand?post=29106"},{"taxonomy":"product_cat","embeddable":true,"href":"https:\/\/www.myaquastore.com\/es\/wp-json\/wp\/v2\/product_cat?post=29106"},{"taxonomy":"product_tag","embeddable":true,"href":"https:\/\/www.myaquastore.com\/es\/wp-json\/wp\/v2\/product_tag?post=29106"}],"curies":[{"name":"wp","href":"https:\/\/api.w.org\/{rel}","templated":true}]}}