{"id":29114,"date":"2016-09-25T23:28:18","date_gmt":"2016-09-25T23:28:18","guid":{"rendered":"https:\/\/www.myaquastore.com\/product\/nuevo-skimmer-de-proteinas-boyu-con-bomba-dg2520\/"},"modified":"2025-03-16T07:04:21","modified_gmt":"2025-03-16T07:04:21","slug":"nuevo-skimmer-de-proteinas-boyu-con-bomba-dg2520","status":"publish","type":"product","link":"https:\/\/www.myaquastore.com\/es\/producto\/nuevo-skimmer-de-proteinas-boyu-con-bomba-dg2520\/","title":{"rendered":"Nuevo skimmer de prote\u00ednas BOYU con bomba DG2520"},"content":{"rendered":"<article class=\"article richtext richtext-detail AE:disable\" id=\"richTextContainer\">\n<h2 class=\"article-title\">Especificaciones<\/h2>\n<div style=\"clear:both\"> nuevo skimmer de prote\u00ednas BOYU con bomba DG2520 <br \/>1.Imita la zoolog\u00eda natural <br \/>2.Seguro y confiable con un dispositivo en el interior para evitar el sobrecalentamiento <\/p>\n<div style=\"clear:both\">\n<p>Nuevo skimmer de prote\u00ednas BOYU con bomba DG2520<\/p>\n<ol>\n<li>Imitaci\u00f3n de la zoolog\u00eda natural.<\/li>\n<li>Calidad segura y confiable con dispositivo en el costado para evitar el sobrecalentamiento.<\/li>\n<li>Elimina de manera excelente prote\u00ednas y compuestos org\u00e1nicos.<\/li>\n<li>Se ensambla y desmonta f\u00e1cilmente para su limpieza.<\/li>\n<li>Dise\u00f1o de integraci\u00f3n, m\u00faltiples patentes tecnolog\u00eda<\/li>\n<\/ol>\n<div style=\"clear:both\"><\/article>\n","protected":false},"excerpt":{"rendered":"<p>Nuevo skimmer de prote\u00ednas BOYU con bomba DG2520<\/p>\n","protected":false},"featured_media":4939,"comment_status":"open","ping_status":"closed","template":"","meta":[],"product_brand":[],"product_cat":[999],"product_tag":[],"class_list":{"0":"post-29114","1":"product","2":"type-product","3":"status-publish","4":"has-post-thumbnail","6":"product_cat-filtros-de-acuario","8":"first","9":"instock","10":"shipping-taxable","11":"purchasable","12":"product-type-simple"},"_links":{"self":[{"href":"https:\/\/www.myaquastore.com\/es\/wp-json\/wp\/v2\/product\/29114","targetHints":{"allow":["GET"]}}],"collection":[{"href":"https:\/\/www.myaquastore.com\/es\/wp-json\/wp\/v2\/product"}],"about":[{"href":"https:\/\/www.myaquastore.com\/es\/wp-json\/wp\/v2\/types\/product"}],"replies":[{"embeddable":true,"href":"https:\/\/www.myaquastore.com\/es\/wp-json\/wp\/v2\/comments?post=29114"}],"wp:featuredmedia":[{"embeddable":true,"href":"https:\/\/www.myaquastore.com\/es\/wp-json\/wp\/v2\/media\/4939"}],"wp:attachment":[{"href":"https:\/\/www.myaquastore.com\/es\/wp-json\/wp\/v2\/media?parent=29114"}],"wp:term":[{"taxonomy":"product_brand","embeddable":true,"href":"https:\/\/www.myaquastore.com\/es\/wp-json\/wp\/v2\/product_brand?post=29114"},{"taxonomy":"product_cat","embeddable":true,"href":"https:\/\/www.myaquastore.com\/es\/wp-json\/wp\/v2\/product_cat?post=29114"},{"taxonomy":"product_tag","embeddable":true,"href":"https:\/\/www.myaquastore.com\/es\/wp-json\/wp\/v2\/product_tag?post=29114"}],"curies":[{"name":"wp","href":"https:\/\/api.w.org\/{rel}","templated":true}]}}