{"id":29123,"date":"2016-09-25T23:28:18","date_gmt":"2016-09-25T23:28:18","guid":{"rendered":"https:\/\/www.myaquastore.com\/product\/skimmer-de-proteinas-para-acuario-boyu-8w-wg310\/"},"modified":"2025-03-16T07:04:23","modified_gmt":"2025-03-16T07:04:23","slug":"skimmer-de-proteinas-para-acuario-boyu-8w-wg310","status":"publish","type":"product","link":"https:\/\/www.myaquastore.com\/es\/producto\/skimmer-de-proteinas-para-acuario-boyu-8w-wg310\/","title":{"rendered":"Skimmer de prote\u00ednas para acuario BOYU 8W WG310"},"content":{"rendered":"<article class=\"article richtext richtext-detail AE:disable\" id=\"richTextContainer\">\n<div style=\"clear:both\">\n<p><span style=\"font-family: 'times new roman', times;font-size: 24px\"> Skimmer de prote\u00ednas para acuario BOYU de 8 W WG310<\/span><\/p>\n<ol>\n<li><span style=\"font-family: 'times new roman', times;font-size: 24px\">Imitaci\u00f3n de la zoolog\u00eda natural.<\/span><\/li>\n<li><span style=\"font-family: 'times new roman', times;font-size: 24px\">Calidad segura y confiable con dispositivo en el costado para evitar el sobrecalentamiento.<\/span><\/li>\n<li>&lt;span style=&quot;font-family: &#039;times new roman&#039;, times; com-pounds.<\/span><\/li>\n<li><span style=\"font-family: 'times new roman', times;font-size: 24px\">Se monta y desmonta f\u00e1cilmente para su limpieza.<\/span><\/li>\n<li><span style=\"font-family: 'times new roman', times;font-size: 24px\">Dise\u00f1o de integraci\u00f3n, m\u00faltiples patentes tecnolog\u00eda<\/span><\/li>\n<\/ol>\n<div style=\"clear:both\"><\/article>\n","protected":false},"excerpt":{"rendered":"<p>Skimmer de prote\u00ednas para acuario BOYU 8W WG310<\/p>\n","protected":false},"featured_media":4957,"comment_status":"open","ping_status":"closed","template":"","meta":[],"product_brand":[],"product_cat":[999],"product_tag":[],"class_list":{"0":"post-29123","1":"product","2":"type-product","3":"status-publish","4":"has-post-thumbnail","6":"product_cat-filtros-de-acuario","8":"first","9":"instock","10":"shipping-taxable","11":"purchasable","12":"product-type-simple"},"_links":{"self":[{"href":"https:\/\/www.myaquastore.com\/es\/wp-json\/wp\/v2\/product\/29123","targetHints":{"allow":["GET"]}}],"collection":[{"href":"https:\/\/www.myaquastore.com\/es\/wp-json\/wp\/v2\/product"}],"about":[{"href":"https:\/\/www.myaquastore.com\/es\/wp-json\/wp\/v2\/types\/product"}],"replies":[{"embeddable":true,"href":"https:\/\/www.myaquastore.com\/es\/wp-json\/wp\/v2\/comments?post=29123"}],"wp:featuredmedia":[{"embeddable":true,"href":"https:\/\/www.myaquastore.com\/es\/wp-json\/wp\/v2\/media\/4957"}],"wp:attachment":[{"href":"https:\/\/www.myaquastore.com\/es\/wp-json\/wp\/v2\/media?parent=29123"}],"wp:term":[{"taxonomy":"product_brand","embeddable":true,"href":"https:\/\/www.myaquastore.com\/es\/wp-json\/wp\/v2\/product_brand?post=29123"},{"taxonomy":"product_cat","embeddable":true,"href":"https:\/\/www.myaquastore.com\/es\/wp-json\/wp\/v2\/product_cat?post=29123"},{"taxonomy":"product_tag","embeddable":true,"href":"https:\/\/www.myaquastore.com\/es\/wp-json\/wp\/v2\/product_tag?post=29123"}],"curies":[{"name":"wp","href":"https:\/\/api.w.org\/{rel}","templated":true}]}}