{"id":29134,"date":"2016-09-25T23:28:18","date_gmt":"2016-09-25T23:28:18","guid":{"rendered":"https:\/\/www.myaquastore.com\/product\/bomba-de-agua-multifuncional-jebo-ap-5300\/"},"modified":"2025-03-16T07:04:26","modified_gmt":"2025-03-16T07:04:26","slug":"bomba-de-agua-multifuncional-jebo-ap-5300","status":"publish","type":"product","link":"https:\/\/www.myaquastore.com\/es\/producto\/bomba-de-agua-multifuncional-jebo-ap-5300\/","title":{"rendered":"Bomba de agua multifuncional JEBO AP-5300"},"content":{"rendered":"<article class=\"article richtext richtext-detail AE:disable\" id=\"richTextContainer\">\n<h2 class=\"article-title\">Especificaciones<\/h2>\n<div style=\"clear:both\"> Bomba de agua multifuncional JEBO AP-5300 <br \/>1.F\u00e1cil configuraci\u00f3n y mantenimiento <br \/>2.bastante, seguro <br \/>3.eficiencia energ\u00e9tica <\/p>\n<div style=\"clear:both\">\n<p>Bomba de agua multifuncional JEBO AP-5300<\/p>\n<p>1. El motor y la bomba est\u00e1n mejor dise\u00f1ados para un buen rendimiento y alta eficiencia<\/p>\n<p>2. La h\u00e9lice en espiral permite un tama\u00f1o de part\u00edcula de suciedad de hasta 6 mm.<\/p>\n<p>3. Se utilizan rodamientos cer\u00e1micos para un funcionamiento seguro y menor ruido.<\/p>\n<p>4.F\u00e1cil instalaci\u00f3n y mantenimiento.<\/p>\n<p>5.Par\u00e1metros (220V~240V 50Hz)<\/p>\n<p>6. Su cubierta frontal puede actuar como filtro y es f\u00e1cil de desconectar.<\/p>\n<div style=\"clear:both\"><\/article>\n","protected":false},"excerpt":{"rendered":"<p>Bomba de agua multifuncional JEBO AP-5300<\/p>\n","protected":false},"featured_media":4979,"comment_status":"open","ping_status":"closed","template":"","meta":[],"product_brand":[],"product_cat":[999],"product_tag":[],"class_list":{"0":"post-29134","1":"product","2":"type-product","3":"status-publish","4":"has-post-thumbnail","6":"product_cat-filtros-de-acuario","8":"first","9":"instock","10":"shipping-taxable","11":"purchasable","12":"product-type-simple"},"_links":{"self":[{"href":"https:\/\/www.myaquastore.com\/es\/wp-json\/wp\/v2\/product\/29134","targetHints":{"allow":["GET"]}}],"collection":[{"href":"https:\/\/www.myaquastore.com\/es\/wp-json\/wp\/v2\/product"}],"about":[{"href":"https:\/\/www.myaquastore.com\/es\/wp-json\/wp\/v2\/types\/product"}],"replies":[{"embeddable":true,"href":"https:\/\/www.myaquastore.com\/es\/wp-json\/wp\/v2\/comments?post=29134"}],"wp:featuredmedia":[{"embeddable":true,"href":"https:\/\/www.myaquastore.com\/es\/wp-json\/wp\/v2\/media\/4979"}],"wp:attachment":[{"href":"https:\/\/www.myaquastore.com\/es\/wp-json\/wp\/v2\/media?parent=29134"}],"wp:term":[{"taxonomy":"product_brand","embeddable":true,"href":"https:\/\/www.myaquastore.com\/es\/wp-json\/wp\/v2\/product_brand?post=29134"},{"taxonomy":"product_cat","embeddable":true,"href":"https:\/\/www.myaquastore.com\/es\/wp-json\/wp\/v2\/product_cat?post=29134"},{"taxonomy":"product_tag","embeddable":true,"href":"https:\/\/www.myaquastore.com\/es\/wp-json\/wp\/v2\/product_tag?post=29134"}],"curies":[{"name":"wp","href":"https:\/\/api.w.org\/{rel}","templated":true}]}}