{"id":29165,"date":"2016-09-25T23:28:19","date_gmt":"2016-09-25T23:28:19","guid":{"rendered":"https:\/\/www.myaquastore.com\/product\/filtro-de-recipiente-externo-para-acuario-presurizado-atman-cf800-diseno-modular-para-una-variedad-de-medianas-de-filtro\/"},"modified":"2025-03-16T07:04:32","modified_gmt":"2025-03-16T07:04:32","slug":"filtro-de-recipiente-externo-para-acuario-presurizado-atman-cf800-diseno-modular-para-una-variedad-de-medianas-de-filtro","status":"publish","type":"product","link":"https:\/\/www.myaquastore.com\/es\/producto\/filtro-de-recipiente-externo-para-acuario-presurizado-atman-cf800-diseno-modular-para-una-variedad-de-medianas-de-filtro\/","title":{"rendered":"Filtro de recipiente externo para acuario presurizado Atman CF800 Dise\u00f1o modular para una variedad de medianas de filtro"},"content":{"rendered":"<article class=\"article richtext richtext-detail AE:disable\" id=\"richTextContainer\">\n<h2 class=\"article-title\">Especificaciones<\/h2>\n<div style=\"clear:both\"> Filtro de recipiente externo para acuario presurizado Atman CF800 <br \/>1 Sistema de circulaci\u00f3n adecuado para el exterior del tanque, no ocupa espacio dentro del tanque <\/p>\n<div style=\"clear:both\">\n<p> Filtro de recipiente externo para acuario presurizado Atman CF800<\/p>\n<p>1 Distintivamente un sistema de filtrado superior, energ\u00e9ticamente eficiente y potente<br \/>2 Con funci\u00f3n neum\u00e1tica de succi\u00f3n de agua para una operaci\u00f3n r\u00e1pida y f\u00e1cil.<\/p>\n<p>3 Configuraci\u00f3n simple y f\u00e1cil instalaci\u00f3n<\/p>\n<p>4 Distintivamente un sistema de filtrado superior<\/p>\n<p>5 Par\u00e1metros (220 V ~ 240 V 50 Hz) <\/p>\n<p>6 Adecuado para sistema de circulaci\u00f3n fuera del tanque, que no compartir\u00eda espacio dentro el tanque.<\/p>\n<\/p>\n<div style=\"clear:both\"><\/article>\n","protected":false},"excerpt":{"rendered":"<p>Filtro de recipiente externo para acuario presurizado Atman CF800 Dise\u00f1o modular para una variedad de medianas de filtro<\/p>\n","protected":false},"featured_media":5041,"comment_status":"open","ping_status":"closed","template":"","meta":[],"product_brand":[],"product_cat":[999],"product_tag":[],"class_list":{"0":"post-29165","1":"product","2":"type-product","3":"status-publish","4":"has-post-thumbnail","6":"product_cat-filtros-de-acuario","8":"first","9":"instock","10":"shipping-taxable","11":"purchasable","12":"product-type-simple"},"_links":{"self":[{"href":"https:\/\/www.myaquastore.com\/es\/wp-json\/wp\/v2\/product\/29165","targetHints":{"allow":["GET"]}}],"collection":[{"href":"https:\/\/www.myaquastore.com\/es\/wp-json\/wp\/v2\/product"}],"about":[{"href":"https:\/\/www.myaquastore.com\/es\/wp-json\/wp\/v2\/types\/product"}],"replies":[{"embeddable":true,"href":"https:\/\/www.myaquastore.com\/es\/wp-json\/wp\/v2\/comments?post=29165"}],"wp:featuredmedia":[{"embeddable":true,"href":"https:\/\/www.myaquastore.com\/es\/wp-json\/wp\/v2\/media\/5041"}],"wp:attachment":[{"href":"https:\/\/www.myaquastore.com\/es\/wp-json\/wp\/v2\/media?parent=29165"}],"wp:term":[{"taxonomy":"product_brand","embeddable":true,"href":"https:\/\/www.myaquastore.com\/es\/wp-json\/wp\/v2\/product_brand?post=29165"},{"taxonomy":"product_cat","embeddable":true,"href":"https:\/\/www.myaquastore.com\/es\/wp-json\/wp\/v2\/product_cat?post=29165"},{"taxonomy":"product_tag","embeddable":true,"href":"https:\/\/www.myaquastore.com\/es\/wp-json\/wp\/v2\/product_tag?post=29165"}],"curies":[{"name":"wp","href":"https:\/\/api.w.org\/{rel}","templated":true}]}}