{"id":29169,"date":"2016-09-25T23:28:19","date_gmt":"2016-09-25T23:28:19","guid":{"rendered":"https:\/\/www.myaquastore.com\/product\/recipiente-de-filtro-externo-para-acuario-atman-de-35w-cf3400-distintivamente-un-sistema-de-filtrado-superior-energeticamente-eficiente-y-potente\/"},"modified":"2025-03-16T07:04:33","modified_gmt":"2025-03-16T07:04:33","slug":"recipiente-de-filtro-externo-para-acuario-atman-de-35w-cf3400-distintivamente-un-sistema-de-filtrado-superior-energeticamente-eficiente-y-potente","status":"publish","type":"product","link":"https:\/\/www.myaquastore.com\/es\/producto\/recipiente-de-filtro-externo-para-acuario-atman-de-35w-cf3400-distintivamente-un-sistema-de-filtrado-superior-energeticamente-eficiente-y-potente\/","title":{"rendered":"Recipiente de filtro externo para acuario Atman de 35w CF3400 Distintivamente un sistema de filtrado superior, energ\u00e9ticamente eficiente y potente"},"content":{"rendered":"<article class=\"article richtext richtext-detail AE:disable\" id=\"richTextContainer\">\n<div style=\"clear:both\">\n<p><span style=\"font-family: Times New Roman\"><span style=\"font-size: 14pt\"> Recipiente de filtro externo para acuario Atman de 35 vatios CF3400<br \/>1 Distintivamente un sistema de filtrado superior, energ\u00e9ticamente eficiente y potente<br \/>2 Dise\u00f1o modular para un variedad de medianas de filtro<br \/>3 Configuraci\u00f3n simple y f\u00e1cil instalaci\u00f3n<\/span><\/span><\/p>\n<p><span style=\"font-family: Times New Roman\"><span style=\"font-size: 14pt\">4 Un sistema de filtrado claramente superior<\/span><\/span><\/p>\n<p><span style=\"font-family: Times New Roman\"><span style=\"font-size: 14pt\">5 Par\u00e1metros (220V~240V 50Hz)<\/span><\/span><\/p>\n<p><span style=\"font-family: Times New Roman\"><span style=\"font-size: 14pt\">6 Adecuado para sistemas de circulaci\u00f3n fuera del tanque, que no compartir\u00edan espacio dentro del tanque.<\/span><\/span><\/p>\n<p><span style=\"font-family: Times New Roman\"><span style=\"font-size: 14pt\">7 Un sistema de filtrado claramente superior<\/span><\/span><\/p>\n<div style=\"clear:both\"><\/article>\n","protected":false},"excerpt":{"rendered":"<p>Recipiente de filtro externo para acuario Atman de 35w CF3400 Distintivamente un sistema de filtrado superior, energ\u00e9ticamente eficiente y potente<\/p>\n","protected":false},"featured_media":5049,"comment_status":"open","ping_status":"closed","template":"","meta":[],"product_brand":[],"product_cat":[999],"product_tag":[],"class_list":{"0":"post-29169","1":"product","2":"type-product","3":"status-publish","4":"has-post-thumbnail","6":"product_cat-filtros-de-acuario","8":"first","9":"instock","10":"shipping-taxable","11":"purchasable","12":"product-type-simple"},"_links":{"self":[{"href":"https:\/\/www.myaquastore.com\/es\/wp-json\/wp\/v2\/product\/29169","targetHints":{"allow":["GET"]}}],"collection":[{"href":"https:\/\/www.myaquastore.com\/es\/wp-json\/wp\/v2\/product"}],"about":[{"href":"https:\/\/www.myaquastore.com\/es\/wp-json\/wp\/v2\/types\/product"}],"replies":[{"embeddable":true,"href":"https:\/\/www.myaquastore.com\/es\/wp-json\/wp\/v2\/comments?post=29169"}],"wp:featuredmedia":[{"embeddable":true,"href":"https:\/\/www.myaquastore.com\/es\/wp-json\/wp\/v2\/media\/5049"}],"wp:attachment":[{"href":"https:\/\/www.myaquastore.com\/es\/wp-json\/wp\/v2\/media?parent=29169"}],"wp:term":[{"taxonomy":"product_brand","embeddable":true,"href":"https:\/\/www.myaquastore.com\/es\/wp-json\/wp\/v2\/product_brand?post=29169"},{"taxonomy":"product_cat","embeddable":true,"href":"https:\/\/www.myaquastore.com\/es\/wp-json\/wp\/v2\/product_cat?post=29169"},{"taxonomy":"product_tag","embeddable":true,"href":"https:\/\/www.myaquastore.com\/es\/wp-json\/wp\/v2\/product_tag?post=29169"}],"curies":[{"name":"wp","href":"https:\/\/api.w.org\/{rel}","templated":true}]}}