{"id":29170,"date":"2016-09-25T23:28:19","date_gmt":"2016-09-25T23:28:19","guid":{"rendered":"https:\/\/www.myaquastore.com\/product\/recipiente-de-filtro-externo-atman-cf3200-silencioso-eficiente-y-potente-de-facil-instalacion-diseno-modular-para-muchos-medios-de-filtrado\/"},"modified":"2025-03-16T07:04:34","modified_gmt":"2025-03-16T07:04:34","slug":"recipiente-de-filtro-externo-atman-cf3200-silencioso-eficiente-y-potente-de-facil-instalacion-diseno-modular-para-muchos-medios-de-filtrado","status":"publish","type":"product","link":"https:\/\/www.myaquastore.com\/es\/producto\/recipiente-de-filtro-externo-atman-cf3200-silencioso-eficiente-y-potente-de-facil-instalacion-diseno-modular-para-muchos-medios-de-filtrado\/","title":{"rendered":"Recipiente de filtro externo Atman CF3200 Silencioso, eficiente y potente de f\u00e1cil instalaci\u00f3n Dise\u00f1o modular para muchos medios de filtrado"},"content":{"rendered":"<article class=\"article richtext richtext-detail AE:disable\" id=\"richTextContainer\">\n<h2 class=\"article-title\">Especificaciones<\/h2>\n<div style=\"clear:both\"> Recipiente de filtro externo Atman CF3200 <br \/>1 Silencioso, eficiente y potente <br \/>2 Dise\u00f1o modular para muchos filtros medianos <br \/>3 F\u00e1cil configuraci\u00f3n <\/p>\n<div style=\"clear:both\">\n<p>Recipiente de filtro externo Atman CF3200<br \/>1 Distintivamente un sistema de filtrado superior, energ\u00e9ticamente eficiente y potente<br \/>2 Dise\u00f1o modular para una variedad de medios de filtrado<br \/>3 Configuraci\u00f3n simple y f\u00e1cil instalaci\u00f3n<\/p>\n<p>4 Distintivamente un sistema de filtrado superior<\/p>\n<p>5 Par\u00e1metros (220 V ~ 240 V 50 Hz)<\/p>\n<p>6 Adecuado para sistema de circulaci\u00f3n fuera del tanque, que no compartir\u00eda espacio dentro del tanque.<\/p>\n<p>7 Un sistema de filtrado claramente superior<\/p>\n<div style=\"clear:both\"><\/article>\n","protected":false},"excerpt":{"rendered":"<p>Recipiente de filtro externo Atman CF3200 Silencioso, eficiente y potente de f\u00e1cil instalaci\u00f3n Dise\u00f1o modular para muchos medios de filtrado<\/p>\n","protected":false},"featured_media":5051,"comment_status":"open","ping_status":"closed","template":"","meta":[],"product_brand":[],"product_cat":[999],"product_tag":[],"class_list":{"0":"post-29170","1":"product","2":"type-product","3":"status-publish","4":"has-post-thumbnail","6":"product_cat-filtros-de-acuario","8":"first","9":"instock","10":"shipping-taxable","11":"purchasable","12":"product-type-simple"},"_links":{"self":[{"href":"https:\/\/www.myaquastore.com\/es\/wp-json\/wp\/v2\/product\/29170","targetHints":{"allow":["GET"]}}],"collection":[{"href":"https:\/\/www.myaquastore.com\/es\/wp-json\/wp\/v2\/product"}],"about":[{"href":"https:\/\/www.myaquastore.com\/es\/wp-json\/wp\/v2\/types\/product"}],"replies":[{"embeddable":true,"href":"https:\/\/www.myaquastore.com\/es\/wp-json\/wp\/v2\/comments?post=29170"}],"wp:featuredmedia":[{"embeddable":true,"href":"https:\/\/www.myaquastore.com\/es\/wp-json\/wp\/v2\/media\/5051"}],"wp:attachment":[{"href":"https:\/\/www.myaquastore.com\/es\/wp-json\/wp\/v2\/media?parent=29170"}],"wp:term":[{"taxonomy":"product_brand","embeddable":true,"href":"https:\/\/www.myaquastore.com\/es\/wp-json\/wp\/v2\/product_brand?post=29170"},{"taxonomy":"product_cat","embeddable":true,"href":"https:\/\/www.myaquastore.com\/es\/wp-json\/wp\/v2\/product_cat?post=29170"},{"taxonomy":"product_tag","embeddable":true,"href":"https:\/\/www.myaquastore.com\/es\/wp-json\/wp\/v2\/product_tag?post=29170"}],"curies":[{"name":"wp","href":"https:\/\/api.w.org\/{rel}","templated":true}]}}