{"id":29172,"date":"2016-09-25T23:28:19","date_gmt":"2016-09-25T23:28:19","guid":{"rendered":"https:\/\/www.myaquastore.com\/product\/filtro-externo-atman-ef3-de-28-w-para-acuarios-diseno-modular-para-muchos-filtros-medianos-de-facil-instalacion\/"},"modified":"2025-03-16T07:04:34","modified_gmt":"2025-03-16T07:04:34","slug":"filtro-externo-atman-ef3-de-28-w-para-acuarios-diseno-modular-para-muchos-filtros-medianos-de-facil-instalacion","status":"publish","type":"product","link":"https:\/\/www.myaquastore.com\/es\/producto\/filtro-externo-atman-ef3-de-28-w-para-acuarios-diseno-modular-para-muchos-filtros-medianos-de-facil-instalacion\/","title":{"rendered":"Filtro externo Atman EF3 de 28 W para acuarios Dise\u00f1o modular para muchos filtros medianos de f\u00e1cil instalaci\u00f3n"},"content":{"rendered":"<article class=\"article richtext richtext-detail AE:disable\" id=\"richTextContainer\">\n<h2 class=\"article-title\">Especificaciones<\/h2>\n<div style=\"clear:both\"> Filtro externo Atman EF3 de 28 W para acuarios <br \/>1 Silencioso, eficiente y potente <br \/>2 Dise\u00f1o modular para muchos filtros medianos <br \/>3 F\u00e1cil configuraci\u00f3n <\/p>\n<div style=\"clear:both\">\n<p>Filtro externo Atman EF3 de 28 W para acuarios<br \/>1 Silencioso, energ\u00e9ticamente eficiente y potente<br \/>2 Dise\u00f1o modular para una variedad de medios de filtrado<br \/>3 Configuraci\u00f3n simple y f\u00e1cil instalaci\u00f3n<\/p>\n<p>4 Un sistema de filtrado claramente superior<\/p>\n<p>5 Par\u00e1metros (220 V ~ 240 V 50 Hz)<\/p>\n<div><\/article>\n","protected":false},"excerpt":{"rendered":"<p>Filtro externo Atman EF3 de 28 W para acuarios Dise\u00f1o modular para muchos filtros medianos de f\u00e1cil instalaci\u00f3n<\/p>\n","protected":false},"featured_media":5055,"comment_status":"open","ping_status":"closed","template":"","meta":[],"product_brand":[],"product_cat":[999],"product_tag":[],"class_list":{"0":"post-29172","1":"product","2":"type-product","3":"status-publish","4":"has-post-thumbnail","6":"product_cat-filtros-de-acuario","8":"first","9":"instock","10":"shipping-taxable","11":"purchasable","12":"product-type-simple"},"_links":{"self":[{"href":"https:\/\/www.myaquastore.com\/es\/wp-json\/wp\/v2\/product\/29172","targetHints":{"allow":["GET"]}}],"collection":[{"href":"https:\/\/www.myaquastore.com\/es\/wp-json\/wp\/v2\/product"}],"about":[{"href":"https:\/\/www.myaquastore.com\/es\/wp-json\/wp\/v2\/types\/product"}],"replies":[{"embeddable":true,"href":"https:\/\/www.myaquastore.com\/es\/wp-json\/wp\/v2\/comments?post=29172"}],"wp:featuredmedia":[{"embeddable":true,"href":"https:\/\/www.myaquastore.com\/es\/wp-json\/wp\/v2\/media\/5055"}],"wp:attachment":[{"href":"https:\/\/www.myaquastore.com\/es\/wp-json\/wp\/v2\/media?parent=29172"}],"wp:term":[{"taxonomy":"product_brand","embeddable":true,"href":"https:\/\/www.myaquastore.com\/es\/wp-json\/wp\/v2\/product_brand?post=29172"},{"taxonomy":"product_cat","embeddable":true,"href":"https:\/\/www.myaquastore.com\/es\/wp-json\/wp\/v2\/product_cat?post=29172"},{"taxonomy":"product_tag","embeddable":true,"href":"https:\/\/www.myaquastore.com\/es\/wp-json\/wp\/v2\/product_tag?post=29172"}],"curies":[{"name":"wp","href":"https:\/\/api.w.org\/{rel}","templated":true}]}}