{"id":29174,"date":"2016-09-25T23:28:19","date_gmt":"2016-09-25T23:28:19","guid":{"rendered":"https:\/\/www.myaquastore.com\/product\/filtro-externo-para-acuario-atman-de-13-w-ef-1-diseno-modular-para-muchos-filtros-medianos-silencioso-energeticamente-eficiente-y-potente\/"},"modified":"2025-03-16T07:04:34","modified_gmt":"2025-03-16T07:04:34","slug":"filtro-externo-para-acuario-atman-de-13-w-ef-1-diseno-modular-para-muchos-filtros-medianos-silencioso-energeticamente-eficiente-y-potente","status":"publish","type":"product","link":"https:\/\/www.myaquastore.com\/es\/producto\/filtro-externo-para-acuario-atman-de-13-w-ef-1-diseno-modular-para-muchos-filtros-medianos-silencioso-energeticamente-eficiente-y-potente\/","title":{"rendered":"Filtro externo para acuario Atman de 13 W EF-1 Dise\u00f1o modular para muchos filtros medianos Silencioso, energ\u00e9ticamente eficiente y potente"},"content":{"rendered":"<article class=\"article richtext richtext-detail AE:disable\" id=\"richTextContainer\">\n<h2 class=\"article-title\">Especificaciones<\/h2>\n<div style=\"clear:both\"> Filtro externo para acuario Atman de 13 W EF-1 <br \/>1 Silencioso, eficiente y potente <br \/>2 Dise\u00f1o modular para muchos filtros medianos <br \/>3 Configuraci\u00f3n sencilla <\/p>\n<div style=\"clear:both\">\n<p>Filtro externo para acuario Atman EF-1 de 13 W<br \/>1 Silencioso, energ\u00e9ticamente eficiente y potente<br \/>2 Dise\u00f1o modular para una variedad de medios de filtrado<br \/>3 Configuraci\u00f3n sencilla y f\u00e1cil instalaci\u00f3n<\/p>\n<p>4 Un sistema de filtrado claramente superior<\/p>\n<p>5 par\u00e1metros (\/220 V ~ 240 V 50 Hz)<\/p>\n<div><\/article>\n","protected":false},"excerpt":{"rendered":"<p>Filtro externo para acuario Atman de 13 W EF-1 Dise\u00f1o modular para muchos filtros medianos Silencioso, energ\u00e9ticamente eficiente y potente<\/p>\n","protected":false},"featured_media":5059,"comment_status":"open","ping_status":"closed","template":"","meta":[],"product_brand":[],"product_cat":[999],"product_tag":[],"class_list":{"0":"post-29174","1":"product","2":"type-product","3":"status-publish","4":"has-post-thumbnail","6":"product_cat-filtros-de-acuario","8":"first","9":"instock","10":"shipping-taxable","11":"purchasable","12":"product-type-simple"},"_links":{"self":[{"href":"https:\/\/www.myaquastore.com\/es\/wp-json\/wp\/v2\/product\/29174","targetHints":{"allow":["GET"]}}],"collection":[{"href":"https:\/\/www.myaquastore.com\/es\/wp-json\/wp\/v2\/product"}],"about":[{"href":"https:\/\/www.myaquastore.com\/es\/wp-json\/wp\/v2\/types\/product"}],"replies":[{"embeddable":true,"href":"https:\/\/www.myaquastore.com\/es\/wp-json\/wp\/v2\/comments?post=29174"}],"wp:featuredmedia":[{"embeddable":true,"href":"https:\/\/www.myaquastore.com\/es\/wp-json\/wp\/v2\/media\/5059"}],"wp:attachment":[{"href":"https:\/\/www.myaquastore.com\/es\/wp-json\/wp\/v2\/media?parent=29174"}],"wp:term":[{"taxonomy":"product_brand","embeddable":true,"href":"https:\/\/www.myaquastore.com\/es\/wp-json\/wp\/v2\/product_brand?post=29174"},{"taxonomy":"product_cat","embeddable":true,"href":"https:\/\/www.myaquastore.com\/es\/wp-json\/wp\/v2\/product_cat?post=29174"},{"taxonomy":"product_tag","embeddable":true,"href":"https:\/\/www.myaquastore.com\/es\/wp-json\/wp\/v2\/product_tag?post=29174"}],"curies":[{"name":"wp","href":"https:\/\/api.w.org\/{rel}","templated":true}]}}