{"id":29193,"date":"2016-09-25T23:28:20","date_gmt":"2016-09-25T23:28:20","guid":{"rendered":"https:\/\/www.myaquastore.com\/product\/bomba-sumergible-centrifuga-de-jardin-sunsun-460l-min-1-1kw-17m-hl-150\/"},"modified":"2025-03-16T07:04:39","modified_gmt":"2025-03-16T07:04:39","slug":"bomba-sumergible-centrifuga-de-jardin-sunsun-460l-min-1-1kw-17m-hl-150","status":"publish","type":"product","link":"https:\/\/www.myaquastore.com\/es\/producto\/bomba-sumergible-centrifuga-de-jardin-sunsun-460l-min-1-1kw-17m-hl-150\/","title":{"rendered":"Bomba sumergible centr\u00edfuga de jard\u00edn SUNSUN 460L\/min 1.1kw 17m HL-150"},"content":{"rendered":"<div style=\"clear:both\"><\/div>\n<p style=\"text-align:center\"><span style=\"font-size:18px;color:#000000;background-color:#ffffff\"><em><strong>Bomba sumergible centr\u00edfuga de jard\u00edn SUNSUN 460L\/min 1.1kw 17m <\/strong><\/em><\/span><\/p>\n<p style=\"text-align:left\"><strong><\/strong> <\/p>\n<p style=\"text-align:left\"><strong><\/strong> <\/p>\n<p style=\"text-align:left\"><strong><span style=\"font-size:18px;color:#ff9900\">1. Descripci\u00f3n del producto<\/span><\/strong><\/p>\n<p style=\"text-align:left\">\n<p style=\"text-align:left\">\n<p><span style=\"font-size:16px;font-family:comic sans ms,sans-serif\">1. Aplicar en piscinas, estanques de acuicultura y tanques de mariscos con un qwuipment de reciclaje de agua<\/span><\/p>\n<p style=\"text-align:left\">\n<p><span style=\"font-size:16px;font-family:comic sans ms,sans-serif\"> coincidencia.<\/span><\/p>\n<p style=\"text-align:left\">\n<p><span style=\"font-size:16px;font-family:comic sans ms,sans-serif\">2.Motor as\u00edncrono est\u00e1ndar de alto rendimiento con nuevo dise\u00f1o y energ\u00eda <\/span><\/p>\n<p style=\"text-align:left\">\n<p><span style=\"font-size:16px;font-family:comic sans ms,sans-serif\"> guardando.<\/span><\/p>\n<p style=\"text-align:left\">\n<p><span style=\"font-size:16px;font-family:comic sans ms,sans-serif\">3.Double El sello de resina y el anillo de goma lo hacen m\u00e1s seguro de usar.<\/span><\/p>\n<p style=\"text-align:left\">\n<p><span style=\"font-size:16px;font-family:comic sans ms,sans-serif\">4. Eje y manguito de cer\u00e1mica de alta calidad, duraderos y silenciosos.<\/span><\/p>\n<\/p>\n<p><strong><\/strong> <\/p>\n<p><strong><span style=\"font-size:18px;font-family:comic sans ms, sans-serif;color:#ff9900;background-color:#ffffff\">2. Detalles de la bomba sumergible centr\u00edfuga de jard\u00edn HL-150 <\/span><\/strong> <\/p>\n<div align=\"center\"> <\/div>\n<table class=\"aliDataTable\" style=\"width:80%\" cellpadding=\"0\" border=\"1\">\n<tbody>\n<tr align=\"center\">\n<td>\n<p><span style=\"font-size:14px\">Modelo<\/span><\/p>\n<\/td>\n<td>\n<p><span style=\"font-size:14px\">Voltaje<\/span><\/p>\n<\/td>\n<td>\n<p><span style=\"font-size:14px\">Potencia<\/span><\/p>\n<p align=\"center\"><span style=\"font-size:14px\">KW HP<\/span><\/p>\n<\/td>\n<td>\n<p><span style=\"font-size:14px\">Qmax<\/span><\/p>\n<p align=\"center\"><span style=\"font-size:14px\">L\/min<\/span><\/p>\n<\/td>\n<td>\n<p><span style=\"font-size:14px\">Hmax<\/span><\/p>\n<p align=\"center\"><span style=\"font-size:14px\">m<\/span><\/p>\n<\/td>\n<td>\n<p><span style=\"font-size:14px\">Peso<\/span><\/p>\n<p align=\"center\"><span style=\"font-size:14px\">kg<\/span><\/p>\n<\/td>\n<td>\n<p><span style=\"font-size:14px\">L<\/span><\/p>\n<p align=\"center\"><span style=\"font-size:14px\">mm<\/span><\/p>\n<\/td>\n<td>\n<p><span style=\"font-size:14px\">W<\/span><\/p>\n<p align=\"center\"><span style=\"font-size:14px\">mm<\/span><\/p>\n<\/td>\n<td>\n<p><span style=\"font-size:14px\">H<\/span><\/p>\n<p align=\"center\"><span style=\"font-size:14px\">mm<\/span><\/p>\n<\/td>\n<\/tr>\n<tr align=\"center\">\n<td>\n<p><span style=\"font-size:14px;background-color:#00ffff\">HL-150<\/span><\/p>\n<\/td>\n<td>\n<p><span style=\"font-size:14px;background-color:#00ffff\">220V\/380V\/50Hz<\/span><\/p>\n<\/td>\n<td>\n<p><span style=\"font-size:14px;background-color:#00ffff\">1.1 1.5<\/span><\/p>\n<\/td>\n<td>\n<p><span style=\"font-size:14px;background-color:#00ffff\">460<\/span><\/p>\n<\/td>\n<td>\n<p><span style=\"font-size:14px;background-color:#00ffff\">17<\/span><\/p>\n<\/td>\n<td>\n<p><span style=\"font-size:14px;background-color:#00ffff\">18.4\/18.2<\/span><\/p>\n<\/td>\n<td>\n<p><span style=\"font-size:14px;background-color:#00ffff\">610<\/span><\/p>\n<\/td>\n<td>\n<p><span style=\"font-size:14px;background-color:#00ffff\">275<\/span><\/p>\n<\/td>\n<td>\n<p><span style=\"font-size:14px;background-color:#00ffff\">335<\/span><\/p>\n<\/td>\n<\/tr>\n<tr align=\"center\">\n<td>\n<p><span style=\"font-size:14px\">HL-200<\/span><\/p>\n<\/td>\n<td>\n<p><span style=\"font-size:14px\">220V\/380V\/50Hz<\/span><\/p>\n<\/td>\n<td>\n<p><span style=\"font-size:14px\">1.5 2.0<\/span><\/p>\n<\/td>\n<td>\n<p><span style=\"font-size:14px\">530<\/span><\/p>\n<\/td>\n<td>\n<p><span style=\"font-size:14px\">16<\/span><\/p>\n<\/td>\n<td>\n<p><span style=\"font-size:14px\">19,6\/17,9<\/span><\/p>\n<\/td>\n<td>\n<p><span style=\"font-size:14px\">610<\/span><\/p>\n<\/td>\n<td>\n<p><span style=\"font-size:14px\">275<\/span><\/p>\n<\/td>\n<td>\n<p><span style=\"font-size:14px\">335<\/span><\/p>\n<\/td>\n<\/tr>\n<tr align=\"center\">\n<td>\n<p><span style=\"font-size:14px\">HL-300<\/span><\/p>\n<\/td>\n<td>\n<p><span style=\"font-size:14px\">220V\/380V\/50Hz<\/span><\/p>\n<\/td>\n<td>\n<p><span style=\"font-size:14px\">2.2 3.0<\/span><\/p>\n<\/td>\n<td>\n<p><span style=\"font-size:14px\">585<\/span><\/p>\n<\/td>\n<td>\n<p><span style=\"font-size:14px\">18<\/span><\/p>\n<\/td>\n<td>\n<p><span style=\"font-size:14px\">21,7\/19,5<\/span><\/p>\n<\/td>\n<td>\n<p><span style=\"font-size:14px\">610<\/span><\/p>\n<\/td>\n<td>\n<p><span style=\"font-size:14px\">275<\/span><\/p>\n<\/td>\n<td>\n<p><span style=\"font-size:14px\">335<\/span><\/p>\n<\/td>\n<\/tr>\n<tr align=\"center\">\n<td>\n<p><span style=\"font-size:14px\">HL-350<\/span><\/p>\n<\/td>\n<td>\n<p><span style=\"font-size:14px\">220V\/380V\/50Hz<\/span><\/p>\n<\/td>\n<td>\n<p><span style=\"font-size:14px\">2,6 3,5<\/span><\/p>\n<\/td>\n<td>\n<p><span style=\"font-size:14px\">650<\/span><\/p>\n<\/td>\n<td>\n<p><span style=\"font-size:14px\">20<\/span><\/p>\n<\/td>\n<td>\n<p><span style=\"font-size:14px\">23.1\/21.7<\/span><\/p>\n<\/td>\n<td>\n<p><span style=\"font-size:14px\">620<\/span><\/p>\n<\/td>\n<td>\n<p><span style=\"font-size:14px\">275<\/span><\/p>\n<\/td>\n<td>\n<p><span style=\"font-size:14px\">335<\/span><\/p>\n<\/td>\n<\/tr>\n<tr align=\"center\">\n<td>\n<p><span style=\"font-size:14px\">HLA-300<\/span><\/p>\n<\/td>\n<td>\n<p><span style=\"font-size:14px\">220V\/380V\/50Hz<\/span><\/p>\n<\/td>\n<td>\n<p><span style=\"font-size:14px\">2.2 3.0<\/span><\/p>\n<\/td>\n<td>\n<p><span style=\"font-size:14px\">460<\/span><\/p>\n<\/td>\n<td>\n<p><span style=\"font-size:14px\">17<\/span><\/p>\n<\/td>\n<td>\n<p><span style=\"font-size:14px\">18.5\/18.2<\/span><\/p>\n<\/td>\n<td>\n<p><span style=\"font-size:14px\">610<\/span><\/p>\n<\/td>\n<td>\n<p><span style=\"font-size:14px\">280<\/span><\/p>\n<\/td>\n<td>\n<p><span style=\"font-size:14px\">335<\/span><\/p>\n<\/td>\n<\/tr>\n<\/tbody>\n<\/table>\n<table class=\"aliDataTable\" style=\"width:80%\" border=\"4\">\n<tbody>\n<tr>\n<td>Modelo<\/td>\n<td>Voltaje<\/td>\n<td>Frecuencia<\/td>\n<td>Potencia<\/td>\n<td>H-max<\/td>\n<td>Salida<\/td>\n<td>Peso<\/td>\n<td> Dimensiones<\/td>\n<\/tr>\n<tr>\n<td>HZS-200<\/td>\n<td>220V<\/td>\n<td>50Hz<\/td>\n<td>200W<\/td>\n<td>5,5m<\/td>\n<td>5cbm\/h<\/td>\n<td>5,0kg<\/td>\n<td>455*133* 245mm<\/td>\n<\/tr>\n<tr>\n<td>HZS-250<\/td>\n<td>220V<\/td>\n<td>50Hz<\/td>\n<td>250W<\/td>\n<td>6,5m<\/td>\n<td>7cbm\/h<\/td>\n<td>5,5kg<\/td>\n<td>455*133*225m m<\/td>\n<\/tr>\n<tr>\n<td>HZS-280<\/td>\n<td>220V<\/td>\n<td>50Hz<\/td>\n<td>220W<\/td>\n<td>8m<\/td>\n<td>8cbm\/h<\/td>\n<td>5.5kg<\/td>\n<td>360*170*200mm<\/td>\n<\/tr>\n<tr>\n<td>HZS-300<\/td>\n<td>220V<\/td>\n<td>50Hz<\/td>\n<td>300W<\/td>\n<td>7m<\/td>\n<td>9cbm\/h<\/td>\n<td>5,5kg<\/td>\n<td>455*133*245mm<\/td>\n<\/tr>\n<td>HZS-370<\/td>\n<td>220V<\/td>\n<td>50Hz<\/td>\n<td>370W<\/td>\n<td>11m<\/td>\n<td>10cbm\/h<\/td>\n<td>9kg<\/td>\n<td>485*185*280mm<\/td>\n<\/tr>\n<tr>\n<td>H ZS-550<\/td>\n<td>220V\/380V<\/td>\n<td>50Hz<\/td>\n<td>550W<\/td>\n<td>10m<\/td>\n<td>13cbm\/h<\/td>\n<td>9kg<\/td>\n<td>494*165*259mm<\/td>\n<\/tr>\n<tr>\n<td>HZ S-750<\/td>\n<td>220V<\/td>\n<td>50Hz<\/td>\n<td>750W<\/td>\n<td>11m<\/td>\n<td>14,5cbm\/h<\/td>\n<td>9,5kg<\/td>\n<td>494*165*259mm<\/td>\n<\/tr>\n<tr>\n<td><span>HZX-180<\/span><\/td>\n<td><span>220V<\/span><\/td>\n<td><span>50HZ<\/span><\/td>\n<td><span style=\"background-color:#ff9900\">180W<\/span><\/td>\n<td><span style=\"background-color:#ff9900\">5m<\/span><\/td>\n<td><span style=\"background-color:#ff9900\">8m<sup>3<\/sup>\/h<\/span><\/td>\n<td><span style=\"background-color:#ff9900\">4,0kg<\/span><\/td>\n<td><span style=\"background-color:#ff9900\">355*240*154mm<\/span><\/td>\n<\/tr>\n<\/tbody>\n<\/table>\n<table class=\"aliDataTable\" style=\"width:80%\" border=\"4\">\n<tbody>\n<tr>\n<td>Modelo<\/td>\n<td>Voltaje<\/td>\n<td>Potencia<\/td>\n<td>Qmax<\/td>\n<td>Hmax<\/td>\n<td>Peso<\/td>\n<td>Tubo Di\u00e1metro<\/td>\n<\/tr>\n<tr>\n<td>HLX-150<\/td>\n<td>220V\/50Hz<\/td>\n<td>1100W<\/td>\n<td>29cbm\/h<\/td>\n<td>17m<\/td>\n<td>17,2kg<\/td>\n<td>?63\/?60mm<\/td>\n<\/tr>\n<tr>\n<td>HLX-200<\/td>\n<td>220V\/50Hz<\/td>\n<td>1500W<\/td>\n<td>32cbm\/h<\/td>\n<td>16m<\/td>\n<td>18,3kg<\/td>\n<td>?63\/?60mm<\/td>\n<\/tr>\n<tr>\n<td>HLX-300<\/td>\n<td>220V\/50Hz<\/td>\n<td>2200W<\/td>\n<td>36cbm\/h<\/td>\n<td>18m<\/td>\n<td>20,4kg<\/td>\n<td>?63\/?60mm<\/td>\n<\/tr>\n<tr>\n<td>H LX-350<\/td>\n<td>220V\/50Hz<\/td>\n<td>2600W<\/td>\n<td>40cbm\/h<\/td>\n<td>20m<\/td>\n<td>21,8kg<\/td>\n<td>?63\/?60mm<\/td>\n<\/tr>\n<\/tbody>\n<\/table>\n<table class=\"aliDataTable\" border=\"4\">\n<tbody>\n<tr>\n<td>Modelo<\/td>\n<td>Voltaje<\/td>\n<td>\n<p>Potencia<\/p>\n<p>KW HP<\/p>\n<\/td>\n<td>Qmax<\/td>\n<td>Hmax<\/td>\n<td>Peso<\/td>\n<td>L<\/td>\n<td>W<\/td>\n<td>H<\/td>\n<\/tr>\n<tr>\n<td>HLB-100<\/td>\n<td>220V\/50Hz<\/td>\n<td>0,75 1,0<\/td>\n<td>285<\/td>\n<td>8<\/td>\n<td>12,2<\/td>\n<td>559<\/td>\n<td>240<\/td>\n<td>315<\/td>\n<\/tr>\n<tr>\n<td>HLB-150<\/td>\n<td>220V\/50Hz<\/td>\n<td>1,1 1,5<\/td>\n<td>360<\/td>\n<td>10<\/td>\n<td>14,6<\/td>\n<td>559<\/td>\n<td>240<\/td>\n<td>315<\/td>\n<\/tr>\n<tr>\n<td>HLB-200<\/td>\n<td>220V\/50Hz<\/td>\n<td>1,5 2,0<\/td>\n<td>400<\/td>\n<td>12<\/td>\n<td>14,8<\/td>\n<td>559<\/td>\n<td>240<\/td>\n<td>315<\/td>\n<\/tr>\n<tr>\n<td>HLB-300<\/td>\n<td>220V\/50Hz<\/td>\n<td>2,2 3,0<\/td>\n<td>430<\/td>\n<td>14<\/td>\n<td>15,8<\/td>\n<td>565<\/td>\n<td>240<\/td>\n<td>315<\/td>\n<\/tr>\n<tr>\n<td>HL-150<\/td>\n<td>220V\/380V\/50Hz<\/td>\n<td>1.1 1,5<\/td>\n<td>460<\/td>\n<td>17<\/td>\n<td>18,4\/18,2<\/td>\n<td>610<\/td>\n<td>275<\/td>\n<td>335<\/td>\n<\/tr>\n<tr>\n<td>HL-200<\/td>\n<td>220V\/380V\/50Hz<\/td>\n<td>1,5 2,0<\/td>\n<td>530<\/td>\n<td>16<\/td>\n<td>19,6\/17,9<\/td>\n<td>610<\/td>\n<td>275<\/td>\n<td>335<\/td>\n<\/tr>\n<tr>\n<td>HL-300<\/td>\n<td>220V\/380V\/50Hz<\/td>\n<td>2,2 3,0<\/td>\n<td>585<\/td>\n<td>18<\/td>\n<td>21,7\/19,5<\/td>\n<td>610<\/td>\n<td>275<\/td>\n<td>335<\/td>\n<\/tr>\n<tr>\n<td>HL-350<\/td>\n<td>220V\/380V\/50Hz<\/td>\n<td>2,6 3,5<\/td>\n<td>650<\/td>\n<td>20<\/td>\n<td>23,1\/21,7<\/td>\n<td>620<\/td>\n<td>275<\/td>\n<td>335<\/td>\n<\/tr>\n<tr>\n<td>HLA-300<\/td>\n<td>220V\/380V\/50Hz<\/td>\n<td>2,2 3,0<\/td>\n<td>460<\/td>\n<td>17<\/td>\n<td>18,5\/18,2<\/td>\n<td>610<\/td>\n<td>280<\/td>\n<td>335<\/td>\n<\/tr>\n<\/tbody>\n<\/table>\n<\/p>\n<p><span style=\"font-size:14px;background-color:#ffff00\"><strong><img decoding=\"async\" alt=\"Bomba centr\u00edfuga sumergible para jard\u00edn SUNSUN 460L\/min 1.1kw 17m\" src=\"http:\/\/localhost\/media\/import\/detail\/543982613_097.jpg\"><\/strong><\/span><\/p>\n<p><span style=\"font-size:14px;background-color:#ffff00\"><strong><img decoding=\"async\" alt=\"Bomba centr\u00edfuga sumergible para jard\u00edn SUNSUN 460L\/min 1.1kw 17m\" src=\"http:\/\/localhost\/media\/import\/detail\/543982617_543.jpg\"><\/strong><\/span><\/p>\n<p><img decoding=\"async\" alt=\"Bomba centr\u00edfuga sumergible para jard\u00edn SUNSUN 460L\/min 1.1kw 17m\" src=\"http:\/\/localhost\/media\/import\/detail\/543984444_869.jpg\"><img decoding=\"async\" alt=\"SUNSUN Bomba sumergible centr\u00edfuga de jard\u00edn 460L\/min 1.1kw 17m\" src=\"http:\/\/localhost\/media\/import\/detail\/543984459_232.jpg\"><img decoding=\"async\" alt=\"SUNSUN 460L\/min Bomba sumergible centr\u00edfuga de jard\u00edn 1,1kw 17m\" src=\"http:\/\/localhost\/media\/import\/detail\/543984464_491.jpg\"><\/p>\n<p data-section-blank=\"AliPostDhMb-etvoq\">\n<p style=\"text-align:center\" data-section-blank=\"AliPostDhMb-etvoq\">\n<p style=\"text-align:center\" data-section-blank=\"AliPostDhMb-etvoq\">\n<p style=\"text-align:center\" data-section-blank=\"AliPostDhMb-etvoq\">\n<p style=\"text-align:center\" data-section-blank=\"AliPostDhMb-etvoq\"><span style=\"font-size:48px;color:#ff0000\"><strong>HLS-750<\/strong><\/span><\/p>\n<p style=\"text-align:center\" data-section-blank=\"AliPostDhMb-etvoq\"><span style=\"color:#ff0000\"><strong><span style=\"font-size:32px\"><img decoding=\"async\" alt=\"Bomba centr\u00edfuga sumergible para jard\u00edn SUNSUN 460L\/min 1.1kw 17m\" src=\"http:\/\/localhost\/media\/import\/detail\/HTB1GwIcFVXXXXcHXFXXq6xXFXXXZ.jpg\"><img decoding=\"async\" alt=\"Bomba centr\u00edfuga sumergible para jard\u00edn SUNSUN 460L\/min 1.1kw 17m\" src=\"http:\/\/localhost\/media\/import\/detail\/HTB1JP6oFVXXXXceXpXXq6xXFXXXb.jpg\"><img decoding=\"async\" alt=\"Bomba centr\u00edfuga sumergible para jard\u00edn SUNSUN 460L\/min 1.1kw 17m\" src=\"http:\/\/localhost\/media\/import\/detail\/HTB1.3fmFVXXXXXZXFXXq6xXFXXXE.jpg\"><img decoding=\"async\" alt=\"Bomba centr\u00edfuga sumergible para jard\u00edn SUNSUN 460L\/min 1.1kw 17m\" src=\"http:\/\/localhost\/media\/import\/detail\/HTB1DMYoFVXXXXXtXFXXq6xXFXXXF.jpg\"><\/span><\/strong><\/span><\/p>\n<div id=\"ali-anchor-AliPostDhMb-etvoq\" style=\"padding-top:8px\" data-section=\"AliPostDhMb-etvoq\" data-section-title=\"Saber m\u00e1s\">\n<div id=\"ali-title-AliPostDhMb-etvoq\" style=\"border-bottom:#ddd 1px solid;padding-bottom:8px;padding-top:8px;padding-left:0px;padding-right:0px\">\n<p data-section-blank=\"AliPostDhMb-etvoq\"><strong><span style=\"font-size:24px;line-height:36px\"><span style=\"font-size:32px;line-height:48px\"><em><strong><span style=\"color:#800080;line-height:21px\"><\/span><\/strong><\/em><\/span><\/span><\/strong><\/p>\n<\/div>\n<\/div>\n","protected":false},"excerpt":{"rendered":"<p>Bomba sumergible centr\u00edfuga de jard\u00edn SUNSUN 460L\/min 1.1kw 17m HL-150<\/p>\n","protected":false},"featured_media":5098,"comment_status":"open","ping_status":"closed","template":"","meta":[],"product_brand":[],"product_cat":[1146],"product_tag":[],"class_list":{"0":"post-29193","1":"product","2":"type-product","3":"status-publish","4":"has-post-thumbnail","6":"product_cat-bombas-de-agua-y-cabezales-de-potencia","8":"first","9":"instock","10":"shipping-taxable","11":"purchasable","12":"product-type-simple"},"_links":{"self":[{"href":"https:\/\/www.myaquastore.com\/es\/wp-json\/wp\/v2\/product\/29193","targetHints":{"allow":["GET"]}}],"collection":[{"href":"https:\/\/www.myaquastore.com\/es\/wp-json\/wp\/v2\/product"}],"about":[{"href":"https:\/\/www.myaquastore.com\/es\/wp-json\/wp\/v2\/types\/product"}],"replies":[{"embeddable":true,"href":"https:\/\/www.myaquastore.com\/es\/wp-json\/wp\/v2\/comments?post=29193"}],"wp:featuredmedia":[{"embeddable":true,"href":"https:\/\/www.myaquastore.com\/es\/wp-json\/wp\/v2\/media\/5098"}],"wp:attachment":[{"href":"https:\/\/www.myaquastore.com\/es\/wp-json\/wp\/v2\/media?parent=29193"}],"wp:term":[{"taxonomy":"product_brand","embeddable":true,"href":"https:\/\/www.myaquastore.com\/es\/wp-json\/wp\/v2\/product_brand?post=29193"},{"taxonomy":"product_cat","embeddable":true,"href":"https:\/\/www.myaquastore.com\/es\/wp-json\/wp\/v2\/product_cat?post=29193"},{"taxonomy":"product_tag","embeddable":true,"href":"https:\/\/www.myaquastore.com\/es\/wp-json\/wp\/v2\/product_tag?post=29193"}],"curies":[{"name":"wp","href":"https:\/\/api.w.org\/{rel}","templated":true}]}}