{"id":29223,"date":"2016-09-25T23:28:21","date_gmt":"2016-09-25T23:28:21","guid":{"rendered":"https:\/\/www.myaquastore.com\/product\/filtro-de-estanque-a-presion-sunsun-con-clarificador-uv-incorporado-de-11w-cegs-cpf380\/"},"modified":"2025-03-16T07:04:46","modified_gmt":"2025-03-16T07:04:46","slug":"filtro-de-estanque-a-presion-sunsun-con-clarificador-uv-incorporado-de-11w-cegs-cpf380","status":"publish","type":"product","link":"https:\/\/www.myaquastore.com\/es\/producto\/filtro-de-estanque-a-presion-sunsun-con-clarificador-uv-incorporado-de-11w-cegs-cpf380\/","title":{"rendered":"Filtro de estanque a presi\u00f3n SUNSUN con clarificador UV incorporado de 11w (CE,GS) CPF380"},"content":{"rendered":"<div style=\"clear:both\"><\/div>\n<p style=\"text-align:center\"><strong><span style=\"font-size:24px\"> <\/span><\/strong><\/p>\n<div id=\"ali-anchor-AliPostDhMb-6e31y\" style=\"padding-top:8px\" data-section=\"AliPostDhMb-6e31y\" data-section-title=\"nombre\">\n<div id=\"ali-title-AliPostDhMb-6e31y\" style=\"border-bottom:#ddd 1px solid;padding-bottom:8px;padding-top:8px;padding-left:0px;padding-right:0px\"><span style=\"font-weight:bold;color:#333;padding-bottom:8px;padding-top:8px;padding-left:10px;line-height:12px;padding-right:10px;background-color:#ddd\">nombre<\/span><\/div>\n<div style=\"padding-bottom:10px;padding-top:10px;padding-left:0px;padding-right:0px\">\n<p><img decoding=\"async\" alt=\"Filtro de presi\u00f3n para estanque SUNSUN con clarificador UV de 11w incorporado (CE,GS) CPF380\" src=\"http:\/\/localhost\/media\/import\/detail\/HTB11qiMJVXXXXXWXVXXq6xXFXXXQ.jpg\"><span> <\/span><\/p>\n<\/div>\n<\/div>\n<p style=\"text-align:center\">\n<p style=\"text-align:center\"><strong><span style=\"font-size:24px\">Filtro de estanque a presi\u00f3n SUNSUN con clarificador UV de 11w incorporado (CE,GS) CPF380 <\/span><\/strong><\/p>\n<div id=\"ali-anchor-AliPostDhMb-pfdzc\" style=\"padding-top:8px\" data-section=\"AliPostDhMb-pfdzc\" data-section-title=\"Descripci\u00f3n del producto\">\n<div id=\"ali-title-AliPostDhMb-pfdzc\" style=\"border-bottom:#ddd 1px solid;padding-bottom:8px;padding-top:8px;padding-left:0px;padding-right:0px\"><span style=\"font-weight:bold;color:#333;padding-bottom:8px;padding-top:8px;padding-left:10px;line-height:12px;padding-right:10px;background-color:#ddd\">Descripci\u00f3n del producto<\/span><\/div>\n<div style=\"padding-bottom:10px;padding-top:10px;padding-left:0px;padding-right:0px\">\n<p><span style=\"color:#000000;background-color:#ff00ff\"><strong><span style=\"font-size:24px\">1.Caracter\u00edsticas:<\/span><\/strong><\/span><\/p>\n<\/div>\n<\/div>\n<p><span style=\"font-size:18px;font-family:comic sans ms,sans-serif\"> 1. Filtros de presi\u00f3n eficaces con clarificador UVC integrado.<\/span><\/p>\n<p><span style=\"font-size:18px;font-family:comic sans ms,sans-serif\"> 2. Enjuague con descarga en un canal como una cascada o un curso de agua, puede funcionar incluso si el filtro est\u00e1 enterrado <\/span><\/p>\n<p><span style=\"font-size:18px;font-family:comic sans ms,sans-serif\"> en el suelo.<\/span><\/p>\n<p><span style=\"font-size:18px;font-family:comic sans ms,sans-serif\"> 3. El agua contaminada se bombea a un sistema cerrado y asentado, durante el cual se aplica una presi\u00f3n de trabajo de 3 m de altura de agua. <\/span><\/p>\n<p><span style=\"font-size:18px;font-family:comic sans ms,sans-serif\"> puede acumularse.<\/span><\/p>\n<p><span style=\"font-size:18px;font-family:comic sans ms,sans-serif\"> 4. La tecnolog\u00eda patentada facilita el mantenimiento.<\/span><\/p>\n<p><span style=\"font-size:18px;font-family:comic sans ms,sans-serif\"> 5. El dise\u00f1o m\u00e1s nuevo hace que el \u00e1rea de filtrado sea una vez m\u00e1s que antes. Puede mejorar el efecto del filtrado en el m\u00e1s alto grado<\/span><\/p>\n<p><span style=\"font-size:18px;font-family:comic sans ms,sans-serif\"> y extender el per\u00edodo de mantenimiento.<\/span><\/p>\n<\/p>\n<p> <img decoding=\"async\" alt=\"Filtro de estanque a presi\u00f3n SUNSUN con clarificador UV de 11w incorporado (CE,GS) CPF380\" src=\"http:\/\/localhost\/media\/import\/detail\/721436481_342.jpg\"><\/p>\n<\/p>\n<p><span style=\"font-family:comic sans ms,sans-serif;background-color:#ff00ff\"><strong><span style=\"font-size:24px\">2.Par\u00e1metros:<\/span><\/strong><\/span><\/p>\n<table class=\"aliDataTable\" style=\"height:300px;width:598px\" cellpadding=\"0\" border=\"1\">\n<tbody>\n<tr style=\"height:15.6pt\" align=\"izquierda\">\n<td valign=\"top\">\n<p><span style=\"font-size:18px;font-family:comic sans ms,sans-serif\">1.Item<\/span><\/p>\n<\/td>\n<td style=\"width:197.05pt\" valign=\"top\">\n<p><span style=\"font-size:18px;font-family:comic sans ms,sans-serif\">Filtro de estanque SUNSUN<\/span><\/p>\n<\/td>\n<\/tr>\n<tr style=\"height:15.6pt\" align=\"izquierda\">\n<td valign=\"top\">\n<p><span style=\"font-size:18px;font-family:comic sans ms,sans-serif\">2.Modelo<\/span><\/p>\n<\/td>\n<td style=\"width:197.05pt\" valign=\"top\">\n<p><span style=\"font-size:18px;font-family:comic sans ms,sans-serif\">CPF-380<\/span><\/p>\n<\/td>\n<\/tr>\n<tr style=\"height:15.6pt\" align=\"left\">\n<td valign=\"top\">\n<p><span style=\"font-size:18px;font-family:comic sans ms,sans-serif\">3.Poder de UV-C<\/span><\/p>\n<\/td>\n<td valign=\"top\">\n<p><span style=\"font-size:18px;font-family:comic sans ms,sans-serif\">11W<\/span><\/p>\n<\/td>\n<\/tr>\n<tr style=\"height:16.35pt\" align=\"left\">\n<td valign=\"top\">\n<p><span style=\"font-size:18px;font-family:comic sans ms,sans-serif\">4. Flujo m\u00e1ximo<\/span><\/p>\n<\/td>\n<td valign=\"top\">\n<p><span style=\"font-size:18px;font-family:comic sans ms,sans-serif\">10000L\/h<\/span><\/p>\n<\/td>\n<\/tr>\n<tr style=\"height:15.6pt\" align=\"left\">\n<td valign=\"top\">\n<p><span style=\"font-size:18px;font-family:comic sans ms,sans-serif\">5.Superficie del colador<\/span><\/p>\n<\/td>\n<td valign=\"top\">\n<p><span style=\"font-size:18px;font-family:comic sans ms,sans-serif\"><span style=\"font-size:large\">20m?<\/span> <\/span><\/p>\n<\/td>\n<\/tr>\n<tr style=\"height:16.35pt\" align=\"left\">\n<td valign=\"top\">\n<p><span style=\"font-size:18px;font-family:comic sans ms,sans-serif\">6.Adecuado para estanques con peces<\/span><\/p>\n<\/td>\n<td valign=\"top\">\n<p><span style=\"font-size:18px;font-family:comic sans ms,sans-serif\"><span style=\"font-size:large\">6m?<\/span> <\/span><\/p>\n<\/td>\n<\/tr>\n<tr style=\"height:16.35pt\" align=\"left\">\n<td valign=\"top\">\n<p><span style=\"font-size:18px;font-family:comic sans ms,sans-serif\">7.Adecuado para estanques decorativos <\/span><\/p>\n<\/td>\n<td valign=\"top\">\n<p><span style=\"font-size:large;font-family:comic sans ms,sans-serif\"><span style=\"font-size:large\"><span style=\"font-size:x-large\"><span style=\"font-size:large\">12<\/span>m?<\/span><\/span> <\/span><\/p>\n<\/td>\n<\/tr>\n<tr style=\"height:16.35pt\" align=\"left\">\n<td valign=\"top\">\n<p><span style=\"font-size:18px;font-family:comic sans ms,sans-serif\">8.Volumen real<\/span><\/p>\n<\/td>\n<td valign=\"top\">\n<p><span style=\"font-size:18px;font-family:comic sans ms,sans-serif\">25L<\/span><\/p>\n<\/td>\n<\/tr>\n<tr style=\"height:16.35pt\" align=\"left\">\n<td valign=\"top\">\n<p><span style=\"font-size:18px;font-family:comic sans ms,sans-serif\">9.Dimensiones<\/span><\/p>\n<\/td>\n<td valign=\"top\">\n<p><span style=\"font-size:18px;font-family:comic sans ms,sans-serif\">380*380*530 mm<\/span><\/p>\n<\/td>\n<\/tr>\n<tr style=\"height:17.25pt\" align=\"left\">\n<td valign=\"top\">\n<p><span style=\"font-size:18px;font-family:comic sans ms,sans-serif\">10.Brand<\/span><\/p>\n<\/td>\n<td valign=\"top\">\n<p><span style=\"font-size:18px;font-family:comic sans ms,sans-serif\">SUNSUN<\/span><\/p>\n<\/td>\n<\/tr>\n<tr style=\"height:4.6pt\" align=\"left\">\n<td valign=\"top\">\n<p><span style=\"font-size:18px;font-family:comic sans ms,sans-serif\">11.Punto de venta <\/span><\/p>\n<\/td>\n<td valign=\"top\">\n<p><span style=\"font-size:18px;font-family:comic sans ms,sans-serif\">Marca reconocida en China; seguro y confiable ;Filtro prensador biol\u00f3gico para estanque <\/span><\/p>\n<\/td>\n<\/tr>\n<\/tbody>\n<\/table>\n<p><span style=\"font-size:18px;font-family:times new roman,times\"> <\/span><\/p>\n<p><span style=\"font-family:comic sans ms,sans-serif;background-color:#ff00ff\"><strong><span style=\"font-size:24px\">3. Usos:<\/span><\/strong><\/span><\/p>\n<\/p>\n<p><img loading=\"lazy\" decoding=\"async\" alt=\"Filtro de estanque a presi\u00f3n SUNSUN con clarificador UV de 11w incorporado (CE,GS) CPF380\" src=\"http:\/\/localhost\/media\/import\/detail\/702245945_113.jpg\" width=\"600\" height=\"600\"> <\/p>\n<p><span style=\"font-size:18px\"><img loading=\"lazy\" decoding=\"async\" alt=\"Filtro de estanque a presi\u00f3n SUNSUN con clarificador UV de 11w incorporado (CE,GS) CPF380\" src=\"http:\/\/localhost\/media\/import\/detail\/701879133_225.jpg\" width=\"600\" height=\"600\"><\/span><\/p>\n<\/p>\n<p><span style=\"font-family:comic sans ms,sans-serif;background-color:#ff00ff\"><strong><span style=\"font-size:24px\">4.Otros modelos:<\/span><\/strong> <\/span><\/p>\n<p><span style=\"background-color:#ff0000\"><strong><span style=\"font-size:24px;font-family:times new roman,times\"><img loading=\"lazy\" decoding=\"async\" alt=\"Filtro de estanque a presi\u00f3n SUNSUN con clarificador UV de 11w incorporado (CE,GS) CPF380\" src=\"http:\/\/localhost\/media\/import\/detail\/481484123_442.jpg\" width=\"573\" height=\"396\"><\/span><\/strong><\/span><\/p>\n<\/p>\n<p><span style=\"background-color:#ff0000\"><strong><span style=\"font-size:24px;font-family:times new roman,times\"><img loading=\"lazy\" decoding=\"async\" alt=\"Filtro de estanque a presi\u00f3n SUNSUN con clarificador UV de 11w incorporado (CE,GS) CPF380\" src=\"http:\/\/localhost\/media\/import\/detail\/481488111_541.jpg\" width=\"600\" height=\"336\"><\/span><\/strong><\/span><\/p>\n<p> <img decoding=\"async\" alt=\"Filtro de estanque a presi\u00f3n SUNSUN con clarificador UV de 11w incorporado (CE,GS) CPF380\" src=\"http:\/\/localhost\/media\/import\/detail\/721438871_184.jpg\"><\/p>\n<\/p>\n<p> <img decoding=\"async\" alt=\"Filtro de estanque a presi\u00f3n SUNSUN con clarificador UV de 11w incorporado (CE,GS) CPF380\" src=\"http:\/\/localhost\/media\/import\/detail\/721439570_938.jpg\"><\/p>\n<\/p>\n<\/p>\n<p style=\"text-align:center\">\n<p style=\"text-align:center\"><span style=\"font-size:18px;font-family:comic sans ms,sans-serif;color:#ff00ff\"><strong><span style=\"font-style:italic\"><\/span><\/strong><\/span><\/p><\/p>\n","protected":false},"excerpt":{"rendered":"<p>Filtro de estanque a presi\u00f3n SUNSUN con clarificador UV incorporado de 11w (CE,GS) CPF380<\/p>\n","protected":false},"featured_media":5158,"comment_status":"open","ping_status":"closed","template":"","meta":[],"product_brand":[],"product_cat":[1146],"product_tag":[],"class_list":{"0":"post-29223","1":"product","2":"type-product","3":"status-publish","4":"has-post-thumbnail","6":"product_cat-bombas-de-agua-y-cabezales-de-potencia","8":"first","9":"instock","10":"shipping-taxable","11":"purchasable","12":"product-type-simple"},"_links":{"self":[{"href":"https:\/\/www.myaquastore.com\/es\/wp-json\/wp\/v2\/product\/29223","targetHints":{"allow":["GET"]}}],"collection":[{"href":"https:\/\/www.myaquastore.com\/es\/wp-json\/wp\/v2\/product"}],"about":[{"href":"https:\/\/www.myaquastore.com\/es\/wp-json\/wp\/v2\/types\/product"}],"replies":[{"embeddable":true,"href":"https:\/\/www.myaquastore.com\/es\/wp-json\/wp\/v2\/comments?post=29223"}],"wp:featuredmedia":[{"embeddable":true,"href":"https:\/\/www.myaquastore.com\/es\/wp-json\/wp\/v2\/media\/5158"}],"wp:attachment":[{"href":"https:\/\/www.myaquastore.com\/es\/wp-json\/wp\/v2\/media?parent=29223"}],"wp:term":[{"taxonomy":"product_brand","embeddable":true,"href":"https:\/\/www.myaquastore.com\/es\/wp-json\/wp\/v2\/product_brand?post=29223"},{"taxonomy":"product_cat","embeddable":true,"href":"https:\/\/www.myaquastore.com\/es\/wp-json\/wp\/v2\/product_cat?post=29223"},{"taxonomy":"product_tag","embeddable":true,"href":"https:\/\/www.myaquastore.com\/es\/wp-json\/wp\/v2\/product_tag?post=29223"}],"curies":[{"name":"wp","href":"https:\/\/api.w.org\/{rel}","templated":true}]}}