{"id":29225,"date":"2016-09-25T23:28:21","date_gmt":"2016-09-25T23:28:21","guid":{"rendered":"https:\/\/www.myaquastore.com\/product\/filtro-bioprensa-cpf-5000-con-recipiente-para-estanque-koi-de-9000l-h\/"},"modified":"2025-03-16T07:04:46","modified_gmt":"2025-03-16T07:04:46","slug":"filtro-bioprensa-cpf-5000-con-recipiente-para-estanque-koi-de-9000l-h","status":"publish","type":"product","link":"https:\/\/www.myaquastore.com\/es\/producto\/filtro-bioprensa-cpf-5000-con-recipiente-para-estanque-koi-de-9000l-h\/","title":{"rendered":"Filtro bioprensa CPF-5000 con recipiente para estanque Koi de 9000L\/h"},"content":{"rendered":"<div style=\"clear:both\"><\/div>\n<p style=\"text-align:center\"><span style=\"font-size:24px;font-family:'times new roman', times;color:#0000ff;background-color:#ffff00\"> <strong>Filtro bioprensador con recipiente para estanque Koi de 9000 l\/h CPF-5000<\/strong><\/span><\/p>\n<p style=\"text-align:center\">\n<p style=\"text-align:center\"><span style=\"font-family:georgia,palatino\"><strong><em><span style=\"font-size:14px\">Caracter\u00edsticas:<\/span><\/em><\/strong><\/span><\/p>\n<p style=\"text-align:center\"><span style=\"font-family:georgia,palatino\"><strong><em><span>1. Filtros de presi\u00f3n eficaces<\/span> <span style=\"font-size:14px\">con<span style=\"color:#ff0000\"> clarificador UVC integrado<\/span>.<\/span><\/em><\/strong><\/span><\/p>\n<p style=\"text-align:center\"><span style=\"font-family:georgia,palatino\"><strong><em><span>2. La salida se puede conectar con <span style=\"color:#ff0000\">bourn o cascada<\/span>.<\/span><\/em><\/strong><\/span><\/p>\n<p style=\"text-align:center\"><span style=\"font-family:georgia,palatino\"><strong><em><span style=\"font-size:14px\">3. Presi\u00f3n m\u00e1xima de trabajo <span style=\"color:#ff0000\">3 metros<\/span>.<\/span><\/em><\/strong><\/span><\/p>\n<p style=\"text-align:center\">\n<p style=\"text-align:center\"><span style=\"font-family:georgia,palatino\"><strong><em><span style=\"font-size:14px\">4. El dise\u00f1o m\u00e1s nuevo hace que el \u00e1rea de filtrado <span style=\"color:#ff0000\"> sea el doble que antes<\/span>, mejora el <\/span><\/em><\/strong><\/span><\/p>\n<p style=\"text-align:center\"><span style=\"font-family:georgia,palatino\"><strong><em><span style=\"font-size:14px\">efecto de filtrado y hace que el <span style=\"color:#ff0000\">mantenimiento mucho m\u00e1s prolongado<\/span> en general.<\/span><\/em><\/strong><\/span><\/p>\n<p style=\"text-align:center\">\n<p style=\"text-align:center\"><span style=\"font-size:14px;font-family:georgia,palatino\"><strong><span style=\"color:#003366\">Tantos tipos de pond<\/span> biofiltro de prensa aqu\u00ed, \u00a1le garantiza que puede encontrar el correcto aqu\u00ed!<\/strong><\/span><\/p>\n<table class=\"aliDataTable\" style=\"height:291px;width:99.21%\" border=\"4\">\n<tbody>\n<tr>\n<td>Modelo<\/td>\n<td>CPF-5000<\/td>\n<td>VPF-10000<\/td>\n<td>CPF-15000<\/td>\n<td>CPF-180<\/td>\n<td>CPF-250<\/td>\n<td>CPF-280<\/td>\n<td>CPF-380<\/td>\n<td>CPF-500<\/td>\n<\/tr>\n<tr>\n<td>M\u00e1x. Flujo continuo (L\/h)<\/td>\n<td>9000<\/td>\n<td>10000<\/td>\n<td>10000<\/td>\n<td>9000<\/td>\n<td>10000<\/td>\n<td>9000<\/td>\n<td>10000<\/td>\n<td>10000<\/td>\n<\/tr>\n<tr>\n<td>Salida\/entrada manguera adaptador<\/td>\n<td>3\/4~3\/2<\/td>\n<td>3\/4~3\/2<\/td>\n<td>3\/4~3\/2<\/td>\n<td>3\/4~3\/2<\/td>\n<td> 3\/4~3\/2<\/td>\n<td>3\/4~3\/2<\/td>\n<td>3\/4~3\/2<\/td>\n<td>3\/4~3\/2<\/td>\n<\/tr>\n<tr>\n<td>Colador de superficie<\/td>\n<td>\u00bf12m?<\/td>\n<td>20m?<\/td>\n<td>40m?<\/td>\n<td>8m?<\/td>\n<td>12m?<\/td>\n<td>12m?<\/td>\n<td>20m?<\/td>\n<td>40m?<\/td>\n<\/tr>\n<tr>\n<td>Apto para estanques con pez<\/td>\n<td>4m<sup>3<\/sup><\/td>\n<td> 6m<sup>3<\/sup><\/td>\n<td>10m<sup>3<\/sup><\/td>\n<td>3m<sup>3<\/sup><\/td>\n<td>5m<sup>3<\/sup><\/td>\n<td>4m<sup>3<\/sup><\/td>\n<td>6m<sup>3<\/sup><\/td>\n<td>10m<sup>3<\/sup><\/td>\n<\/tr>\n<tr>\n<td>Adecuado para decoraci\u00f3n estanques<\/td>\n<td>8m<sup>3<\/sup><\/td>\n<td>12m<sup>3<\/sup><\/td>\n<td>30m<sup>3<\/sup><\/td>\n<td>6m<sup>3<\/sup><\/td>\n<td> 10m<sup>3<\/sup><\/td>\n<td>8m<sup>3<\/sup><\/td>\n<td>12m<sup>3<\/sup><\/td>\n<td>30m<sup>3<\/sup><\/td>\n<\/tr>\n<tr>\n<td>Potencia de UV-C<\/td>\n<td>11W<\/td>\n<td>11W<\/td>\n<td>18W<\/td>\n<td>11W<\/td>\n<td>11W<\/td>\n<td>11W<\/td>\n<td>11W<\/td>\n<td>18W<\/td>\n<\/tr>\n<tr>\n<td>Real volumen<\/td>\n<td>20L<\/td>\n<td>25L<\/td>\n<td>38L<\/td>\n<td>20L<\/td>\n<td>25L<\/td>\n<td>20L<\/td>\n<td>25L<\/ td><\/p>\n<td>38L<\/td>\n<\/tr>\n<tr>\n<td>Ancho(mm)<\/td>\n<td>380<\/td>\n<td>380<\/td>\n<td>380<\/td>\n<td>380<\/td>\n<td>38 0<\/td>\n<td>380<\/td>\n<td>380<\/td>\n<td>380<\/td>\n<\/tr>\n<tr>\n<td>Alto(mm)<\/td>\n<td>410<\/td>\n<td>520<\/td>\n<td>730<\/td>\n<td>400<\/td>\n<td>510<\/td>\n<td>420<\/td>\n<td>530<\/td>\n<td>740<\/td>\n<\/tr>\n<\/tbody>\n<\/table>\n<p style=\"text-align:center\">\n<p style=\"text-align:center\"><img decoding=\"async\" alt=\"Filtro bioprensador con recipiente para estanque Koi de 9000 l\/h CPF-5000\" src=\"http:\/\/localhost\/media\/import\/detail\/534504187_989.jpg\"><img decoding=\"async\" alt=\"Filtro bioprensa de bote para estanque Koi de 9000L\/h CPF-5000\" src=\"http:\/\/localhost\/media\/import\/detail\/534504188_977.jpg\"><img decoding=\"async\" alt=\"Filtro bioprensa de bote para estanque Koi de 9000L\/h CPF-5000\" src=\"http:\/\/localhost\/media\/import\/detail\/534504191_565.jpg\"><\/p>\n<p style=\"text-align:center\"><img decoding=\"async\" alt=\"Filtro bioprensa con recipiente para estanque Koi de 9000L\/h CPF-5000\" src=\"http:\/\/localhost\/media\/import\/detail\/534505168_540.jpg\"><img decoding=\"async\" alt=\"9000L\/h Filtro bioprensa para estanque Koi CPF-5000\" src=\"http:\/\/localhost\/media\/import\/detail\/534505173_785.jpg\"><img decoding=\"async\" alt=\"9000L\/h Filtro bioprensa para estanque Koi CPF-5000\" src=\"http:\/\/localhost\/media\/import\/detail\/534505179_202.jpg\"><\/p>\n<p style=\"text-align:center\"><em><span style=\"font-size:14px;color:#ff0000\"><strong>Dibujo de reciclaje de agua<\/strong><\/span><\/em><\/p>\n<p style=\"text-align:center\"><img decoding=\"async\" alt=\"Filtro bioprensivo CPF-5000 con recipiente para estanque Koi de 9000 l\/h\" src=\"http:\/\/localhost\/media\/import\/detail\/534505185_906.jpg\"><img decoding=\"async\" alt=\"9000L\/h Filtro bioprensa para estanque Koi CPF-5000\" src=\"http:\/\/localhost\/media\/import\/detail\/534505189_739.jpg\"><\/p>\n<p style=\"text-align:center\"><span style=\"font-size:14px;font-family:georgia,palatino\"><strong><span style=\"color:#003366\">El dise\u00f1o m\u00e1s nuevo hace que el \u00e1rea de filtrado sea m\u00e1s grande que antes.<\/span><\/strong><\/span><\/p>\n<p style=\"text-align:center\"><span style=\"font-size:14px;font-family:georgia,palatino\"><strong><span style=\"color:#003366\">puede mejorar el efecto del filtrado en el mayor grado y extender el per\u00edodo de mantenimiento.<\/span><\/strong><\/span><\/p>\n<p style=\"text-align:center\"><span style=\"font-family:georgia,palatino\"><strong><span style=\"font-size:14px;color:#ff6600\"> <\/span><\/strong><\/span><\/p>\n<p style=\"text-align:center\"><span style=\"font-family:georgia,palatino\"><strong><span style=\"font-size:14px;color:#ff6600\">Usos pr\u00e1cticos: para que el agua de tu estanque est\u00e9 cristalina, <\/span><\/strong><\/span><\/p>\n<p style=\"text-align:center\"><span style=\"font-family:georgia,palatino\"><strong><span style=\"font-size:14px;color:#ff6600\">\u00a1m\u00e1s apto para el crecimiento saludable de peces y plantas!<\/span><\/strong><\/span><\/p>\n<p style=\"text-align:center\"><img decoding=\"async\" alt=\"Filtro prensador biol\u00f3gico de recipiente para estanque Koi de 9000L\/h CPF-5000\" src=\"http:\/\/localhost\/media\/import\/detail\/534510588_466.jpg\"><\/p>\n<p style=\"text-align:center\"><img decoding=\"async\" alt=\"Filtro prensador biol\u00f3gico de recipiente para estanque Koi de 9000L\/h CPF-5000 CPF-5000\" src=\"http:\/\/localhost\/media\/import\/detail\/534511038_451.jpg\"><\/p>\n<p style=\"text-align:center\">\n","protected":false},"excerpt":{"rendered":"<p>Filtro bioprensa CPF-5000 con recipiente para estanque Koi de 9000L\/h<\/p>\n","protected":false},"featured_media":5162,"comment_status":"open","ping_status":"closed","template":"","meta":[],"product_brand":[],"product_cat":[1146],"product_tag":[],"class_list":{"0":"post-29225","1":"product","2":"type-product","3":"status-publish","4":"has-post-thumbnail","6":"product_cat-bombas-de-agua-y-cabezales-de-potencia","8":"first","9":"instock","10":"shipping-taxable","11":"purchasable","12":"product-type-simple"},"_links":{"self":[{"href":"https:\/\/www.myaquastore.com\/es\/wp-json\/wp\/v2\/product\/29225","targetHints":{"allow":["GET"]}}],"collection":[{"href":"https:\/\/www.myaquastore.com\/es\/wp-json\/wp\/v2\/product"}],"about":[{"href":"https:\/\/www.myaquastore.com\/es\/wp-json\/wp\/v2\/types\/product"}],"replies":[{"embeddable":true,"href":"https:\/\/www.myaquastore.com\/es\/wp-json\/wp\/v2\/comments?post=29225"}],"wp:featuredmedia":[{"embeddable":true,"href":"https:\/\/www.myaquastore.com\/es\/wp-json\/wp\/v2\/media\/5162"}],"wp:attachment":[{"href":"https:\/\/www.myaquastore.com\/es\/wp-json\/wp\/v2\/media?parent=29225"}],"wp:term":[{"taxonomy":"product_brand","embeddable":true,"href":"https:\/\/www.myaquastore.com\/es\/wp-json\/wp\/v2\/product_brand?post=29225"},{"taxonomy":"product_cat","embeddable":true,"href":"https:\/\/www.myaquastore.com\/es\/wp-json\/wp\/v2\/product_cat?post=29225"},{"taxonomy":"product_tag","embeddable":true,"href":"https:\/\/www.myaquastore.com\/es\/wp-json\/wp\/v2\/product_tag?post=29225"}],"curies":[{"name":"wp","href":"https:\/\/api.w.org\/{rel}","templated":true}]}}