{"id":29243,"date":"2016-09-25T23:28:22","date_gmt":"2016-09-25T23:28:22","guid":{"rendered":"https:\/\/www.myaquastore.com\/product\/sunsun-jrb-230-calentador-de-pecera-de-300-w-calentador-sumergible-para-acuario-el-circuito-confiable-y-los-materiales-de-alta-calidad-garantizan-la-salida-de-calor\/"},"modified":"2025-03-16T07:04:50","modified_gmt":"2025-03-16T07:04:50","slug":"sunsun-jrb-230-calentador-de-pecera-de-300-w-calentador-sumergible-para-acuario-el-circuito-confiable-y-los-materiales-de-alta-calidad-garantizan-la-salida-de-calor","status":"publish","type":"product","link":"https:\/\/www.myaquastore.com\/es\/producto\/sunsun-jrb-230-calentador-de-pecera-de-300-w-calentador-sumergible-para-acuario-el-circuito-confiable-y-los-materiales-de-alta-calidad-garantizan-la-salida-de-calor\/","title":{"rendered":"Sunsun JRB-230 Calentador de pecera de 300 W\/calentador sumergible para acuario El circuito confiable y los materiales de alta calidad garantizan la salida de calor"},"content":{"rendered":"<div style=\"clear:both\"><\/div>\n<div id=\"ali-anchor-AliPostDhMb-mzd6r\" style=\"padding-top:8px\" data-section-title=\"nombre\" data-section=\"AliPostDhMb-mzd6r\">\n<div id=\"ali-title-AliPostDhMb-mzd6r\" style=\"border-bottom:#ddd 1px solid;padding-bottom:8px;padding-top:8px;padding-left:0px;padding-right:0px\"><span style=\"font-weight:bold;color:#333;padding-bottom:8px;padding-top:8px;padding-left:10px;line-height:12px;padding-right:10px;background-color:#ddd\">nombre<\/span><\/div>\n<div style=\"padding-bottom:10px;padding-top:10px;padding-left:0px;padding-right:0px\">\n<p style=\"text-align:center\"><img decoding=\"async\" alt=\"Calentador de pecera\/calentador sumergible para acuario Sunsun JRB-230 de 300 W para gran venta\" src=\"http:\/\/localhost\/media\/import\/detail\/HTB11qiMJVXXXXXWXVXXq6xXFXXXQ.jpg\"><span style=\"font-size:32px\"><strong><span style=\"font-size:24px\">Sunsun JRB-230 300W Calentador de pecera\/calentador sumergible para acuario ffor Venta caliente<\/span> <br \/><\/strong><\/span><\/p>\n<\/div>\n<\/div>\n<div id=\"ali-anchor-AliPostDhMb-r6mtb\" style=\"padding-top:8px\" data-section-title=\"Descripci\u00f3n del producto\" data-section=\"AliPostDhMb-r6mtb\">\n<div id=\"ali-title-AliPostDhMb-r6mtb\" style=\"border-bottom:#ddd 1px solid;padding-bottom:8px;padding-top:8px;padding-left:0px;padding-right:0px\"><span style=\"font-weight:bold;color:#333;padding-bottom:8px;padding-top:8px;padding-left:10px;line-height:12px;padding-right:10px;background-color:#ddd\">Descripci\u00f3n del producto<\/span><\/div>\n<div style=\"padding-bottom:10px;padding-top:10px;padding-left:0px;padding-right:0px\">\n<p style=\"font-size:18px\"><span style=\"background-color:#ffff00\">1. Descripci\u00f3n del calentador de pecera Sunsun<\/span><\/p>\n<\/p>\n<p><span style=\"font-size:14px;font-family:arial, helvetica, sans-serif\">1. El circuito confiable y los materiales de alta calidad garantizan la salida de calor y mantienen estable la temperatura del agua dentro del tanque.<\/span><\/p>\n<p><span style=\"font-size:14px;font-family:arial, helvetica, sans-serif\">2. Totalmente sumergible. Duradero y seguro. Dise\u00f1o novedoso.<\/span><\/p>\n<p><span style=\"font-size:14px;font-family:arial, helvetica, sans-serif\">3. Desenchuf\u00f3 el electrodom\u00e9stico 15 minutos antes de cambiar el agua.<\/span><\/p>\n<p><span style=\"font-size:14px;font-family:arial, helvetica, sans-serif\">4. La escala indicadora de temperatura se puede ajustar entre 20??C~34??C(65??F~93??F).<\/span><\/p>\n<\/p>\n<p><span style=\"font-size:12pt;font-family:Calibri\"><span style=\"font-size:18px;font-family:arial, helvetica, sans-serif;background-color:#ffff00\">2. Caracter\u00edsticas de <\/span><span style=\"font-size:18px\"><span style=\"font-family:arial, helvetica, sans-serif;background-color:#ffff00\"><span style=\"font-family:arial, helvetica, sans-serif\">Calentador de pecera Sunsun<\/span> <\/span><br \/><\/span><\/span><\/p>\n<\/p>\n<p><span style=\"font-size:14px;font-family:arial, helvetica, sans-serif\">1.Completamente sumergible. <\/span><\/p>\n<p><span style=\"font-size:14px;font-family:arial, helvetica, sans-serif\">2.La bobina calefactora helicoidal de n\u00edquel cromado est\u00e1 dise\u00f1ada para una vida \u00fatil m\u00e1xima y un calentamiento uniforme.<\/span><\/p>\n<p><span style=\"font-size:14px;font-family:arial, helvetica, sans-serif\">3.Agua dulce y salada compatible.<\/span><\/p>\n<p><span style=\"font-size:14px;font-family:arial, helvetica, sans-serif\">Cristal resistente a los golpes de 4,2 mm de espesor.<\/span><\/p>\n<p><span style=\"font-size:14px;font-family:arial, helvetica, sans-serif\">5.Dial de control de temperatura de f\u00e1cil acceso.<br \/>6.La temperatura se puede ajustar entre 20-34 grados o 65-93 Fahrenheit.<\/span><\/p>\n<\/p>\n<p><span style=\"font-size:18px\"><span style=\"background-color:#ffff00\">3. Precauci\u00f3n con el calentador de pecera Sunsun<\/span> <br \/><\/span><\/p>\n<\/p>\n<p><span style=\"font-size:14px;font-family:Arial\">1. El nivel del agua no debe estar por debajo de la marca \u00abM\u00cdNIMO\u00bb<\/span><\/p>\n<p><span style=\"font-size:14px;font-family:Arial\">2. La inmersi\u00f3n m\u00e1xima debe estar dentro de 120 cm<\/span><\/p>\n<p><span style=\"font-size:14px;font-family:Arial\">3.El enchufe siempre est\u00e1 m\u00e1s alto que el tanque de agua<\/span><\/p>\n<\/p>\n<p style=\"font-size:18px\"><span style=\"background-color:#ffff00\">4. Detalles del calentador para peceras Sunsun<\/span><\/p>\n<p style=\"font-size:18px\">\n<p style=\"font-size:18px\"><img decoding=\"async\" alt=\"Calentador para peceras\/calentador sumergible para acuarios Sunsun JRB-230 de 300 W para gran venta\" src=\"http:\/\/localhost\/media\/import\/detail\/HTB1CrrJJFXXXXaMXXXXq6xXFXXXF.jpg\"><img decoding=\"async\" alt=\"Calentador de pecera\/calentador sumergible para acuario Sunsun JRB-230 de 300 W para venta caliente\" src=\"http:\/\/localhost\/media\/import\/detail\/HTB1A9_IJFXXXXa4XXXXq6xXFXXXv.jpg\"><img decoding=\"async\" alt=\"Calentador de pecera\/calentador sumergible para acuario Sunsun JRB-230 de 300 W para venta caliente\" src=\"http:\/\/localhost\/media\/import\/detail\/HTB1iPPwJFXXXXb.XpXXq6xXFXXXH.jpg\"><img decoding=\"async\" alt=\"Calentador de pecera\/calentador sumergible para acuario Sunsun JRB-230 de 300 W para venta caliente\" src=\"http:\/\/localhost\/media\/import\/detail\/HTB1jJzCJFXXXXX_XpXXq6xXFXXXs.jpg\"><img decoding=\"async\" alt=\"Calentador de pecera\/calentador sumergible para acuario Sunsun JRB-230 de 300 W para venta caliente\" src=\"http:\/\/localhost\/media\/import\/detail\/HTB1ARYyJFXXXXbrXpXXq6xXFXXXO.jpg\"><img decoding=\"async\" alt=\"Calentador de pecera\/calentador sumergible para acuario Sunsun JRB-230 de 300 W para venta caliente\" src=\"http:\/\/localhost\/media\/import\/detail\/HTB15n3_FFXXXXXaXXXXq6xXFXXXH.jpg\"><\/p>\n<\/p>\n<\/div>\n<\/div>\n<div style=\"clear:both\"><\/div>\n","protected":false},"excerpt":{"rendered":"<p>Sunsun JRB-230 Calentador de pecera de 300 W\/calentador sumergible para acuario El circuito confiable y los materiales de alta calidad garantizan la salida de calor<\/p>\n","protected":false},"featured_media":5198,"comment_status":"open","ping_status":"closed","template":"","meta":[],"product_brand":[],"product_cat":[1201],"product_tag":[],"class_list":{"0":"post-29243","1":"product","2":"type-product","3":"status-publish","4":"has-post-thumbnail","6":"product_cat-calentador-y-amplificador-de-acuario-controlador-de-temperatura","8":"first","9":"instock","10":"shipping-taxable","11":"purchasable","12":"product-type-simple"},"_links":{"self":[{"href":"https:\/\/www.myaquastore.com\/es\/wp-json\/wp\/v2\/product\/29243","targetHints":{"allow":["GET"]}}],"collection":[{"href":"https:\/\/www.myaquastore.com\/es\/wp-json\/wp\/v2\/product"}],"about":[{"href":"https:\/\/www.myaquastore.com\/es\/wp-json\/wp\/v2\/types\/product"}],"replies":[{"embeddable":true,"href":"https:\/\/www.myaquastore.com\/es\/wp-json\/wp\/v2\/comments?post=29243"}],"wp:featuredmedia":[{"embeddable":true,"href":"https:\/\/www.myaquastore.com\/es\/wp-json\/wp\/v2\/media\/5198"}],"wp:attachment":[{"href":"https:\/\/www.myaquastore.com\/es\/wp-json\/wp\/v2\/media?parent=29243"}],"wp:term":[{"taxonomy":"product_brand","embeddable":true,"href":"https:\/\/www.myaquastore.com\/es\/wp-json\/wp\/v2\/product_brand?post=29243"},{"taxonomy":"product_cat","embeddable":true,"href":"https:\/\/www.myaquastore.com\/es\/wp-json\/wp\/v2\/product_cat?post=29243"},{"taxonomy":"product_tag","embeddable":true,"href":"https:\/\/www.myaquastore.com\/es\/wp-json\/wp\/v2\/product_tag?post=29243"}],"curies":[{"name":"wp","href":"https:\/\/api.w.org\/{rel}","templated":true}]}}