{"id":29255,"date":"2016-09-25T23:28:22","date_gmt":"2016-09-25T23:28:22","guid":{"rendered":"https:\/\/www.myaquastore.com\/product\/sunsun-gsce-120w-dc-bomba-de-aire-magnetica-permanente-para-peces-vivos\/"},"modified":"2025-03-16T07:04:53","modified_gmt":"2025-03-16T07:04:53","slug":"sunsun-gsce-120w-dc-bomba-de-aire-magnetica-permanente-para-peces-vivos","status":"publish","type":"product","link":"https:\/\/www.myaquastore.com\/es\/producto\/sunsun-gsce-120w-dc-bomba-de-aire-magnetica-permanente-para-peces-vivos\/","title":{"rendered":"SUNSUN GS,CE 120W DC Bomba de aire magn\u00e9tica permanente para peces vivos&#8230;"},"content":{"rendered":"<div style=\"clear:both\"><\/div>\n<p><span style=\"font-size:24px;color:#ff0000\"><span style=\"background-color:#c0c0c0\">SUNSUN Bomba de aire magn\u00e9tica permanente de 120 W CC para aireador de peces vivos <\/span><\/span><\/p>\n<table style=\"height:300px;width:598px\" cellpadding=\"0\" border=\"1\">\n<tbody>\n<tr style=\"height:15.6pt\" align=\"izquierda\">\n<td valign=\"top\">\n<p><span style=\"font-size:14px\">1.Item<\/span><\/p>\n<\/td>\n<td style=\"width:197.05pt\" valign=\"top\">\n<p><span style=\"font-size:14px\">Bomba de aire para acuario SUNSUN dc <\/span><\/p>\n<\/td>\n<\/tr>\n<tr style=\"height:15.6pt\" align=\"izquierda\">\n<td valign=\"top\">\n<p><span style=\"font-size:14px\">2.Modelo<\/span><\/p>\n<\/td>\n<td style=\"width:197.05pt\" valign=\"top\">\n<p><span style=\"font-size:14px\">HZ-120<\/span><\/p>\n<\/td>\n<\/tr>\n<tr style=\"height:15.6pt\" align=\"izquierda\">\n<td valign=\"top\">\n<p><span style=\"font-size:14px\">3.Voltaje<\/span><\/p>\n<\/td>\n<td style=\"width:197.05pt\" valign=\"top\">\n<p><span style=\"font-size:14px\">CC 12V<\/span><\/p>\n<\/td>\n<\/tr>\n<tr style=\"height:16.35pt\" align=\"left\">\n<td valign=\"top\">\n<p><span style=\"font-size:14px\">4.Frecuencia<\/span><\/p>\n<\/td>\n<td valign=\"top\">\n<p><span style=\"font-size:14px\">50Hz<\/span><\/p>\n<\/td>\n<\/tr>\n<tr style=\"height:15.6pt\" align=\"left\">\n<td valign=\"top\">\n<p><span style=\"font-size:14px\">5.Potencia<\/span><\/p>\n<\/td>\n<td valign=\"top\">\n<p><span style=\"font-size:14px\">120W<\/span><\/p>\n<\/td>\n<\/tr>\n<tr style=\"height:16.35pt\" align=\"left\">\n<td valign=\"top\">\n<p><span style=\"font-size:14px\">6.Presi\u00f3n<\/span><\/p>\n<\/td>\n<td valign=\"top\">\n<p><span style=\"font-size:14px\">0.1MPa<\/span><\/p>\n<\/td>\n<\/tr>\n<tr style=\"height:15.6pt\" align=\"left\">\n<td valign=\"top\">\n<p><span style=\"font-size:14px\">7.Peso<\/span><\/p>\n<\/td>\n<td valign=\"top\">\n<p><span style=\"font-size:14px\">4Kg<\/span><\/p>\n<\/td>\n<\/tr>\n<tr style=\"height:16.35pt\" align=\"left\">\n<td valign=\"top\">\n<p><span style=\"font-size:14px\">8.Size<\/span><\/p>\n<\/td>\n<td valign=\"top\">\n<p><span style=\"font-size:14px\">265*140*151mm<\/span><\/p>\n<\/td>\n<\/tr>\n<tr style=\"height:16.35pt\" align=\"left\">\n<td valign=\"top\">\n<p><span style=\"font-size:14px\">9.Salida<\/span><\/p>\n<\/td>\n<td valign=\"top\">\n<p><span style=\"font-size:14px\">125L\/min<\/span><\/p>\n<\/td>\n<\/tr>\n<tr style=\"height:17.25pt\" align=\"left\">\n<td valign=\"top\">\n<p><span style=\"font-size:14px\">10.Brand<\/span><\/p>\n<\/td>\n<td valign=\"top\">\n<p><span style=\"font-size:14px\">SUNSUN<\/span><\/p>\n<\/td>\n<\/tr>\n<tr style=\"height:15pt\" align=\"left\">\n<td valign=\"top\">\n<p><span style=\"font-size:14px\">11.Calidad<\/span><\/p>\n<\/td>\n<td valign=\"top\">\n<p><span style=\"font-size:14px\">Mejor calidad; <br \/><\/span><\/p>\n<p align=\"left\"><span style=\"font-size:14px\">la empresa de productos para acuarios m\u00e1s grande de China.<\/span><\/p>\n<\/td>\n<\/tr>\n<tr style=\"height:4.6pt\" align=\"left\">\n<td valign=\"top\">\n<p><span style=\"font-size:14px\">12.Punto de venta <\/span><\/p>\n<\/td>\n<td valign=\"top\">\n<p><span style=\"font-size:14px\">Marca reconocida en China; seguro y confiable, aprobado por CE, GS<\/span><\/p>\n<\/td>\n<\/tr>\n<\/tbody>\n<\/table>\n<p> <span style=\"font-size:24px;color:#000000;background-color:#c0c0c0\">1) Caracter\u00edstica de la bomba de aire<\/span><span style=\"font-size:16px;color:#ff0000\"><span style=\"font-family:arial, helvetica, sans-serif\"><strong><span style=\"color:#000000\"> <\/span><\/strong><\/span><\/span><\/p>\n<p><img decoding=\"async\" alt=\"SUNSUN GS,CE 120W DC Bomba de aire magn\u00e9tica permanente para aireador de peces vivos\" src=\"http:\/\/localhost\/media\/import\/detail\/810785855_244.jpg\"><img decoding=\"async\" alt=\"SUNSUN GS,CE 120W DC Bomba de aire magn\u00e9tica permanente para aireador de peces vivos\" src=\"http:\/\/localhost\/media\/import\/detail\/810785859_949.jpg\"> <\/p>\n<\/p>\n<p><span style=\"font-size:16px;color:#ff0000\"><span style=\"font-family:arial, helvetica, sans-serif\"><strong><span style=\"color:#000000\"><img loading=\"lazy\" decoding=\"async\" alt=\"SUNSUN GS,CE 120W CC Bomba de aire magn\u00e9tica permanente para aireador de peces vivos\" src=\"http:\/\/localhost\/media\/import\/detail\/540837820_876.jpg\" width=\"615\" height=\"155\"><\/span><\/strong><\/span><\/span><\/p>\n<p><span style=\"font-size:16px;color:#ff0000\"><span style=\"font-family:arial, helvetica, sans-serif\"><strong><span style=\"color:#000000\"><span style=\"font-size:16px\"><span style=\"font-size:16px\">SUNSUN es un conocido chino marca registrada<\/span><\/span><\/span><\/strong><\/span><\/span><\/p>\n<\/p>\n<p><strong>1<\/strong><span style=\"font-size:14px\">. Adopte un motor magn\u00e9tico permanente de CC de excelente calidad, que hace que el pist\u00f3n se mueva rec\u00edprocamente<\/span><\/p>\n<\/p>\n<p><span style=\"font-size:14px\"> en el cilindro y produzca un flujo de aire de gran salida y alta presi\u00f3n.<\/span><\/p>\n<\/p>\n<p><span style=\"font-size:14px\">2. Dise\u00f1o lubricante sin aceite para producir aire comprimido m\u00e1s puro.<\/span><\/p>\n<\/p>\n<p><span style=\"font-size:14px\">3. Adoptar aleaci\u00f3n de aluminio. el estuche es peque\u00f1o en volumen, r\u00e1pido en disipaci\u00f3n de calor y f\u00e1cil de mover.<\/span><\/p>\n<\/p>\n<p><span style=\"font-size:14px\">4. disposici\u00f3n de fosforizado, coloraci\u00f3n regular y fuerza adhesiva. <\/span><\/p>\n<\/p>\n<p><span style=\"font-size:24px;background-color:#c0c0c0\"><strong>2)Aplicaci\u00f3n de bomba de aire<\/strong><\/span><\/p>\n<\/p>\n<p><span style=\"font-size:14px\">Ser adecuado para peces vivos en veh\u00edculos, restaurantes e industrias<\/span>.<\/p>\n<\/p>\n<p> <span style=\"font-size:24px;background-color:#c0c0c0\"><strong>3)Nota<\/strong><\/span><\/p>\n<\/p>\n<p><span style=\"font-size:10.5pt\">Coloque la bomba de aire por encima del nivel del agua para evitar que el agua fluya hacia atr\u00e1s, o debe ajustarse con un valor de no retorno.<\/span><\/p>\n<\/p>\n<p><span style=\"color:#000000;background-color:#c0c0c0\"><span style=\"font-size:x-large\"><span style=\"font-size:24px\">4)Par\u00e1metro de la bomba de aire <\/span><\/span><\/span><\/p>\n<\/p>\n<table style=\"height:253px;width:98.78%\" border=\"4\">\n<tbody>\n<tr>\n<td>Modelo<\/td>\n<td>Voltaje<\/td>\n<td>Potencia<\/td>\n<td>Presi\u00f3n<\/td>\n<td>Salida<\/td>\n<td>Peso<\/td>\n<td>Dimensiones<\/td>\n<\/tr>\n<tr>\n<td>HZ-035A<\/td>\n<td>CC 12V<\/td>\n<td>35W<\/td>\n<td>0.055MPa<\/td>\n<td>50L\/min<\/td>\n<td>1.8kg<\/td>\n<td>200*96*122mm<\/td>\n<\/tr>\n<tr>\n<td>HZ-060<\/td>\n<td>CC 12V<\/td>\n<td>60W<\/td>\n<td>0.07MPa<\/td>\n<td>85L\/min<\/td>\n<td>3kg<\/td>\n<td>235*110*140mm<\/td>\n<\/tr>\n<tr>\n<td>HZ-100<\/td>\n<td>CC 12V<\/td>\n<td>100W<\/td>\n<td>0.08MPa<\/td>\n<td>105L\/min<\/td>\n<td>3.8kg<\/td>\n<td>255*124*150mm<\/td>\n<\/tr>\n<tr>\n<td>HZ-120<\/td>\n<td>CC 12V<\/td>\n<td>120W<\/td>\n<td>0.1MPa<\/td>\n<td>125L\/min<\/td>\n<td>4kg<\/td>\n<td>265*140*151mm<\/td>\n<\/tr>\n<tr>\n<td>HZ-035B<\/td>\n<td>CC 6V<\/td>\n<td>35W<\/td>\n<td>0.055MPa<\/td>\n<td>50L\/min<\/td>\n<td>1.8kg<\/td>\n<td>200*96*122mm<\/td>\n<\/tr>\n<tr>\n<td>HZ-100A<\/td>\n<td>CC 24V<\/td>\n<td>100W<\/td>\n<td>0.08MPa<\/td>\n<td>105 L\/min L\/min<\/td>\n<td>3.8kg<\/td>\n<td>255*124*150mm<\/td>\n<\/tr>\n<tr>\n<td>HZ-120A<\/td>\n<td>CC 24V<\/td>\n<td>120W<\/td>\n<td>0.1MPa<\/td>\n<td>125L\/min<\/td>\n<td>4kg<\/td>\n<td>265*140*151mm<\/td>\n<\/tr>\n<tr>\n<td>HT-200 \/-Z<\/td>\n<td>220V\/50Hz<\/td>\n<td>20W<\/td>\n<td>25kpa<\/td>\n<td>1.8cbm\/h<\/td>\n<td>3.0kg<\/td>\n<td>230*140*150mm<\/td>\n<\/tr>\n<tr>\n<td>HT-400<\/td>\n<td>220V\/50Hz<\/td>\n<td>30W<\/td>\n<td>25kpa<\/td>\n<td>2.4cbm\/h<\/td>\n<td>3.5kg<\/td>\n<td>258* 168*179mm<\/td>\n<\/tr>\n<tr>\n<td>HT-500<\/td>\n<td>220V\/50Hz<\/td>\n<td>50W<\/td>\n<td>30kpa<\/td>\n<td>3.5cbm\/h<\/td>\n<td>5.5 kg<\/td>\n<td>226,5*165*220 mm<\/td>\n<\/tr>\n<tr>\n<td>HT-501<\/td>\n<td>220V\/50Hz<\/td>\n<td>50W<\/td>\n<td>30kpa<\/td>\n<td>2,8 cbm\/h<\/td>\n<td>5,5kg<\/td>\n<td>224,5*165*200mm<\/td>\n<\/tr>\n<tr>\n<td>HT-650<\/td>\n<td>220V\/50Hz<\/td>\n<td>65W<\/td>\n<td> 35kpa<\/td>\n<td>4,5cbm\/h<\/td>\n<td>5,5kg<\/td>\n<td>226,5*165*220mm<\/td>\n<\/tr>\n<tr>\n<td>HT-651<\/td>\n<td>220V\/50Hz<\/td>\n<td>65W<\/td>\n<td>35kpa<\/td>\n<td>3,4cbm\/h<\/td>\n<td>6,5kg<\/td>\n<td>224,5*165*216mm<\/td>\n<\/tr>\n<\/tbody>\n<\/table>\n<p><span style=\"color:#000000\"><span style=\"font-size:24px;background-color:#c0c0c0\">5) bomba de aire para serie<\/span><span style=\"font-size:24px\"> <\/span> <\/span> <\/p>\n<p><span style=\"font-size:18px;color:#ff0000\">HZ series:<\/span> <\/p>\n<p><img loading=\"lazy\" decoding=\"async\" alt=\"SUNSUN GS,CE 120W DC Bomba de aire magn\u00e9tica permanente para aireador de peces vivos\" src=\"http:\/\/localhost\/media\/import\/detail\/549368637_018.jpg\" width=\"631\" height=\"256\"><\/p>\n<p><span style=\"font-size:18px;color:#ff0000\"><img loading=\"lazy\" decoding=\"async\" alt=\"SUNSUN GS,CE 120W DC Bomba de aire magn\u00e9tica permanente para aireador de peces vivos\" src=\"http:\/\/localhost\/media\/import\/detail\/549367972_470.jpg\" width=\"640\" height=\"138\"><\/span><\/p><\/p>\n","protected":false},"excerpt":{"rendered":"<p>SUNSUN GS,CE 120W DC Bomba de aire magn\u00e9tica permanente para peces vivos&#8230;<\/p>\n","protected":false},"featured_media":5222,"comment_status":"open","ping_status":"closed","template":"","meta":[],"product_brand":[],"product_cat":[1212],"product_tag":[],"class_list":{"0":"post-29255","1":"product","2":"type-product","3":"status-publish","4":"has-post-thumbnail","6":"product_cat-bombas-de-aire-y-suministros","8":"first","9":"instock","10":"shipping-taxable","11":"purchasable","12":"product-type-simple"},"_links":{"self":[{"href":"https:\/\/www.myaquastore.com\/es\/wp-json\/wp\/v2\/product\/29255","targetHints":{"allow":["GET"]}}],"collection":[{"href":"https:\/\/www.myaquastore.com\/es\/wp-json\/wp\/v2\/product"}],"about":[{"href":"https:\/\/www.myaquastore.com\/es\/wp-json\/wp\/v2\/types\/product"}],"replies":[{"embeddable":true,"href":"https:\/\/www.myaquastore.com\/es\/wp-json\/wp\/v2\/comments?post=29255"}],"wp:featuredmedia":[{"embeddable":true,"href":"https:\/\/www.myaquastore.com\/es\/wp-json\/wp\/v2\/media\/5222"}],"wp:attachment":[{"href":"https:\/\/www.myaquastore.com\/es\/wp-json\/wp\/v2\/media?parent=29255"}],"wp:term":[{"taxonomy":"product_brand","embeddable":true,"href":"https:\/\/www.myaquastore.com\/es\/wp-json\/wp\/v2\/product_brand?post=29255"},{"taxonomy":"product_cat","embeddable":true,"href":"https:\/\/www.myaquastore.com\/es\/wp-json\/wp\/v2\/product_cat?post=29255"},{"taxonomy":"product_tag","embeddable":true,"href":"https:\/\/www.myaquastore.com\/es\/wp-json\/wp\/v2\/product_tag?post=29255"}],"curies":[{"name":"wp","href":"https:\/\/api.w.org\/{rel}","templated":true}]}}