{"id":29257,"date":"2016-09-25T23:28:22","date_gmt":"2016-09-25T23:28:22","guid":{"rendered":"https:\/\/www.myaquastore.com\/product\/bomba-de-refuerzo-de-gas-sunsun-ideal-para-suministrar-presion-de-aire-a-filtros-debajo-de-grava-y-de-caja-ht-400\/"},"modified":"2025-03-16T07:04:53","modified_gmt":"2025-03-16T07:04:53","slug":"bomba-de-refuerzo-de-gas-sunsun-ideal-para-suministrar-presion-de-aire-a-filtros-debajo-de-grava-y-de-caja-ht-400","status":"publish","type":"product","link":"https:\/\/www.myaquastore.com\/es\/producto\/bomba-de-refuerzo-de-gas-sunsun-ideal-para-suministrar-presion-de-aire-a-filtros-debajo-de-grava-y-de-caja-ht-400\/","title":{"rendered":"Bomba de refuerzo de gas SUNSUN ideal para suministrar presi\u00f3n de aire a filtros debajo de grava y de caja HT-400"},"content":{"rendered":"<div style=\"clear:both\"><\/div>\n<p><span style=\"font-size:18px\"><strong>Bomba de refuerzo de gas SUNSUN<\/strong><\/span><\/p>\n<div id=\"ali-anchor-AliPostDhMb-yisoh\" style=\"padding-top:8px\" data-section-title=\"Descripci\u00f3n del producto\" data-section=\"AliPostDhMb-yisoh\">\n<div id=\"ali-title-AliPostDhMb-yisoh\" style=\"border-bottom:#ddd 1px solid;padding-bottom:8px;padding-top:8px;padding-left:0px;padding-right:0px\"><span style=\"font-weight:bold;color:#333;padding-bottom:8px;padding-top:8px;padding-left:10px;line-height:12px;padding-right:10px;background-color:#ddd\">Descripci\u00f3n del producto<\/span><\/div>\n<div style=\"padding-bottom:10px;padding-top:10px;padding-left:0px;padding-right:0px\">\n<div style=\"height:42px;width:750px\">\n<div style=\"height:42px;float:left;width:25px;background-color:#00ccff\"> <\/div>\n<div style=\"height:30px;float:right;color:#ffffff;padding-bottom:5px;padding-top:5px;padding-left:0px;padding-right:0px;width:720px;background-color:#0099ff\">\n<div style=\"font-size:24px;border-top:#ffffff 1px solid;height:30px;font-family:Arial;border-bottom:#ffffff 1px solid;font-weight:bold;font-style:italic;padding-left:10px;line-height:30px;width:720px\">Visualizaci\u00f3n del producto<\/div>\n<\/div>\n<\/div>\n<\/div>\n<\/div>\n<p><strong><span style=\"font-size:16px\">CARACTER\u00cdSTICAS:<\/span><\/strong><\/p>\n<p><span style=\"font-size:14px\">Esta bomba de aire para la industria es ideal para suministrar presi\u00f3n de aire a filtros debajo de grava y de caja, piedras difusoras y desnatadores de prote\u00ednas que utilizan piedras difusoras de cer\u00e1mica. Es f\u00e1cilmente ajustable, con un control para alterar el circuito magn\u00e9tico en la parte superior de la bomba. Duradero y eficiente.<\/span><\/p>\n<p><span style=\"font-size:14px\"><img decoding=\"async\" alt=\"Bomba de refuerzo de gas SUNSUN\" src=\"http:\/\/localhost\/media\/import\/detail\/HTB12RuHGVXXXXbiXXXXq6xXFXXXU.jpg\"><img decoding=\"async\" alt=\"Bomba de refuerzo de gas SUNSUN bomba\" src=\"http:\/\/localhost\/media\/import\/detail\/HTB1asOEGVXXXXaAXpXXq6xXFXXX8.jpg\"><img decoding=\"async\" alt=\"Bomba de refuerzo de gas SUNSUN\" src=\"http:\/\/localhost\/media\/import\/detail\/HTB168GJGVXXXXXpXXXXq6xXFXXX2.jpg\"><img decoding=\"async\" alt=\"Bomba de refuerzo de gas SUNSUN\" src=\"http:\/\/localhost\/media\/import\/detail\/HTB1Uw5FGVXXXXc0XXXXq6xXFXXXi.jpg\"><img decoding=\"async\" alt=\"Bomba de refuerzo de gas SUNSUN\" src=\"http:\/\/localhost\/media\/import\/detail\/HTB1.sCzGVXXXXbSXFXXq6xXFXXXY.jpg\"><img decoding=\"async\" alt=\"Bomba de refuerzo de gas SUNSUN\" src=\"http:\/\/localhost\/media\/import\/detail\/HTB1XAOBGVXXXXXqXFXXq6xXFXXXc.jpg\"><\/span><\/p>\n<p data-section-blank=\"AliPostDhMb-ajolc\">\n<div id=\"ali-anchor-AliPostDhMb-ajolc\" style=\"padding-top:8px\" data-section-title=\"Informaci\u00f3n de la empresa\" data-section=\"AliPostDhMb-ajolc\"> <\/div>\n","protected":false},"excerpt":{"rendered":"<p>Bomba de refuerzo de gas SUNSUN ideal para suministrar presi\u00f3n de aire a filtros debajo de grava y de caja HT-400<\/p>\n","protected":false},"featured_media":5226,"comment_status":"open","ping_status":"closed","template":"","meta":[],"product_brand":[],"product_cat":[1212],"product_tag":[],"class_list":{"0":"post-29257","1":"product","2":"type-product","3":"status-publish","4":"has-post-thumbnail","6":"product_cat-bombas-de-aire-y-suministros","8":"first","9":"instock","10":"shipping-taxable","11":"purchasable","12":"product-type-simple"},"_links":{"self":[{"href":"https:\/\/www.myaquastore.com\/es\/wp-json\/wp\/v2\/product\/29257","targetHints":{"allow":["GET"]}}],"collection":[{"href":"https:\/\/www.myaquastore.com\/es\/wp-json\/wp\/v2\/product"}],"about":[{"href":"https:\/\/www.myaquastore.com\/es\/wp-json\/wp\/v2\/types\/product"}],"replies":[{"embeddable":true,"href":"https:\/\/www.myaquastore.com\/es\/wp-json\/wp\/v2\/comments?post=29257"}],"wp:featuredmedia":[{"embeddable":true,"href":"https:\/\/www.myaquastore.com\/es\/wp-json\/wp\/v2\/media\/5226"}],"wp:attachment":[{"href":"https:\/\/www.myaquastore.com\/es\/wp-json\/wp\/v2\/media?parent=29257"}],"wp:term":[{"taxonomy":"product_brand","embeddable":true,"href":"https:\/\/www.myaquastore.com\/es\/wp-json\/wp\/v2\/product_brand?post=29257"},{"taxonomy":"product_cat","embeddable":true,"href":"https:\/\/www.myaquastore.com\/es\/wp-json\/wp\/v2\/product_cat?post=29257"},{"taxonomy":"product_tag","embeddable":true,"href":"https:\/\/www.myaquastore.com\/es\/wp-json\/wp\/v2\/product_tag?post=29257"}],"curies":[{"name":"wp","href":"https:\/\/api.w.org\/{rel}","templated":true}]}}