{"id":29286,"date":"2016-09-25T23:28:23","date_gmt":"2016-09-25T23:28:23","guid":{"rendered":"https:\/\/www.myaquastore.com\/product\/accesorios-sunsun-para-filtro-de-acuario-estanque-cpf-10000-filtros-de-presion-eficaces-con-purificador-uvc-integrado\/"},"modified":"2025-03-16T07:05:00","modified_gmt":"2025-03-16T07:05:00","slug":"accesorios-sunsun-para-filtro-de-acuario-estanque-cpf-10000-filtros-de-presion-eficaces-con-purificador-uvc-integrado","status":"publish","type":"product","link":"https:\/\/www.myaquastore.com\/es\/producto\/accesorios-sunsun-para-filtro-de-acuario-estanque-cpf-10000-filtros-de-presion-eficaces-con-purificador-uvc-integrado\/","title":{"rendered":"Accesorios SUNSUN para filtro de acuario\/estanque CPF-10000 Filtros de presi\u00f3n eficaces con purificador UVC integrado"},"content":{"rendered":"<div style=\"clear:both\"><\/div>\n<div id=\"ali-anchor-AliPostDhMb-pcaa6\" style=\"padding-top:8px\" data-section-title=\"Descripci\u00f3n del producto\" data-section=\"AliPostDhMb-pcaa6\">\n<div id=\"ali-title-AliPostDhMb-pcaa6\" style=\"border-bottom:#ddd 1px solid;padding-bottom:8px;padding-top:8px;padding-left:0px;padding-right:0px\"><span style=\"font-weight:bold;color:#333;padding-bottom:8px;padding-top:8px;padding-left:10px;line-height:12px;padding-right:10px;background-color:#ddd\">Descripci\u00f3n del producto<\/span><\/div>\n<div style=\"padding-bottom:10px;padding-top:10px;padding-left:0px;padding-right:0px\">\n<div style=\"height:42px;width:750px\">\n<div style=\"height:42px;float:left;width:25px;background-color:#00ccff\"> <\/div>\n<div style=\"height:30px;float:right;color:#ffffff;padding-bottom:5px;padding-top:5px;padding-left:0px;padding-right:0px;width:720px;background-color:#0099ff\">\n<div style=\"font-size:24px;border-top:#ffffff 1px solid;height:30px;font-family:Arial;border-bottom:#ffffff 1px solid;font-weight:bold;font-style:italic;padding-left:10px;line-height:30px;width:720px\">Visualizaci\u00f3n del producto<\/div>\n<\/div>\n<\/div>\n<\/div>\n<\/div>\n<p data-section-blank=\"AliPostDhMb-pcaa6\"><span style=\"font-size:18pt\"><strong>Accesorios SUNSUN para filtro de acuario\/estanque<\/strong><\/span><\/p>\n<p data-section-blank=\"AliPostDhMb-pcaa6\">\n<p data-section-blank=\"AliPostDhMb-pcaa6\"><strong><span style=\"font-size:16px\">CARACTER\u00cdSTICAS:<\/span><\/strong><\/p>\n<p data-section-blank=\"AliPostDhMb-pcaa6\"><span style=\"font-size:14px\">1. Filtros de presi\u00f3n eficaces con purificador UVC integrado<br \/>2. La salida se puede conectar con bourn o cascada.<br \/>3.Presi\u00f3n m\u00e1xima de trabajo 3 metros.<br \/>4.Tecnolog\u00eda de limpieza patentada, limpie el filtro con la mano<br \/>apenas tocando el filtro<br \/>5.El dise\u00f1o m\u00e1s nuevo hace que el \u00e1rea de iltrata sea el doble que antes, mejora<br \/>el efecto del filtrado y hace que el mantenimiento sea mucho m\u00e1s largo en general.<\/span><\/p>\n<p data-section-blank=\"AliPostDhMb-pcaa6\">\n<p data-section-blank=\"AliPostDhMb-pcaa6\"><span style=\"font-size:16px\"><strong>PAR\u00c1METRO:<\/strong><\/span><\/p>\n<table class=\"aliDataTable\" style=\"height:299px;width:747px\" border=\"1\">\n<tbody>\n<tr>\n<td style=\"text-align:center\"><strong>MODELO<\/strong><\/td>\n<td style=\"text-align:center\">CPF-2000<\/td>\n<td style=\"text-align:center\">CPF-5000<\/td>\n<td style=\"text-align:center\">CPF-10000<\/td>\n<td style=\"text-align:center\">CPF-15000<\/td>\n<\/tr>\n<tr>\n<td style=\"text-align:center\"><strong>Flujo M\u00c1XIMO (L\/h)<\/strong><\/td>\n<td style=\"text-align:center\">4000<\/td>\n<td style=\"text-align:center\">9000<\/td>\n<td style=\"text-align:center\">10000<\/td>\n<td style=\"text-align:center\">10000<\/td>\n<\/tr>\n<tr>\n<td style=\"text-align:center\"><strong>Superficie del colador (m?)<\/strong><\/td>\n<td style=\"text-align:center\">6<\/td>\n<td style=\"text-align:center\">12<\/td>\n<td style=\"text-align:center\">20<\/td>\n<td style=\"text-align:center\">40<\/td>\n<\/tr>\n<tr>\n<td style=\"text-align:center\"><strong>Adecuado para estanques con peces (m?)<\/strong><\/td>\n<td style=\"text-align:center\">1,5<\/td>\n<td style=\"text-align:center\">4<\/td>\n<td style=\"text-align:center\">6<\/td>\n<td style=\"text-align:center\">10<\/td>\n<\/tr>\n<tr>\n<td style=\"text-align:center\"><strong>Poder de UV-C(w)<\/strong><\/td>\n<td style=\"text-align:center\">9<\/td>\n<td style=\"text-align:center\">11<\/td>\n<td style=\"text-align:center\">11<\/td>\n<td style=\"text-align:center\">18<\/td>\n<\/tr>\n<tr>\n<td style=\"text-align:center\"><strong>Volumen real (L)<\/strong><\/td>\n<td style=\"text-align:center\">8<\/td>\n<td style=\"text-align:center\">20<\/td>\n<td style=\"text-align:center\">25<\/td>\n<td style=\"text-align:center\">38<\/td>\n<\/tr>\n<tr>\n<td style=\"text-align:center\"><strong>L*W*H(mm)<\/strong><\/td>\n<td style=\"text-align:center\">240*240*340<\/td>\n<td style=\"text-align:center\">380*380*410<\/td>\n<td style=\"text-align:center\">380*380*520<\/td>\n<td style=\"text-align:center\">380*380*730<\/td>\n<\/tr>\n<\/tbody>\n<\/table>\n<p data-section-blank=\"AliPostDhMb-pcaa6\"><img decoding=\"async\" alt=\"pool-filter-CPF-10000.jpg\" src=\"http:\/\/localhost\/media\/import\/detail\/HTB1bjwiFVXXXXaJXFXXq6xXFXXXO.jpg\"><\/p>\n<p data-section-blank=\"AliPostDhMb-pcaa6\"><span style=\"font-size:16px\"><strong><img decoding=\"async\" alt=\"SUNSUN Filtro autom\u00e1tico para piscina de acuario y estanque CPF-10000 (1).jpg\" src=\"http:\/\/localhost\/media\/import\/detail\/HTB1V1lpFVXXXXasXVXXq6xXFXXXB.jpg\"><img decoding=\"async\" style=\"margin-left:auto;margin-right:auto\" alt=\"Accesorios SUNSUN para filtro de acuario\/estanque\" src=\"http:\/\/localhost\/media\/import\/detail\/HTB1.BmTFVXXXXX3XVXXq6xXFXXXC.jpg\"><img decoding=\"async\" alt=\"Filtro autom\u00e1tico para piscina de acuario y estanque SUNSUN CPF-10000 (2).jpg\" src=\"http:\/\/localhost\/media\/import\/detail\/HTB1gSA9FFXXXXbjapXXq6xXFXXXD.jpg\"><img decoding=\"async\" alt=\"Filtro autom\u00e1tico para piscina de acuario y estanque SUNSUN CPF-10000 (3).jpg\" src=\"http:\/\/localhost\/media\/import\/detail\/HTB1OE4HFVXXXXcfXVXXq6xXFXXXe.jpg\"><\/strong><\/span><\/p>\n<p><span style=\"font-size:16px\"><strong>C\u00d3MO FUNCIONAN:<\/strong><\/span><\/p>\n<p><img decoding=\"async\" alt=\"00 (1).jpg\" src=\"http:\/\/localhost\/media\/import\/detail\/HTB1cCpkFVXXXXcfXXXXq6xXFXXXT.jpg\"><\/p>\n<p data-section-blank=\"AliPostDhMb-ch4es\">\n<div id=\"ali-anchor-AliPostDhMb-ch4es\" style=\"padding-top:8px\" data-section-title=\"Cargando\" data-section=\"AliPostDhMb-ch4es\">\n<div id=\"ali-title-AliPostDhMb-ch4es\" style=\"border-bottom:#ddd 1px solid;padding-bottom:8px;padding-top:8px;padding-left:0px;padding-right:0px\"> <\/div>\n<\/div>\n<div><\/div>\n","protected":false},"excerpt":{"rendered":"<p>Accesorios SUNSUN para filtro de acuario\/estanque CPF-10000 Filtros de presi\u00f3n eficaces con purificador UVC integrado<\/p>\n","protected":false},"featured_media":5284,"comment_status":"open","ping_status":"closed","template":"","meta":[],"product_brand":[],"product_cat":[999],"product_tag":[],"class_list":{"0":"post-29286","1":"product","2":"type-product","3":"status-publish","4":"has-post-thumbnail","6":"product_cat-filtros-de-acuario","8":"first","9":"instock","10":"shipping-taxable","11":"purchasable","12":"product-type-simple"},"_links":{"self":[{"href":"https:\/\/www.myaquastore.com\/es\/wp-json\/wp\/v2\/product\/29286","targetHints":{"allow":["GET"]}}],"collection":[{"href":"https:\/\/www.myaquastore.com\/es\/wp-json\/wp\/v2\/product"}],"about":[{"href":"https:\/\/www.myaquastore.com\/es\/wp-json\/wp\/v2\/types\/product"}],"replies":[{"embeddable":true,"href":"https:\/\/www.myaquastore.com\/es\/wp-json\/wp\/v2\/comments?post=29286"}],"wp:featuredmedia":[{"embeddable":true,"href":"https:\/\/www.myaquastore.com\/es\/wp-json\/wp\/v2\/media\/5284"}],"wp:attachment":[{"href":"https:\/\/www.myaquastore.com\/es\/wp-json\/wp\/v2\/media?parent=29286"}],"wp:term":[{"taxonomy":"product_brand","embeddable":true,"href":"https:\/\/www.myaquastore.com\/es\/wp-json\/wp\/v2\/product_brand?post=29286"},{"taxonomy":"product_cat","embeddable":true,"href":"https:\/\/www.myaquastore.com\/es\/wp-json\/wp\/v2\/product_cat?post=29286"},{"taxonomy":"product_tag","embeddable":true,"href":"https:\/\/www.myaquastore.com\/es\/wp-json\/wp\/v2\/product_tag?post=29286"}],"curies":[{"name":"wp","href":"https:\/\/api.w.org\/{rel}","templated":true}]}}