{"id":29298,"date":"2016-09-25T23:28:25","date_gmt":"2016-09-25T23:28:25","guid":{"rendered":"https:\/\/www.myaquastore.com\/product\/sopladores-electricos-industriales-l20-420-120-lb-de-raices-de-7-5kw15kw-10-05hp20-11hp\/"},"modified":"2025-03-16T07:05:02","modified_gmt":"2025-03-16T07:05:02","slug":"sopladores-electricos-industriales-l20-420-120-lb-de-raices-de-7-5kw15kw-10-05hp20-11hp","status":"publish","type":"product","link":"https:\/\/www.myaquastore.com\/es\/producto\/sopladores-electricos-industriales-l20-420-120-lb-de-raices-de-7-5kw15kw-10-05hp20-11hp\/","title":{"rendered":"Sopladores el\u00e9ctricos industriales L20-420\/120-LB de ra\u00edces de 7.5KW~15KW 10.05HP~20.11HP"},"content":{"rendered":"<div style=\"clear:both\"><\/div>\n<div style=\"font-size:13px;font-family:Arial, Helvetica, sans-serif;color:#000000;width:726px\">\n<div>\n<p><strong><span style=\"font-size:24px;color:#ff0000\"><span style=\"font-size:24px;color:#ff0000\"><span style=\"color:#000000\">7.5KW~15KW 10.05HP~20.11HP Sopladores de ra\u00edces el\u00e9ctricos industriales L20-420\/120-LB <\/span><\/span><\/span><\/strong><\/p>\n<p data-section-blank=\"AliPostDhMb-beas3\">\n<\/div>\n<\/div>\n<div id=\"ali-anchor-AliPostDhMb-beas3\" style=\"padding-top:8px\" data-section-title=\"Descripci\u00f3n del producto\" data-section=\"AliPostDhMb-beas3\">\n<div id=\"ali-title-AliPostDhMb-beas3\" style=\"border-bottom:#ddd 1px solid;padding-bottom:8px;padding-top:8px;padding-left:0px;padding-right:0px\"><span style=\"font-weight:bold;color:#333;padding-bottom:8px;padding-top:8px;padding-left:10px;line-height:12px;padding-right:10px;background-color:#ddd\">Descripci\u00f3n del producto<\/span><\/div>\n<div style=\"padding-bottom:10px;padding-top:10px;padding-left:0px;padding-right:0px\">\n<div style=\"height:42px;width:750px\">\n<div style=\"height:42px;float:left;width:25px;background-color:#00ccff\"> <\/div>\n<div style=\"height:30px;float:right;color:#ffffff;padding-bottom:5px;padding-top:5px;padding-left:0px;padding-right:0px;width:720px;background-color:#0099ff\">\n<div style=\"font-size:24px;border-top:#ffffff 1px solid;height:30px;font-family:Arial;border-bottom:#ffffff 1px solid;font-weight:bold;font-style:italic;padding-left:10px;line-height:30px;width:720px\">Visualizaci\u00f3n del producto<\/div>\n<\/div>\n<\/div>\n<\/div>\n<\/div>\n<p data-section-blank=\"AliPostDhMb-beas3\">\n<p><span style=\"font-size:24px;color:#000000\">1.Funci\u00f3n de sopladores de ra\u00edces<\/span><\/p>\n<\/p>\n<p><span style=\"font-size:18px\"><span style=\"font-size:14px\">1) La paleta especialmente dise\u00f1ada funciona sin problemas<\/span><\/span><\/p>\n<\/p>\n<p><span style=\"font-size:14px\">2)Alta presi\u00f3n, gran flujo<\/span><\/p>\n<\/p>\n<p><span style=\"font-size:14px\">3) Dise\u00f1o de lubricaci\u00f3n sin aceite, salida de aire limpio<\/span><\/p>\n<\/p>\n<p><span style=\"font-size:14px\">4) Sin ruido gracias a la alta precisi\u00f3n de los engranajes y al dise\u00f1o especial de deslizamiento equipos<\/span><\/p>\n<\/p>\n<p><span style=\"font-size:14px\">5) La estructura compacta es f\u00e1cil de arreglar y segura de usar<\/span><\/p>\n<\/p>\n<p><span style=\"font-size:24px;color:#000000\">2.Principio de funcionamiento del soplador Roots<\/span><\/p>\n<p> <span style=\"font-size:14px\">El soplador Roots es un tipo de soplador volum\u00e9trico cuya capacidad de aire y revoluci\u00f3n han formado una proporci\u00f3n. Cada rotaci\u00f3n del soplador de tres l\u00f3bulos necesita tres veces de succi\u00f3n y descarga de aire de dos l\u00f3bulos. En comparaci\u00f3n con el soplador de dos l\u00f3bulos, el soplador de ra\u00edces de tres l\u00f3bulos tiene las caracter\u00edsticas de bajos cambios de pulsaci\u00f3n de aire, bajos cambios de carga, alta intensidad mec\u00e1nica, bajo ruido y baja liberaci\u00f3n.<\/span><\/p>\n<\/p>\n<p><span style=\"font-size:14px\"> Tiene dos l\u00f3bulos en los dos cojinetes paralelos. Hay peque\u00f1os espacios diminutos entre los l\u00f3bulos, la carcasa el\u00edptica y cada l\u00f3bulo. La velocidad de rotaci\u00f3n uniforme de los l\u00f3bulos en direcciones opuestas hace que cierta cantidad de aire circule por la carcasa y las libras se transporten desde el lado de succi\u00f3n hasta el lado de descarga.<\/span><\/p>\n<p><span style=\"font-size:14px\"><img decoding=\"async\" alt=\"7.5KW~15KW 10.05HP~20.11HP Sopladores de ra\u00edces el\u00e9ctricos industriales L20-420\/120-LB\" src=\"http:\/\/localhost\/media\/import\/detail\/HTB1LZaQGVXXXXX6XXXXq6xXFXXXa.jpg\"><img decoding=\"async\" alt=\"7.5KW~15KW 10.05HP~20.11HP Sopladores de ra\u00edces el\u00e9ctricos industriales L20-420\/120-LB\" src=\"http:\/\/localhost\/media\/import\/detail\/HTB1O2mBGVXXXXchXVXXq6xXFXXXW.jpg\"><img decoding=\"async\" alt=\"7.5KW~15KW 10.05HP~20.11HP Sopladores de ra\u00edces el\u00e9ctricos industriales L20-420\/120-LB\" src=\"http:\/\/localhost\/media\/import\/detail\/HTB1NoOKGVXXXXbrXpXXq6xXFXXX2.jpg\"><img decoding=\"async\" alt=\"7.5KW~15KW 10.05HP~20.11HP Sopladores de ra\u00edces el\u00e9ctricos industriales L20-420\/120-LB\" src=\"http:\/\/localhost\/media\/import\/detail\/HTB1jS1JGVXXXXccXpXXq6xXFXXXg.jpg\"><img decoding=\"async\" alt=\"7.5KW~15KW 10.05HP~20.11HP Sopladores de ra\u00edces el\u00e9ctricos industriales L20-420\/120-LB\" src=\"http:\/\/localhost\/media\/import\/detail\/HTB1WVqPGVXXXXaUXXXXq6xXFXXXa.jpg\"> <span style=\"font-size:14px\"><img decoding=\"async\" alt=\"L11-_06.jpg\" src=\"http:\/\/localhost\/media\/import\/detail\/HTB1HWmNGVXXXXclXXXXq6xXFXXXy.jpg\"><\/span> <\/span><\/p>\n<table class=\"aliDataTable\" style=\"height:253px;width:732px\" border=\"1\">\n<tbody>\n<tr>\n<td style=\"text-align:center\"><span style=\"font-size:14px\"><strong>Modelo<\/strong><\/span><\/td>\n<td style=\"text-align:center\"><span style=\"font-size:14px\"><strong>Voltaje<\/strong><\/span><\/td>\n<td style=\"text-align:center\"><span style=\"font-size:14px\"><strong>Potencia<\/strong><\/span><\/td>\n<td style=\"text-align:center\"><span style=\"font-size:14px\"><strong>Vac\u00edo<\/strong><\/span><\/td>\n<td style=\"text-align:center\"><span style=\"font-size:14px\"><strong>Presi\u00f3n<\/strong><\/span><\/td>\n<td style=\"text-align:center\"><span style=\"font-size:14px\"><strong>Peso<\/strong><\/span><\/td>\n<td style=\"text-align:center\"><span style=\"font-size:14px\"><strong>L*W*H(mm)<\/strong><\/span><\/td>\n<\/tr>\n<tr>\n<td>L6.9-86\/49-LB<\/td>\n<td>220V\/380V\/50Hz<\/td>\n<td>370w~1500w<\/td>\n<td>0~10kPa<\/td>\n<td>de pie 2<\/td>\n<td>11kg<\/td>\n<td>230*194*243<\/td>\n<\/tr>\n<tr>\n<td>L9.5-120\/49-LB<\/td>\n<td>220V\/380V\/50Hz<\/td>\n<td>1100w~3000w<\/td>\n<td>0~25kPa<\/td>\n<td>de pie 2\/3<\/td>\n<td>25kg<\/td>\n<td>318*352*346<\/td>\n<\/tr>\n<tr>\n<td>L11-140\/49-LB<\/td>\n<td>380v\/50Hz<\/td>\n<td>2200w~4000w<\/td>\n<td>0~40kPa<\/td>\n<td>de pie 2\/3<\/td>\n<td>26kg<\/td>\n<td>375*391*370<\/td>\n<\/tr>\n<tr>\n<td>L13.5-230\/49-LB-B<\/td>\n<td>380v\/50Hz<\/td>\n<td>4000w~5500w<\/td>\n<td>0~50kPa<\/td>\n<td>de pie 2\/3<\/td>\n<td>70kg<\/td>\n<td>437*503*684<\/td>\n<\/tr>\n<tr>\n<td>L13.5-230\/49-LB-B<\/td>\n<td>380v\/50Hz<\/td>\n<td>3000w~4000w<\/td>\n<td>0~50kPa<\/td>\n<td>de pie 2\/3<\/td>\n<td>30kg<\/td>\n<td>418*352*346<\/td>\n<\/tr>\n<tr>\n<td>LR-65<\/td>\n<td>380v\/50Hz<\/td>\n<td>3000w~5500w<\/td>\n<td>0~50kPa<\/td>\n<td>de pie 2\/3<\/td>\n<td>47kg<\/td>\n<td>437*503*684<\/td>\n<\/tr>\n<tr>\n<td>LR-65-WB<\/td>\n<td>380v\/50Hz<\/td>\n<td>3000w~4000w<\/td>\n<td>0~50kPa<\/td>\n<td>reclinado 2\/3<\/td>\n<td>35kg<\/td>\n<td><span style=\"background-color:#ffffff\">362*234*217<\/span><\/td>\n<\/tr>\n<tr>\n<td>L15-310\/100-LB<\/td>\n<td>380v\/50Hz<\/td>\n<td>5500w~7500w<\/td>\n<td>0~60kPa<\/td>\n<td>reclinado 2\/3<\/td>\n<td>115kg<\/td>\n<td><span style=\"background-color:#ffffff\">480*549*853<\/span><\/td>\n<\/tr>\n<tr>\n<td>L15-310\/100-WB<\/td>\n<td>380v\/50Hz<\/td>\n<td>5500w~7500w<\/td>\n<td>0~60kPa<\/td>\n<td>reclinado 2\/3<\/td>\n<td>105kg<\/td>\n<td><span style=\"background-color:#ffffff\">468*465*920<\/span><\/td>\n<\/tr>\n<tr>\n<td>L18-310\/100-WB<\/td>\n<td>380v\/50Hz<\/td>\n<td>5500w~7500w<\/td>\n<td>0~60kPa<\/td>\n<td>reclinado 2\/3<\/td>\n<td>110kg<\/td>\n<td><span style=\"background-color:#ffffff\">554*595*1045<\/span><\/td>\n<\/tr>\n<tr>\n<td>L20-420\/120-WB<\/td>\n<td>380v\/50Hz<\/td>\n<td>7500w~15000w<\/td>\n<td>0~70kPa<\/td>\n<td>reclinado 2\/3<\/td>\n<td>220kg<\/td>\n<td><span style=\"background-color:#ffffff\">638*670*935<\/span><\/td>\n<\/tr>\n<tr>\n<td>L20-420\/120-LB<\/td>\n<td>380v\/50Hz<\/td>\n<td>7500w~15000w<\/td>\n<td>0~70kPa<\/td>\n<td>de pie 2\/3<\/td>\n<td>205kg<\/td>\n<td>437*503*217<\/td>\n<\/tr>\n<\/tbody>\n<\/table>\n<p><span style=\"font-size:14px\"><img decoding=\"async\" alt=\"Sopladores de ra\u00edces el\u00e9ctricos industriales 7.5KW~15KW 10.05HP~20.11HP L20-420\/120-LB\" src=\"http:\/\/localhost\/media\/import\/detail\/HTB1c6eHGVXXXXcMXpXXq6xXFXXX4.jpg\"><img decoding=\"async\" alt=\"Sopladores de ra\u00edces el\u00e9ctricos industriales de 7.5KW~15KW 10.05HP~20.11HP L20-420\/120-LB\" src=\"http:\/\/localhost\/media\/import\/detail\/HTB1NRGMGVXXXXXaXpXXq6xXFXXX2.jpg\"><\/span><\/p>\n<\/p>\n<div style=\"clear:both\"><\/div>\n","protected":false},"excerpt":{"rendered":"<p>Sopladores el\u00e9ctricos industriales L20-420\/120-LB de ra\u00edces de 7.5KW~15KW 10.05HP~20.11HP<\/p>\n","protected":false},"featured_media":5308,"comment_status":"open","ping_status":"closed","template":"","meta":[],"product_brand":[],"product_cat":[1212],"product_tag":[],"class_list":{"0":"post-29298","1":"product","2":"type-product","3":"status-publish","4":"has-post-thumbnail","6":"product_cat-bombas-de-aire-y-suministros","8":"first","9":"instock","10":"shipping-taxable","11":"purchasable","12":"product-type-simple"},"_links":{"self":[{"href":"https:\/\/www.myaquastore.com\/es\/wp-json\/wp\/v2\/product\/29298","targetHints":{"allow":["GET"]}}],"collection":[{"href":"https:\/\/www.myaquastore.com\/es\/wp-json\/wp\/v2\/product"}],"about":[{"href":"https:\/\/www.myaquastore.com\/es\/wp-json\/wp\/v2\/types\/product"}],"replies":[{"embeddable":true,"href":"https:\/\/www.myaquastore.com\/es\/wp-json\/wp\/v2\/comments?post=29298"}],"wp:featuredmedia":[{"embeddable":true,"href":"https:\/\/www.myaquastore.com\/es\/wp-json\/wp\/v2\/media\/5308"}],"wp:attachment":[{"href":"https:\/\/www.myaquastore.com\/es\/wp-json\/wp\/v2\/media?parent=29298"}],"wp:term":[{"taxonomy":"product_brand","embeddable":true,"href":"https:\/\/www.myaquastore.com\/es\/wp-json\/wp\/v2\/product_brand?post=29298"},{"taxonomy":"product_cat","embeddable":true,"href":"https:\/\/www.myaquastore.com\/es\/wp-json\/wp\/v2\/product_cat?post=29298"},{"taxonomy":"product_tag","embeddable":true,"href":"https:\/\/www.myaquastore.com\/es\/wp-json\/wp\/v2\/product_tag?post=29298"}],"curies":[{"name":"wp","href":"https:\/\/api.w.org\/{rel}","templated":true}]}}