{"id":29316,"date":"2016-09-25T23:28:25","date_gmt":"2016-09-25T23:28:25","guid":{"rendered":"https:\/\/www.myaquastore.com\/product\/lampara-led-subacuatica-impermeable-para-acuario-12vac-16w-cqd-135l\/"},"modified":"2025-03-16T07:05:06","modified_gmt":"2025-03-16T07:05:06","slug":"lampara-led-subacuatica-impermeable-para-acuario-12vac-16w-cqd-135l","status":"publish","type":"product","link":"https:\/\/www.myaquastore.com\/es\/producto\/lampara-led-subacuatica-impermeable-para-acuario-12vac-16w-cqd-135l\/","title":{"rendered":"L\u00e1mpara LED subacu\u00e1tica impermeable para acuario 12VAC 1*6W CQD-135L"},"content":{"rendered":"<div style=\"clear:both\"><\/div>\n<p><span style=\"font-size:24px\"><strong> L\u00e1mpara LED subacu\u00e1tica acuario 12VAC 1*6W CQD-135L <\/strong><\/span><\/p>\n<div id=\"ali-anchor-AliPostDhMb-kehwh\" style=\"padding-top:8px\" data-section-title=\"Descripci\u00f3n del producto\" data-section=\"AliPostDhMb-kehwh\">\n<div id=\"ali-title-AliPostDhMb-kehwh\" style=\"border-bottom:#ddd 1px solid;padding-bottom:8px;padding-top:8px;padding-left:0px;padding-right:0px\"><span style=\"font-weight:bold;color:#333;padding-bottom:8px;padding-top:8px;padding-left:10px;line-height:12px;padding-right:10px;background-color:#ddd\">Descripci\u00f3n del producto<\/span><\/div>\n<div style=\"padding-bottom:10px;padding-top:10px;padding-left:0px;padding-right:0px\">\n<\/div>\n<\/div>\n<p><span style=\"font-size:14px\"><strong>Par\u00e1metros de la l\u00e1mpara LED para acuario subacu\u00e1tico<\/strong><\/span><\/p>\n<table class=\"aliDataTable\" style=\"width:80%\" border=\"5\">\n<tbody>\n<tr>\n<td><span style=\"font-size:14px\">Modelo<\/span><\/td>\n<td><span style=\"font-size:14px\">CQD-120<\/span><\/td>\n<td><span style=\"font-size:14px\">CQD-120B<\/span><\/td>\n<td><span style=\"font-size:14px\">CQD-120C<\/span><\/td>\n<td><span style=\"font-size:14px\">CQD-120L<\/span><\/td>\n<td><span style=\"font-size:14px\">CQD-135<\/span><\/td>\n<td>\n<p><span style=\"font-size:14px\">CQD-135L<\/span><\/p>\n<p><span style=\"font-size:14px\">CQD-135B<\/span><\/p>\n<\/td>\n<\/tr>\n<tr>\n<td>Voltaje<\/td>\n<td><span style=\"font-size:14px\">12VAC<\/span><\/td>\n<td><span style=\"font-size:14px\">12VAC<\/span><\/td>\n<td><span style=\"font-size:14px\">12VAC<\/span><\/td>\n<td><span style=\"font-size:14px\">12VAC<\/span><\/td>\n<td><span style=\"font-size:14px\">12VAC<\/span><\/td>\n<td><span style=\"font-size:14px\">12VAC<\/span><\/td>\n<\/tr>\n<tr>\n<td><span style=\"font-size:14px\">Alimentaci\u00f3n<\/span><\/td>\n<td><span style=\"font-size:14px\">1*20W<\/span><\/td>\n<td><span style=\"font-size:14px\">2*20W<\/span><\/td>\n<td><span style=\"font-size:14px\">3*20W<\/span><\/td>\n<td><span style=\"font-size:14px\">2*1,5W<\/span><\/td>\n<td><span style=\"font-size:14px\">1*35W<\/span><\/td>\n<td><span style=\"font-size:14px\">1*6W<\/span><\/td>\n<\/tr>\n<tr>\n<td><span style=\"font-size:14px\">\u00c1ngulo de haz<\/span><\/td>\n<td><span style=\"font-size:14px\">38<\/span><span style=\"font-size:10px\"><sup>0<\/sup><\/span><\/td>\n<td><span style=\"font-size:14px\">38<\/span><span style=\"font-size:10px\"><sup>0<\/sup><\/span><\/td>\n<td><span style=\"font-size:14px\">38<\/span><span style=\"font-size:10px\"><sup>0<\/sup><\/span><\/td>\n<td><span style=\"font-size:10px\"><span style=\"font-size:14px\">15<\/span><sup>0<\/sup><\/span><\/td>\n<td><span style=\"font-size:10px\"><span style=\"font-size:14px\">60<\/span><sup>0<\/sup><\/span><\/td>\n<td><span style=\"font-size:10px\"><span style=\"font-size:14px\">80<\/span><sup>0<\/sup><\/span><\/td>\n<\/tr>\n<tr>\n<td><span style=\"font-size:14px\">Cable longitud<\/span><\/td>\n<td><span style=\"font-size:14px\">2m\/5m<\/span><\/td>\n<td><span style=\"font-size:14px\">2m\/5m\/2,5m<\/span><\/td>\n<td><span style=\"font-size:14px\">2m\/5m\/2,5m<\/span><\/td>\n<td><span style=\"font-size:14px\">2m\/5m\/2,5m<\/span><\/td>\n<td><span style=\"font-size:14px\">1,8m\/6,5m<\/span><\/td>\n<td><span style=\"font-size:14px\">1,8m\/6,5m<\/span><\/td>\n<\/tr>\n<tr>\n<td><span style=\"font-size:14px\">Potencia del transformador<\/span><\/td>\n<td><span style=\"font-size:14px\">20VA<\/span><\/td>\n<td><span style=\"font-size:14px\">42VA<\/span><\/td>\n<td><span style=\"font-size:14px\">60VA<\/span><\/td>\n<td><span style=\"font-size:14px\">10VA<\/span><\/td>\n<td><span style=\"font-size:14px\">36VA<\/span><\/td>\n<td><span style=\"font-size:14px\">10VA<\/span><\/td>\n<\/tr>\n<tr>\n<td><span style=\"font-size:14px\">Tierra estaca<\/span><\/td>\n<td><span style=\"font-size:14px\">1PCS<\/span><\/td>\n<td><span style=\"font-size:14px\">2PCS<\/span><\/td>\n<td><span style=\"font-size:14px\">3PCS<\/span><\/td>\n<td><span style=\"font-size:14px\">2PCS<\/span><\/td>\n<td><span style=\"font-size:14px\">1PCS<\/span><\/td>\n<td><span style=\"font-size:14px\">1PCS<\/span><\/td>\n<\/tr>\n<tr>\n<td><span style=\"font-size:14px\">Montaje soporte<\/span><\/td>\n<td>\/<\/td>\n<td>\/<\/td>\n<td>\/<\/td>\n<td><span style=\"font-size:14px\">2PCS<\/span><\/td>\n<td><span style=\"font-size:14px\">1PCS<\/span><\/td>\n<td><span style=\"font-size:14px\">1PCS<\/span><\/td>\n<\/tr>\n<tr>\n<td><span style=\"font-size:14px\">Soporte con patas de goma<\/span><\/td>\n<td><span style=\"font-size:14px\">1PCS<\/span><\/td>\n<td><span style=\"font-size:14px\">2PCS<\/span><\/td>\n<td><span style=\"font-size:14px\">3PCS<\/span><\/td>\n<td><span style=\"font-size:14px\">2PCS<\/span><\/td>\n<td><span style=\"font-size:14px\">1PCS<\/span><\/td>\n<td><span style=\"font-size:14px\">1PCS<\/span><\/td>\n<\/tr>\n<tr>\n<td><span style=\"font-size:14px\">Fundas coloridas<\/span><\/td>\n<td><span style=\"font-size:14px\">4PCS<\/span><\/td>\n<td><span style=\"font-size:14px\">8PCS<\/span><\/td>\n<td><span style=\"font-size:14px\">8PCS<\/span><\/td>\n<td><span style=\"font-size:14px\">8PCS<\/span><\/td>\n<td><span style=\"font-size:14px\">\/<\/span><\/td>\n<td><span style=\"font-size:14px\">\/<\/span><\/td>\n<\/tr>\n<tr>\n<td><span style=\"font-size:14px\">Dimensiones<\/span><\/td>\n<td><span style=\"font-size:14px\">?76*98mm<\/span><\/td>\n<td><span style=\"font-size:14px\">?76*98mm <\/span><\/td>\n<td><span style=\"font-size:14px\">?76*98mm <\/span><\/td>\n<td><span style=\"font-size:14px\">?76*98mm <\/span><\/td>\n<td><span style=\"font-size:14px\">?144*98mm <\/span><\/td>\n<td><span style=\"font-size:14px\">?144*98mm <\/span><\/td>\n<\/tr>\n<\/tbody>\n<\/table>\n<p><span style=\"font-size:14px\"><strong> L\u00e1mparas LED subacu\u00e1ticas para acuarios show<\/strong><\/span> <\/p>\n<p><img decoding=\"async\" alt=\"L\u00e1mpara LED subacu\u00e1tica impermeable para acuarios 12VAC 1*6W CQD-135L\" src=\"http:\/\/localhost\/media\/import\/detail\/547468755_096.jpg\"><img decoding=\"async\" alt=\"L\u00e1mpara LED subacu\u00e1tica impermeable para acuario 12VAC 1*6W CQD-135L\" src=\"http:\/\/localhost\/media\/import\/detail\/547468757_634.jpg\"><\/p>\n<p><span style=\"font-size:14px\"><strong>L\u00e1mpara anfibia para acuario CQD-135B como se muestra a continuaci\u00f3n: \u00a1\u00a1\u00a1puede cambiar el color por s\u00ed mismo!!!<\/strong><\/span><\/p>\n<p><img decoding=\"async\" alt=\"L\u00e1mpara LED subacu\u00e1tica impermeable para acuario 12VAC 1*6W CQD-135L\" src=\"http:\/\/localhost\/media\/import\/detail\/547468758_762.jpg\"><img decoding=\"async\" alt=\"L\u00e1mpara LED subacu\u00e1tica impermeable para acuario 12VAC 1*6W CQD-135L\" src=\"http:\/\/localhost\/media\/import\/detail\/547468759_772.jpg\"><img decoding=\"async\" alt=\"L\u00e1mpara LED subacu\u00e1tica impermeable para acuario 12VAC 1*6W CQD-135L\" src=\"http:\/\/localhost\/media\/import\/detail\/547468760_064.jpg\"><img decoding=\"async\" alt=\"L\u00e1mpara LED subacu\u00e1tica impermeable para acuario 12VAC 1*6W CQD-135L\" src=\"http:\/\/localhost\/media\/import\/detail\/547468761_504.jpg\"><\/p>\n<p><img loading=\"lazy\" decoding=\"async\" alt=\"L\u00e1mpara LED subacu\u00e1tica impermeable para acuario 12VAC 1*6W CQD-135L\" src=\"http:\/\/localhost\/media\/import\/detail\/516437542_246.jpg\" width=\"656\" height=\"297\"><\/p>\n<\/p>\n<p><img loading=\"lazy\" decoding=\"async\" alt=\"L\u00e1mpara LED subacu\u00e1tica impermeable para acuario 12VAC 1*6W CQD-135L\" src=\"http:\/\/localhost\/media\/import\/detail\/516437544_819.jpg\" width=\"659\" height=\"318\"><\/p>\n<div id=\"ali-anchor-AliPostDhMb-6z7fu\" style=\"padding-top:8px\" data-section-title=\"Informaci\u00f3n de la empresa\" data-section=\"AliPostDhMb-6z7fu\"> <\/div>\n","protected":false},"excerpt":{"rendered":"<p>L\u00e1mpara LED subacu\u00e1tica impermeable para acuario 12VAC 1*6W CQD-135L<\/p>\n","protected":false},"featured_media":5344,"comment_status":"open","ping_status":"closed","template":"","meta":[],"product_brand":[],"product_cat":[1211],"product_tag":[],"class_list":{"0":"post-29316","1":"product","2":"type-product","3":"status-publish","4":"has-post-thumbnail","6":"product_cat-iluminacion-y-amp-suministros","8":"first","9":"instock","10":"shipping-taxable","11":"purchasable","12":"product-type-simple"},"_links":{"self":[{"href":"https:\/\/www.myaquastore.com\/es\/wp-json\/wp\/v2\/product\/29316","targetHints":{"allow":["GET"]}}],"collection":[{"href":"https:\/\/www.myaquastore.com\/es\/wp-json\/wp\/v2\/product"}],"about":[{"href":"https:\/\/www.myaquastore.com\/es\/wp-json\/wp\/v2\/types\/product"}],"replies":[{"embeddable":true,"href":"https:\/\/www.myaquastore.com\/es\/wp-json\/wp\/v2\/comments?post=29316"}],"wp:featuredmedia":[{"embeddable":true,"href":"https:\/\/www.myaquastore.com\/es\/wp-json\/wp\/v2\/media\/5344"}],"wp:attachment":[{"href":"https:\/\/www.myaquastore.com\/es\/wp-json\/wp\/v2\/media?parent=29316"}],"wp:term":[{"taxonomy":"product_brand","embeddable":true,"href":"https:\/\/www.myaquastore.com\/es\/wp-json\/wp\/v2\/product_brand?post=29316"},{"taxonomy":"product_cat","embeddable":true,"href":"https:\/\/www.myaquastore.com\/es\/wp-json\/wp\/v2\/product_cat?post=29316"},{"taxonomy":"product_tag","embeddable":true,"href":"https:\/\/www.myaquastore.com\/es\/wp-json\/wp\/v2\/product_tag?post=29316"}],"curies":[{"name":"wp","href":"https:\/\/api.w.org\/{rel}","templated":true}]}}