{"id":29318,"date":"2016-09-25T23:28:25","date_gmt":"2016-09-25T23:28:25","guid":{"rendered":"https:\/\/www.myaquastore.com\/product\/sunsun-2016-nueva-iluminacion-led-para-acuario-de-jardin-cqd-120l\/"},"modified":"2025-03-16T07:05:06","modified_gmt":"2025-03-16T07:05:06","slug":"sunsun-2016-nueva-iluminacion-led-para-acuario-de-jardin-cqd-120l","status":"publish","type":"product","link":"https:\/\/www.myaquastore.com\/es\/producto\/sunsun-2016-nueva-iluminacion-led-para-acuario-de-jardin-cqd-120l\/","title":{"rendered":"Sunsun 2016 NUEVA iluminaci\u00f3n LED para acuario de jard\u00edn CQD-120L"},"content":{"rendered":"<div style=\"clear:both\"><\/div>\n<p><strong><span style=\"font-size:24px\">Iluminaci\u00f3n LED para acuario y jard\u00edn 12VAC 2*1,5W CQD-120L <\/span><\/strong><\/p>\n<\/p>\n<div id=\"ali-anchor-AliPostDhMb-z9fjd\" style=\"padding-top:8px\" data-section-title=\"Descripci\u00f3n del producto\" data-section=\"AliPostDhMb-z9fjd\">\n<div id=\"ali-title-AliPostDhMb-z9fjd\" style=\"border-bottom:#ddd 1px solid;padding-bottom:8px;padding-top:8px;padding-left:0px;padding-right:0px\"><span style=\"font-weight:bold;color:#333;padding-bottom:8px;padding-top:8px;padding-left:10px;line-height:12px;padding-right:10px;background-color:#ddd\">Descripci\u00f3n del producto<\/span><\/div>\n<div style=\"padding-bottom:10px;padding-top:10px;padding-left:0px;padding-right:0px\">\n<\/div>\n<\/div>\n<p><span style=\"font-size:14px;background-color:#ffff00\"><strong>par\u00e1metros de iluminaci\u00f3n LED para jard\u00edn de acuario<\/strong><\/span><\/p>\n<table class=\"aliDataTable\" border=\"5\">\n<tbody>\n<tr>\n<td><span style=\"font-size:14px\">Modelo<\/span><\/td>\n<td><span style=\"font-size:14px\">CQD-120<\/span><\/td>\n<td><span style=\"font-size:14px\">CQD-120B<\/span><\/td>\n<td><span style=\"font-size:14px\">CQD-120C<\/span><\/td>\n<td><span style=\"font-size:14px\">CQD-120L<\/span><\/td>\n<td><span style=\"font-size:14px\">CQD-135<\/span><\/td>\n<td>\n<p><span style=\"font-size:14px\">CQD-135L<\/span><\/p>\n<p><span style=\"font-size:14px\">CQD-135B<\/span><\/p>\n<\/td>\n<\/tr>\n<tr>\n<td>Voltaje<\/td>\n<td><span style=\"font-size:14px\">12VAC<\/span><\/td>\n<td><span style=\"font-size:14px\">12VAC<\/span><\/td>\n<td><span style=\"font-size:14px\">12VAC<\/span><\/td>\n<td><span style=\"font-size:14px\">12VAC<\/span><\/td>\n<td><span style=\"font-size:14px\">12VAC<\/span><\/td>\n<td><span style=\"font-size:14px\">12VAC<\/span><\/td>\n<\/tr>\n<tr>\n<td><span style=\"font-size:14px\">Alimentaci\u00f3n<\/span><\/td>\n<td><span style=\"font-size:14px\">1*20W<\/span><\/td>\n<td><span style=\"font-size:14px\">2*20W<\/span><\/td>\n<td><span style=\"font-size:14px\">3*20W<\/span><\/td>\n<td><span style=\"font-size:14px\">2*1,5W<\/span><\/td>\n<td><span style=\"font-size:14px\">1*35W<\/span><\/td>\n<td><span style=\"font-size:14px\">1*6W<\/span><\/td>\n<\/tr>\n<tr>\n<td><span style=\"font-size:14px\">\u00c1ngulo de haz<\/span><\/td>\n<td><span style=\"font-size:14px\">38<\/span><span style=\"font-size:10px\"><sup>0<\/sup><\/span><\/td>\n<td><span style=\"font-size:14px\">38<\/span><span style=\"font-size:10px\"><sup>0<\/sup><\/span><\/td>\n<td><span style=\"font-size:14px\">38<\/span><span style=\"font-size:10px\"><sup>0<\/sup><\/span><\/td>\n<td><span style=\"font-size:10px\"><span style=\"font-size:14px\">15<\/span><sup>0<\/sup><\/span><\/td>\n<td><span style=\"font-size:10px\"><span style=\"font-size:14px\">60<\/span><sup>0<\/sup><\/span><\/td>\n<td><span style=\"font-size:10px\"><span style=\"font-size:14px\">80<\/span><sup>0<\/sup><\/span><\/td>\n<\/tr>\n<tr>\n<td><span style=\"font-size:14px\">Cable longitud<\/span><\/td>\n<td><span style=\"font-size:14px\">2m\/5m<\/span><\/td>\n<td><span style=\"font-size:14px\">2m\/5m\/2,5m<\/span><\/td>\n<td><span style=\"font-size:14px\">2m\/5m\/2,5m<\/span><\/td>\n<td><span style=\"font-size:14px\">2m\/5m\/2,5m<\/span><\/td>\n<td><span style=\"font-size:14px\">1,8m\/6,5m<\/span><\/td>\n<td><span style=\"font-size:14px\">1,8m\/6,5m<\/span><\/td>\n<\/tr>\n<tr>\n<td><span style=\"font-size:14px\">Potencia del transformador<\/span><\/td>\n<td><span style=\"font-size:14px\">20VA<\/span><\/td>\n<td><span style=\"font-size:14px\">42VA<\/span><\/td>\n<td><span style=\"font-size:14px\">60VA<\/span><\/td>\n<td><span style=\"font-size:14px\">10VA<\/span><\/td>\n<td><span style=\"font-size:14px\">36VA<\/span><\/td>\n<td><span style=\"font-size:14px\">10VA<\/span><\/td>\n<\/tr>\n<tr>\n<td><span style=\"font-size:14px\">Tierra estaca<\/span><\/td>\n<td><span style=\"font-size:14px\">1PCS<\/span><\/td>\n<td><span style=\"font-size:14px\">2PCS<\/span><\/td>\n<td><span style=\"font-size:14px\">3PCS<\/span><\/td>\n<td><span style=\"font-size:14px\">2PCS<\/span><\/td>\n<td><span style=\"font-size:14px\">1PCS<\/span><\/td>\n<td><span style=\"font-size:14px\">1PCS<\/span><\/td>\n<\/tr>\n<tr>\n<td><span style=\"font-size:14px\">Montaje soporte<\/span><\/td>\n<td>\/<\/td>\n<td>\/<\/td>\n<td>\/<\/td>\n<td><span style=\"font-size:14px\">2PCS<\/span><\/td>\n<td><span style=\"font-size:14px\">1PCS<\/span><\/td>\n<td><span style=\"font-size:14px\">1PCS<\/span><\/td>\n<\/tr>\n<tr>\n<td><span style=\"font-size:14px\">Soporte con patas de goma<\/span><\/td>\n<td><span style=\"font-size:14px\">1PCS<\/span><\/td>\n<td><span style=\"font-size:14px\">2PCS<\/span><\/td>\n<td><span style=\"font-size:14px\">3PCS<\/span><\/td>\n<td><span style=\"font-size:14px\">2PCS<\/span><\/td>\n<td><span style=\"font-size:14px\">1PCS<\/span><\/td>\n<td><span style=\"font-size:14px\">1PCS<\/span><\/td>\n<\/tr>\n<tr>\n<td><span style=\"font-size:14px\">Fundas coloridas<\/span><\/td>\n<td><span style=\"font-size:14px\">4PCS<\/span><\/td>\n<td><span style=\"font-size:14px\">8PCS<\/span><\/td>\n<td><span style=\"font-size:14px\">8PCS<\/span><\/td>\n<td><span style=\"font-size:14px\">8PCS<\/span><\/td>\n<td><span style=\"font-size:14px\">\/<\/span><\/td>\n<td><span style=\"font-size:14px\">\/<\/span><\/td>\n<\/tr>\n<tr>\n<td><span style=\"font-size:14px\">Dimensiones<\/span><\/td>\n<td><span style=\"font-size:14px\">?76*98mm<\/span><\/td>\n<td><span style=\"font-size:14px\">?76*98mm <\/span><\/td>\n<td><span style=\"font-size:14px\">?76*98mm <\/span><\/td>\n<td><span style=\"font-size:14px\">?76*98mm <\/span><\/td>\n<td><span style=\"font-size:14px\">?144*98mm <\/span><\/td>\n<td><span style=\"font-size:14px\">?144*98mm <\/span><\/td>\n<\/tr>\n<\/tbody>\n<\/table>\n<p><span style=\"font-size:14px\"><strong><span style=\"background-color:#ffff00\">Espect\u00e1culo de l\u00e1mparas LED para jard\u00edn y acuario <\/span><\/strong><\/span><\/p>\n<p><span style=\"font-size:14px\"><strong><span style=\"background-color:#ffff00\"><img decoding=\"async\" alt=\"sunsun 2016 NUEVA iluminaci\u00f3n LED para acuario de jard\u00edn\" src=\"http:\/\/localhost\/media\/import\/detail\/547461930_453.jpg\"><\/span><\/strong><\/span><\/p>\n<p><span style=\"font-size:14px\"><strong><span style=\"background-color:#ffff00\"><img decoding=\"async\" alt=\"sunsun 2016 NUEVA iluminaci\u00f3n LED para acuario de jard\u00edn\" src=\"http:\/\/localhost\/media\/import\/detail\/547461654_230.jpg\"><img decoding=\"async\" alt=\"sunsun 2016 NUEVA iluminaci\u00f3n LED para acuario de jard\u00edn\" src=\"http:\/\/localhost\/media\/import\/detail\/547461657_400.jpg\"><img decoding=\"async\" alt=\"sunsun 2016 NUEVA iluminaci\u00f3n LED para acuario de jard\u00edn\" src=\"http:\/\/localhost\/media\/import\/detail\/547461662_341.jpg\"><img decoding=\"async\" alt=\"sunsun 2016 NUEVA iluminaci\u00f3n LED para acuario de jard\u00edn\" src=\"http:\/\/localhost\/media\/import\/detail\/547461666_237.jpg\"><img decoding=\"async\" alt=\"sunsun 2016 NUEVA iluminaci\u00f3n LED para acuario de jard\u00edn\" src=\"http:\/\/localhost\/media\/import\/detail\/547461671_338.jpg\"><img decoding=\"async\" alt=\"sunsun 2016 NUEVA iluminaci\u00f3n LED para acuario de jard\u00edn\" src=\"http:\/\/localhost\/media\/import\/detail\/547461674_019.jpg\"><\/span><\/strong><\/span><\/p>\n<\/p>\n<p><strong> L\u00e1mparas anfibias terrestres CQD-135B como se muestra a continuaci\u00f3n: \u00a1pueden cambiar de color por s\u00ed mismas!<\/strong><\/p>\n<p><strong><img decoding=\"async\" alt=\"sunsun 2016 NUEVA iluminaci\u00f3n LED para acuarios de jard\u00edn\" src=\"http:\/\/localhost\/media\/import\/detail\/547462324_418.jpg\"><\/strong><\/p>\n<p><img loading=\"lazy\" decoding=\"async\" alt=\"sunsun 2016 NUEVA iluminaci\u00f3n LED para acuario de jard\u00edn\" src=\"http:\/\/localhost\/media\/import\/detail\/516437542_246.jpg\" width=\"660\" height=\"287\"><\/p>\n<\/p>\n<p><img loading=\"lazy\" decoding=\"async\" alt=\"sunsun 2016 NUEVA iluminaci\u00f3n LED para acuario de jard\u00edn\" src=\"http:\/\/localhost\/media\/import\/detail\/516437544_819.jpg\" width=\"661\" height=\"408\"><\/p>\n<div id=\"ali-anchor-AliPostDhMb-f1ht6\" style=\"padding-top:8px\" data-section-title=\"Informaci\u00f3n de la empresa\" data-section=\"AliPostDhMb-f1ht6\"> <\/div>\n","protected":false},"excerpt":{"rendered":"<p>Sunsun 2016 NUEVA iluminaci\u00f3n LED para acuario de jard\u00edn CQD-120L<\/p>\n","protected":false},"featured_media":5348,"comment_status":"open","ping_status":"closed","template":"","meta":[],"product_brand":[],"product_cat":[1211],"product_tag":[],"class_list":{"0":"post-29318","1":"product","2":"type-product","3":"status-publish","4":"has-post-thumbnail","6":"product_cat-iluminacion-y-amp-suministros","8":"first","9":"instock","10":"shipping-taxable","11":"purchasable","12":"product-type-simple"},"_links":{"self":[{"href":"https:\/\/www.myaquastore.com\/es\/wp-json\/wp\/v2\/product\/29318","targetHints":{"allow":["GET"]}}],"collection":[{"href":"https:\/\/www.myaquastore.com\/es\/wp-json\/wp\/v2\/product"}],"about":[{"href":"https:\/\/www.myaquastore.com\/es\/wp-json\/wp\/v2\/types\/product"}],"replies":[{"embeddable":true,"href":"https:\/\/www.myaquastore.com\/es\/wp-json\/wp\/v2\/comments?post=29318"}],"wp:featuredmedia":[{"embeddable":true,"href":"https:\/\/www.myaquastore.com\/es\/wp-json\/wp\/v2\/media\/5348"}],"wp:attachment":[{"href":"https:\/\/www.myaquastore.com\/es\/wp-json\/wp\/v2\/media?parent=29318"}],"wp:term":[{"taxonomy":"product_brand","embeddable":true,"href":"https:\/\/www.myaquastore.com\/es\/wp-json\/wp\/v2\/product_brand?post=29318"},{"taxonomy":"product_cat","embeddable":true,"href":"https:\/\/www.myaquastore.com\/es\/wp-json\/wp\/v2\/product_cat?post=29318"},{"taxonomy":"product_tag","embeddable":true,"href":"https:\/\/www.myaquastore.com\/es\/wp-json\/wp\/v2\/product_tag?post=29318"}],"curies":[{"name":"wp","href":"https:\/\/api.w.org\/{rel}","templated":true}]}}