{"id":29329,"date":"2016-09-25T23:28:26","date_gmt":"2016-09-25T23:28:26","guid":{"rendered":"https:\/\/www.myaquastore.com\/product\/sunsun-ce-gs-mejor-filtro-de-bomba-de-acuario-para-acuarios-300l-h-600l-h-100\/"},"modified":"2025-03-16T07:05:09","modified_gmt":"2025-03-16T07:05:09","slug":"sunsun-ce-gs-mejor-filtro-de-bomba-de-acuario-para-acuarios-300l-h-600l-h-100","status":"publish","type":"product","link":"https:\/\/www.myaquastore.com\/es\/producto\/sunsun-ce-gs-mejor-filtro-de-bomba-de-acuario-para-acuarios-300l-h-600l-h-100\/","title":{"rendered":"SUNSUN CE GS mejor filtro de bomba de acuario para acuarios 300L\/h 600L\/h 100&#8230;"},"content":{"rendered":"<div style=\"clear:both\"><\/div>\n<p align=\"center\"><img loading=\"lazy\" decoding=\"async\" alt=\"SUNSUN CE GS mejor filtro de bomba de acuario para acuarios 300L\/h 600L\/h 1000L\/h 1400L\/h 1600L\/h\" src=\"http:\/\/localhost\/media\/import\/detail\/879313200_786.jpg\" width=\"824\" height=\"326\"><\/p>\n<p align=\"center\"><span style=\"font-family:times new roman,times\"><strong><span style=\"font-size:18pt;background:white;color:black\">SUNSUN CE\/GS 600L\/h<span style=\"font-family:times new roman,times\"><strong><span style=\"font-size:18pt;background:white;color:black\"> Mejor acuario<\/span><\/strong><\/span> Bomba <span style=\"font-family:times new roman,times\"><strong><span style=\"font-size:18pt;background:white;color:black\">Filtro <\/span><\/strong><\/span>para acuarios JP-022F<br \/><\/span><\/strong><\/span><\/p>\n<p><span style=\"font-size:18px;font-family:times new roman,times\"><strong><span style=\"color: azul\">1.<\/span><\/strong><strong><span style=\"color: azul\"> <span style=\"font-size:18px;font-family:times new roman,times\"><strong><span style=\"color:blue\">Acuario<\/span><\/strong><\/span><\/span><\/strong><\/span><span style=\"font-size:18px;font-family:times new roman,times\"><strong><span><span style=\"color:#0000ff\"> Bomba<\/span> <\/span><\/strong><strong><span style=\"color:azul\"><span style=\"font-size:18px;font-family:times new roman,times\"><strong><span style=\"color:azul\">Filtro <\/span><\/strong><\/span>Funciones<\/span><\/strong><\/span><\/p>\n<p><strong><span style=\"font-size:18px;font-family:times new roman,times\"><span style=\"background:white;color:black\">Adecuado para acuarios de agua dulce y salada<br \/><\/span>Unidad autocebante: configuraci\u00f3n sencilla<\/span><\/strong><br \/><strong><span style=\"font-size:18px;font-family:times new roman,times\">Grifo de cierre sin goteo para F\u00e1cil limpieza<\/span><\/strong><\/p>\n<p style=\"background:white\"><span style=\"font-size:18px;font-family:times new roman,times\"><strong><span style=\"background:white;color:blue\">2. <\/span><\/strong><span style=\"color:#0000ff\"><strong><strong><strong><span style=\"font-size:18px;font-family:times new roman,times\"><strong>Acuario <\/strong><\/span><\/strong><\/strong><\/strong><\/span><\/span><span style=\"font-size:18px;font-family:times new roman,times;color:#0000ff\"><strong><strong><strong><span style=\"font-family:times new roman,times\"><strong><span style=\"background:white\">Especificaciones del filtro de la bomba<\/span><\/strong><\/span><\/strong><\/strong><\/strong><\/span><strong><\/strong><\/p>\n<p style=\"background:white\"><strong><span style=\"font-size:18px;font-family:times new roman,times\"><span style=\"background:white;color:black\">Caudal: 600 litros por hora<br \/><\/span>Altura m\u00e1xima: 1,0 metro<\/span><\/strong><br \/><strong><span style=\"font-size:18px;font-family:times new roman,times\">Voltaje: 110-240V<\/span><\/strong><br \/><strong><span style=\"font-size:18px;font-family:times new roman,times\">Potencia: 8W<\/span><\/strong><\/p>\n<p style=\"background:white\"><strong><span style=\"font-size:18px;font-family:times new roman,times\">Peso: 0,35 kg<\/span><\/strong><\/p>\n<p style=\"background:white\"><strong><span style=\"font-size:18px;font-family:times new roman,times\">Longitud del cable: 1,5 m<br \/><\/span><\/strong><\/p>\n<p style=\"background:white\"><strong><span style=\"font-size:18px;font-family:times new roman,times;background:white;color:black\">Dimensiones: 90*58*202mm<\/span><\/strong><\/p>\n<p style=\"background:white\"><span style=\"font-size:18px;font-family:times new roman,times;color:#ff0000\"><strong><span style=\"background:white\">\u00a1\u00a112 meses de garant\u00eda GRATIS!!<\/span><\/strong><\/span><\/p>\n<p style=\"background:white\"><span style=\"font-size:18px;font-family:times new roman,times;color:#ff0000\"><strong><span style=\"background:white\"><img decoding=\"async\" alt=\"SUNSUN CE GS, el mejor filtro de bomba de acuario para acuarios 300L\/h 600L\/h 1000L\/h 1400L\/h 1600L\/h\" src=\"http:\/\/localhost\/media\/import\/detail\/887903569_828.jpg\"><\/span><\/strong><\/span><\/p>\n<p style=\"background:white\"><span style=\"font-size:18px;font-family:times new roman,times\"><strong><span style=\"color:azul\">3. <\/span><\/strong><strong><span style=\"color:azul\"><span style=\"font-size:18px;font-family:times new roman,times\"><strong><span style=\"color:azul\"><a title=\"Filtro de acuario\" href=\"http:\/\/gzweierma.en.alibaba.com\/\"><span style=\"font-size:18px;font-family:times new roman,times\"><strong><span style=\"background:white;color:blue\">Acuario<\/span><\/strong><\/span> <\/a><\/span><\/strong><\/span><\/span><\/strong><\/span><span style=\"font-size:18px\"><span style=\"font-family:times new roman,times\"><strong><span style=\"background:white;color:blue\">Filtro de bomba<\/span><\/strong><\/span><span style=\"font-family:times new roman,times\"><strong><span style=\"background:white;color:blue\"> Descripci\u00f3n<\/span><\/strong><\/span><\/span><\/p>\n<p><strong><span style=\"font-size:18px;font-family:times new tiempos romanos\">1). Este <a title=\"aquarium internal filter\" href=\"http:\/\/gzweierma.en.alibaba.com\/\" target=\"_blank\"> filtro de bomba para acuario<\/a> est\u00e1 hecho de materiales ABS superiores; seguro, duradero y f\u00e1cil de limpiar.<\/span><\/strong><\/p>\n<p><strong><span style=\"font-size:18px;font-family:times new roman,times\">2). Al ser una estructura c\u00fabica y celular tridimensional, el algod\u00f3n bioqu\u00edmico caracteriza una gran superficie espec\u00edfica sin producir resistencia al flujo de agua.<\/span><\/strong><\/p>\n<p><strong><span style=\"font-size:18px;font-family:times new roman,times\">3). Ubicado dentro de los tanques de acuarios. La bomba del acuario <strong><span style=\"font-size:18px;font-family:times new roman,times\">filtro <\/span><\/strong>es s\u00faper silenciosa, lo que permite un uso permanente.<\/span><\/strong><\/p>\n<p><strong><span style=\"font-size:18px;font-family:times new roman,times\">4). El filtro de <strong><span style=\"font-size:18px;font-family:times new roman,times\">bomba <\/span><\/strong>puede producir un bulbo de aire a granel, aumentando la solubilidad del ox\u00edgeno en el agua;<\/span><\/strong><\/p>\n<p><strong><span style=\"font-size:18px;font-family:times new roman,times\">5). El filtro <strong><span style=\"font-size:18px;font-family:times new roman,times\">bomba<\/span><\/strong>de acuario es especialmente adecuado para la cr\u00eda de peque\u00f1os peces de agua dulce como peces de colores, etc.<\/span><\/strong><\/p>\n<p><span style=\"font-size:18px;font-family:times new roman,times\"><strong><span style=\"color:azul\">4.<\/span><\/strong><strong><span> <span style=\"font-size:18px;font-family:times new roman,times\"><strong><span style=\"color:azul\"><a title=\"Filtro de acuario\" href=\"http:\/\/gzweierma.en.alibaba.com\/\"><span style=\"font-size:18px;font-family:times new roman,times\"><strong><span style=\"background:white;color:blue\">Acuario<\/span><\/strong><\/span><\/a><\/span><\/strong><\/span> <span style=\"color:#0000ff\">Bomba<\/span> <span style=\"color:#0000ff\">Filtro<\/span><\/span><\/strong><span style=\"color:#0000ff\"><strong>Programa<\/strong><\/span><\/span><\/p>\n<p style=\"text-align:center\"><span style=\"font-size:18px;font-family:times new roman,times;color:#0000ff;background-color:#ffffff\"><strong><img decoding=\"async\" alt=\"SUNSUN CE GS mejor filtro de bomba de acuario para acuarios 300L\/h 600L\/h 1000L\/h 1400L\/h 1600L\/h\" src=\"http:\/\/localhost\/media\/import\/detail\/779738840_269.jpg\"><img decoding=\"async\" alt=\"SUNSUN CE GS, el mejor filtro de bomba de acuario para acuarios 300L\/h 600L\/h 1000L\/h 1400L\/h 1600L\/h\" src=\"http:\/\/localhost\/media\/import\/detail\/779910246_873.jpg\"><img decoding=\"async\" alt=\"SUNSUN CE GS, el mejor filtro de bomba de acuario para acuarios 300L\/h 600L\/h 1000L\/h 1400L\/h 1600L\/h\" src=\"http:\/\/localhost\/media\/import\/detail\/779919212_961.jpg\"><img decoding=\"async\" alt=\"SUNSUN CE GS, el mejor filtro de bomba de acuario para acuarios 300L\/h 600L\/h 1000L\/h 1400L\/h 1600L\/h\" src=\"http:\/\/localhost\/media\/import\/detail\/779877588_906.jpg\"> <br \/><\/strong><\/span><\/p>\n<p><span style=\"font-size:18px;font-family:times new roman,times;color:#0000ff;background-color:#ffffff\"><strong>5.<strong><span style=\"color:#0000ff;background-color:#ffffff\"><strong><span style=\"font-size:11pt\"><strong><span style=\"font-size:medium\"><span style=\"font-size:large\"><span style=\"font-size:18px;font-family:times new roman,times\"><strong><span style=\"color:azul\"><a title=\"Filtro de acuario\" href=\"http:\/\/gzweierma.en.alibaba.com\/\"><span style=\"font-size:18px;font-family:times new roman,times\"><strong><span style=\"background:white;color:blue\">Acuario<\/span><\/strong><\/span><\/a><\/span><\/strong><\/span><\/span><\/span><\/strong><\/span><\/strong><\/span><\/strong><\/strong><\/span><span style=\"font-size:18px;color:#0000ff\"><strong><span style=\"font-family:times new roman,times\"> Bomba<\/span><\/strong><\/span> <span style=\"font-family:times new roman,times;color:#0000ff;background-color:#ffffff\"><strong><strong><span style=\"color:#0000ff;background-color:#ffffff\"><strong><span style=\"font-size:11pt\"><strong><span style=\"font-size:medium\"><span style=\"font-size:large\">Filtro<\/span><\/span><\/strong><\/span><\/strong><\/span><\/strong><\/strong><\/span><strong><span style=\"font-size:18px;font-family:times new roman,times;color:#0000ff\"> Informaci\u00f3n del embalaje<\/span><\/strong><\/p>\n<p><span style=\"font-size:medium;font-family:times nuevo romano, tiempos;color:#000000\"><span style=\"font-size:large\"> <\/span><\/span><\/p>\n","protected":false},"excerpt":{"rendered":"<p>SUNSUN CE GS mejor filtro de bomba de acuario para acuarios 300L\/h 600L\/h 100&#8230;<\/p>\n","protected":false},"featured_media":5370,"comment_status":"open","ping_status":"closed","template":"","meta":[],"product_brand":[],"product_cat":[999],"product_tag":[],"class_list":{"0":"post-29329","1":"product","2":"type-product","3":"status-publish","4":"has-post-thumbnail","6":"product_cat-filtros-de-acuario","8":"first","9":"instock","10":"shipping-taxable","11":"purchasable","12":"product-type-simple"},"_links":{"self":[{"href":"https:\/\/www.myaquastore.com\/es\/wp-json\/wp\/v2\/product\/29329","targetHints":{"allow":["GET"]}}],"collection":[{"href":"https:\/\/www.myaquastore.com\/es\/wp-json\/wp\/v2\/product"}],"about":[{"href":"https:\/\/www.myaquastore.com\/es\/wp-json\/wp\/v2\/types\/product"}],"replies":[{"embeddable":true,"href":"https:\/\/www.myaquastore.com\/es\/wp-json\/wp\/v2\/comments?post=29329"}],"wp:featuredmedia":[{"embeddable":true,"href":"https:\/\/www.myaquastore.com\/es\/wp-json\/wp\/v2\/media\/5370"}],"wp:attachment":[{"href":"https:\/\/www.myaquastore.com\/es\/wp-json\/wp\/v2\/media?parent=29329"}],"wp:term":[{"taxonomy":"product_brand","embeddable":true,"href":"https:\/\/www.myaquastore.com\/es\/wp-json\/wp\/v2\/product_brand?post=29329"},{"taxonomy":"product_cat","embeddable":true,"href":"https:\/\/www.myaquastore.com\/es\/wp-json\/wp\/v2\/product_cat?post=29329"},{"taxonomy":"product_tag","embeddable":true,"href":"https:\/\/www.myaquastore.com\/es\/wp-json\/wp\/v2\/product_tag?post=29329"}],"curies":[{"name":"wp","href":"https:\/\/api.w.org\/{rel}","templated":true}]}}