{"id":29334,"date":"2016-09-25T23:28:26","date_gmt":"2016-09-25T23:28:26","guid":{"rendered":"https:\/\/www.myaquastore.com\/product\/filtro-de-agua-para-pecera-sunsun-1400l-h-18w-bombeo-y-oxigeno-cegs-hj-1122\/"},"modified":"2025-03-16T07:05:10","modified_gmt":"2025-03-16T07:05:10","slug":"filtro-de-agua-para-pecera-sunsun-1400l-h-18w-bombeo-y-oxigeno-cegs-hj-1122","status":"publish","type":"product","link":"https:\/\/www.myaquastore.com\/es\/producto\/filtro-de-agua-para-pecera-sunsun-1400l-h-18w-bombeo-y-oxigeno-cegs-hj-1122\/","title":{"rendered":"Filtro de agua para pecera SUNSUN 1400L\/h 18W bombeo y ox\u00edgeno (CE,GS) HJ-1122"},"content":{"rendered":"<div style=\"clear:both\"><\/div>\n<div id=\"ali-anchor-AliPostDhMb-awy0s\" style=\"padding-top:8px\" data-section-title=\"banners\" data-section=\"AliPostDhMb-awy0s\">\n<div id=\"ali-title-AliPostDhMb-awy0s\" style=\"border-bottom:#ddd 1px solid;padding-bottom:8px;padding-top:8px;padding-left:0px;padding-right:0px\"> <\/div>\n<p><span><\/span><\/p>\n<\/div>\n<p><span><br \/><\/span><\/p>\n<\/p>\n<p><span style=\"font-size:24px;font-family:comic sans ms,sans-serif;color:#000000;background-color:#ff0000\"><strong>1. filtro de agua para pecera HJ-1122 <\/strong><\/span><\/p>\n<div style=\"font-family:arial;line-height:18px\"><span style=\"font-size:18px;font-family:comic sans ms,sans-serif\">1. Las carcasas adoptan ABS de alta calidad y un funcionamiento duradero.<\/span><\/div>\n<div style=\"font-family:arial;line-height:18px\"><span style=\"font-size:18px;font-family:comic sans ms,sans-serif\">2. Los n\u00facleos y carcasas de los ejes, fabricados con cer\u00e1mica de alta calidad, no son corrosivos.<\/span><\/div>\n<div style=\"font-family:arial;line-height:18px\"><span style=\"font-size:18px;font-family:comic sans ms,sans-serif\">3. Impermeable y buen rendimiento de aislamiento.<\/span><\/div>\n<div style=\"font-family:arial;line-height:18px\"><span style=\"font-size:18px;font-family:comic sans ms,sans-serif\">4. Algod\u00f3n con filtro bioqu\u00edmico de alta calidad, que mejora la reproducci\u00f3n de la bacteria nitrificada <\/span><\/div>\n<div style=\"font-family:arial;line-height:18px\"><span style=\"font-size:18px;font-family:comic sans ms,sans-serif\"> afectivamente.<\/span><\/div>\n<div style=\"font-family:arial;line-height:18px\"><span style=\"font-size:18px;font-family:comic sans ms,sans-serif\">5. Se utiliza para filtrar o bombear agua o suministrar ox\u00edgeno.<\/span><\/div>\n<p> <img decoding=\"async\" alt=\"Filtro de agua para pecera con bombeo y ox\u00edgeno SUNSUN 1400L\/h 18W (CE,GS)\" src=\"http:\/\/localhost\/media\/import\/detail\/706442174_027.jpg\"><\/p>\n<\/p>\n<p><span style=\"font-family:comic sans ms,sans-serif;color:#000000;background-color:#ff0000\"><strong><span style=\"font-size:24px\">2.Las especificaciones:<\/span><\/strong><\/span><\/p>\n<\/p>\n<p style=\"background:#ffffff\"><span style=\"font-size:18px;font-family:comic sans ms,sans-serif;color:#2f2f2f\"><span style=\"color:#0000ff\">Altura m\u00e1xima:<span style=\"color:#000000\"> 1,7<\/span><\/span>m<\/span><\/p>\n<\/p>\n<p><span style=\"font-size:18px;font-family:comic sans ms,sans-serif;color:#0000ff\">Potencia:<span style=\"color:#000000\"> 18W<\/span><\/span><\/p>\n<\/p>\n<p style=\"background:#ffffff\"><span style=\"font-family:comic sans ms,sans-serif\"><span style=\"font-size:18px;color:#2f2f2f\"><span style=\"color:#0000ff\">Salida: <span style=\"color:#000000\">140<\/span><span style=\"color:#000000\">0<\/span><\/span>L\/h<\/span><span style=\"font-size:18px\"> <\/span><\/span><\/p>\n<\/p>\n<p><span style=\"font-size:18px;font-family:comic sans ms,sans-serif\"><span style=\"color:#2f2f2f\"><span style=\"color:#0000ff\">Voltaje:<\/span> 110V\/220V\/<\/span><span style=\"color:#2f2f2f\">240V<\/span><\/span><\/p>\n<\/p>\n<p><span style=\"font-size:18px;font-family:comic sans ms,sans-serif\"><span style=\"color:#0000ff\">Frecuencia<\/span><span style=\"color:#2f2f2f\"><span style=\"color:#0000ff\">:<\/span> 50\/60<\/span><span style=\"color:#2f2f2f\">Hz<\/span><\/span><\/p>\n<\/p>\n<p><span style=\"font-size:18px;font-family:comic sans ms,sans-serif\"><span style=\"color:#2f2f2f\"><span style=\"color:#0000ff\">Peso:<\/span> 0,76kg<\/span><\/span><\/p>\n<\/p>\n<p style=\"background:#ffffff\"><span style=\"font-size:18px;font-family:comic sans ms,sans-serif;color:#2f2f2f\"><span style=\"color:#2f2f2f\"><span style=\"color:#0000ff\">Dimensiones:<\/span> 145x 68x 365mm<\/span><\/span><\/p>\n<\/p>\n<p><span style=\"font-family:comic sans ms,sans-serif;color:#000000;background-color:#ff0000\"><strong><span style=\"font-size:24px\">3.El detalles:<\/span><\/strong><\/span><\/p>\n<\/p>\n<p> <img decoding=\"async\" alt=\"SUNSUN 1400L\/h 18W Filtro de agua para pecera con bombeo y ox\u00edgeno (CE, GS)\" src=\"http:\/\/localhost\/media\/import\/detail\/706444717_097.jpg\"><\/p>\n<\/p>\n<table class=\"aliDataTable\" style=\"height:428px;width:692px\">\n<tbody>\n<tr align=\"left\">\n<td style=\"width:48.4pt\" valign=\"middle\">\n<p><span style=\"font-size:16px;font-family:comic sans ms,sans-serif;background:#ffffff;color:#000000\">Modelo<\/span><\/p>\n<\/td>\n<td style=\"width:86.55pt\" valign=\"middle\">\n<p><span style=\"font-size:16px;font-family:comic sans ms,sans-serif;background:#ffffff;color:#000000\">Voltaje<\/span><\/p>\n<\/td>\n<td style=\"width:59.55pt\" valign=\"middle\">\n<p><span style=\"font-size:16px;font-family:comic sans ms,sans-serif;background:#ffffff;color:#000000\">Frecuencia<\/span><\/p>\n<\/td>\n<td style=\"width:32.75pt\" valign=\"middle\">\n<p><span style=\"font-size:16px;font-family:comic sans ms,sans-serif;background:#ffffff;color:#000000\">Potencia<\/span><\/p>\n<\/td>\n<td style=\"width:39.7pt\" valign=\"middle\">\n<p><span style=\"font-size:16px;font-family:comic sans ms,sans-serif;background:#ffffff;color:#000000\">H-max<\/span><\/p>\n<\/td>\n<td style=\"width:45.05pt\" valign=\"middle\">\n<p><span style=\"font-size:16px;font-family:comic sans ms,sans-serif;background:#ffffff;color:#000000\">Salida<\/span><\/p>\n<\/td>\n<td style=\"width:41.75pt\" valign=\"middle\">\n<p><span style=\"font-size:16px;font-family:comic sans ms,sans-serif;color:#000000\">Peso<\/span><\/p>\n<\/td>\n<td style=\"width:78.4pt\" valign=\"middle\">\n<p><span style=\"font-size:16px;font-family:comic sans ms,sans-serif;background:#ffffff;color:#000000\">Dimensiones<\/span><\/p>\n<\/td>\n<\/tr>\n<tr align=\"left\">\n<td valign=\"middle\">\n<p><span style=\"font-size:16px;font-family:comic sans ms,sans-serif;color:#000000\">HJ-722<\/span><\/p>\n<\/td>\n<td valign=\"middle\">\n<p><span style=\"color:#000000\"><span style=\"font-size:16px;font-family:comic sans ms,sans-serif\"> <\/span><span style=\"font-size:16px;font-family:comic sans ms,sans-serif\">110V\/220V\/240V<\/span><\/span><\/p>\n<\/td>\n<td valign=\"middle\">\n<p><span style=\"font-size:16px;font-family:comic sans ms,sans-serif;color:#000000\"> 50Hz\/60Hz<\/span><\/p>\n<\/td>\n<td valign=\"middle\">\n<p><span style=\"font-size:16px;font-family:comic sans ms,sans-serif;color:#000000\"> 8W<\/span><\/p>\n<\/td>\n<td valign=\"middle\">\n<p><span style=\"font-size:16px;font-family:comic sans ms,sans-serif;color:#000000\"> 0,8 m<\/span><\/p>\n<\/td>\n<td valign=\"middle\">\n<p><span style=\"font-size:16px;font-family:comic sans ms,sans-serif;color:#000000\"> 600L\/h<\/span><\/p>\n<\/td>\n<td valign=\"middle\">\n<p><span style=\"font-size:16px;font-family:comic sans ms,sans-serif;color:#000000\"> 0,4 \u200b\u200bkg<\/span><\/p>\n<\/td>\n<td valign=\"middle\">\n<p><span style=\"font-size:16px;font-family:comic sans ms,sans-serif;color:#000000\"> 125*60*215mm<\/span><\/p>\n<\/td>\n<\/tr>\n<tr align=\"left\">\n<td valign=\"middle\"><span style=\"font-size:16px;font-family:comic sans ms,sans-serif;color:#000000\">HJ-922<\/span><\/td>\n<td valign=\"middle\">\n<p><span style=\"color:#000000\"><span style=\"font-size:16px;font-family:comic sans ms,sans-serif\"> <\/span><span style=\"font-size:16px;font-family:comic sans ms,sans-serif\">110V\/220V\/240V<\/span><\/span><\/p>\n<\/td>\n<td valign=\"middle\">\n<p><span style=\"font-size:16px;font-family:comic sans ms,sans-serif;color:#000000\"> 50Hz\/60Hz<\/span><\/p>\n<\/td>\n<td valign=\"middle\">\n<p><span style=\"font-size:16px;font-family:comic sans ms,sans-serif;color:#000000\"> 12W<\/span><\/p>\n<\/td>\n<td valign=\"middle\">\n<p><span style=\"font-size:16px;font-family:comic sans ms,sans-serif;color:#000000\"> 0,95 m<\/span><\/p>\n<\/td>\n<td valign=\"middle\">\n<p><span style=\"font-size:16px;font-family:comic sans ms,sans-serif;color:#000000\"> 950L\/h<\/span><\/p>\n<\/td>\n<td valign=\"middle\">\n<p><span style=\"font-size:16px;font-family:comic sans ms,sans-serif;color:#000000\"> 0,75 kg<\/span><\/p>\n<\/td>\n<td valign=\"middle\">\n<p><span style=\"font-size:16px;font-family:comic sans ms,sans-serif;color:#000000\"> 130*64*358mm<\/span><\/p>\n<\/td>\n<\/tr>\n<tr align=\"left\">\n<td valign=\"middle\"><span style=\"font-size:16px;font-family:comic sans ms,sans-serif;color:#0000ff\">HJ-1122<\/span><\/td>\n<td valign=\"middle\">\n<p><span style=\"font-size:16px;font-family:comic sans ms,sans-serif;color:#0000ff\">110V\/220V\/240V<\/span><\/p>\n<\/td>\n<td valign=\"middle\">\n<p><span style=\"font-size:16px;font-family:comic sans ms,sans-serif;color:#0000ff\"> 50Hz\/60Hz<\/span><\/p>\n<\/td>\n<td valign=\"middle\">\n<p><span style=\"font-size:16px;font-family:comic sans ms,sans-serif;color:#0000ff\"> 18W<\/span><\/p>\n<\/td>\n<td valign=\"middle\">\n<p><span style=\"font-size:16px;font-family:comic sans ms,sans-serif;color:#0000ff\"> 1,7 m<\/span><\/p>\n<\/td>\n<td valign=\"middle\">\n<p><span style=\"font-size:16px;font-family:comic sans ms,sans-serif;color:#0000ff\"> 1400L\/h<\/span><\/p>\n<\/td>\n<td valign=\"middle\">\n<p><span style=\"font-size:16px;font-family:comic sans ms,sans-serif;color:#0000ff\"> 0,76 kg<\/span><\/p>\n<\/td>\n<td valign=\"middle\">\n<p><span style=\"font-size:16px;font-family:comic sans ms,sans-serif;color:#0000ff\"> 145*68*365mm<\/span><\/p>\n<\/td>\n<\/tr>\n<tr align=\"left\">\n<td valign=\"middle\">\n<p><span style=\"font-size:16px;font-family:comic sans ms,sans-serif;color:#000000\">JP-022F<\/span><\/p>\n<\/td>\n<td valign=\"middle\">\n<p><span style=\"font-size:16px;font-family:comic sans ms,sans-serif;color:#000000\">110V\/220V\/240V<\/span><\/p>\n<\/td>\n<td valign=\"middle\">\n<p><span style=\"font-size:16px;font-family:comic sans ms,sans-serif;color:#000000\"> 50Hz\/60Hz<\/span><\/p>\n<\/td>\n<td valign=\"middle\">\n<p><span style=\"font-size:16px;font-family:comic sans ms,sans-serif;color:#000000\"> 8W<\/span><\/p>\n<\/td>\n<td valign=\"middle\">\n<p><span style=\"font-size:16px;font-family:comic sans ms,sans-serif;color:#000000\"> 1,0 m<\/span><\/p>\n<\/td>\n<td valign=\"middle\">\n<p><span style=\"font-size:16px;font-family:comic sans ms,sans-serif;color:#000000\"> 600L\/h<\/span><\/p>\n<\/td>\n<td valign=\"middle\">\n<p><span style=\"font-size:16px;font-family:comic sans ms,sans-serif;color:#000000\"> 0,35 kg<\/span><\/p>\n<\/td>\n<td valign=\"middle\">\n<p><span style=\"font-size:16px;font-family:comic sans ms,sans-serif;color:#000000\"> 90*58*202mm<\/span><\/p>\n<\/td>\n<\/tr>\n<tr align=\"left\">\n<td valign=\"middle\">\n<p><span style=\"font-size:16px;font-family:comic sans ms,sans-serif;color:#000000\">JP-023F<\/span><\/p>\n<\/td>\n<td valign=\"middle\">\n<p><span style=\"font-size:16px;font-family:comic sans ms,sans-serif;color:#000000\">110V\/220V\/240V<\/span><\/p>\n<\/td>\n<td valign=\"middle\">\n<p><span style=\"font-size:16px;font-family:comic sans ms,sans-serif;color:#000000\"> 50Hz\/60Hz<\/span><\/p>\n<\/td>\n<td valign=\"middle\">\n<p><span style=\"font-size:16px;font-family:comic sans ms,sans-serif;color:#000000\"> 16W<\/span><\/p>\n<\/td>\n<td valign=\"middle\">\n<p><span style=\"font-size:16px;font-family:comic sans ms,sans-serif;color:#000000\"> 1,3 m<\/span><\/p>\n<\/td>\n<td valign=\"middle\">\n<p><span style=\"font-size:16px;font-family:comic sans ms,sans-serif;color:#000000\"> 1000L\/h<\/span><\/p>\n<\/td>\n<td valign=\"middle\">\n<p><span style=\"font-size:16px;font-family:comic sans ms,sans-serif;color:#000000\"> 0,5 kg<\/span><\/p>\n<\/td>\n<td valign=\"middle\">\n<p><span style=\"font-size:16px;font-family:comic sans ms,sans-serif;color:#000000\">107*58*322mm<\/span><\/p>\n<\/td>\n<\/tr>\n<tr align=\"left\">\n<td valign=\"middle\">\n<p><span style=\"font-size:16px;font-family:comic sans ms,sans-serif;color:#000000\">JP-024F<\/span><\/p>\n<\/td>\n<td valign=\"middle\">\n<p><span style=\"font-size:16px;font-family:comic sans ms,sans-serif;color:#000000\">110V\/220V\/240V<\/span><\/p>\n<\/td>\n<td valign=\"middle\">\n<p><span style=\"font-size:16px;font-family:comic sans ms,sans-serif;color:#000000\">50Hz\/60Hz<\/span><\/p>\n<\/td>\n<td valign=\"middle\">\n<p><span style=\"font-size:16px;font-family:comic sans ms,sans-serif;color:#000000\">22W<\/span><\/p>\n<\/td>\n<td valign=\"middle\">\n<p><span style=\"font-size:16px;font-family:comic sans ms,sans-serif;color:#000000\">1,6 m<\/span><\/p>\n<\/td>\n<td valign=\"middle\">\n<p><span style=\"font-size:16px;font-family:comic sans ms,sans-serif;color:#000000\">1200L\/h<\/span><\/p>\n<\/td>\n<td valign=\"middle\">\n<p><span style=\"font-size:16px;font-family:comic sans ms,sans-serif;color:#000000\">0,7 kg<\/span><\/p>\n<\/td>\n<td valign=\"middle\">\n<p style=\"background:#ffffff\"><span style=\"font-size:16px;font-family:comic sans ms,sans-serif;background:#ffffff;color:#000000\">114*58*327mm<\/span><\/p>\n<\/td>\n<\/tr>\n<\/tbody>\n<\/table>\n<p style=\"background:#ffffff\"><span style=\"background-color:#ff0000\"> <span style=\"color:#000000\"><strong><span style=\"font-size:24px;font-family:comic sans ms,sans-serif\">4. Otras bombas de filtro para su referencia:<\/span><\/strong><\/span><\/span><\/p>\n<\/p>\n<p><img decoding=\"async\" alt=\"SUNSUN 1400L\/h 18W Filtro de agua para pecera con bombeo y ox\u00edgeno (CE, GS)\" src=\"http:\/\/localhost\/media\/import\/detail\/706447213_334.jpg\"><\/p>\n<p style=\"background:#ffffff\"> <img decoding=\"async\" alt=\"SUNSUN 1400L\/h 18W Filtro de agua para pecera con bombeo y ox\u00edgeno (CE, GS)\" src=\"http:\/\/localhost\/media\/import\/detail\/706448668_564.jpg\"><\/p>\n<\/p>\n<div style=\"clear:both\"><\/div>\n","protected":false},"excerpt":{"rendered":"<p>Filtro de agua para pecera SUNSUN 1400L\/h 18W bombeo y ox\u00edgeno (CE,GS) HJ-1122<\/p>\n","protected":false},"featured_media":5380,"comment_status":"open","ping_status":"closed","template":"","meta":[],"product_brand":[],"product_cat":[999],"product_tag":[],"class_list":{"0":"post-29334","1":"product","2":"type-product","3":"status-publish","4":"has-post-thumbnail","6":"product_cat-filtros-de-acuario","8":"first","9":"instock","10":"shipping-taxable","11":"purchasable","12":"product-type-simple"},"_links":{"self":[{"href":"https:\/\/www.myaquastore.com\/es\/wp-json\/wp\/v2\/product\/29334","targetHints":{"allow":["GET"]}}],"collection":[{"href":"https:\/\/www.myaquastore.com\/es\/wp-json\/wp\/v2\/product"}],"about":[{"href":"https:\/\/www.myaquastore.com\/es\/wp-json\/wp\/v2\/types\/product"}],"replies":[{"embeddable":true,"href":"https:\/\/www.myaquastore.com\/es\/wp-json\/wp\/v2\/comments?post=29334"}],"wp:featuredmedia":[{"embeddable":true,"href":"https:\/\/www.myaquastore.com\/es\/wp-json\/wp\/v2\/media\/5380"}],"wp:attachment":[{"href":"https:\/\/www.myaquastore.com\/es\/wp-json\/wp\/v2\/media?parent=29334"}],"wp:term":[{"taxonomy":"product_brand","embeddable":true,"href":"https:\/\/www.myaquastore.com\/es\/wp-json\/wp\/v2\/product_brand?post=29334"},{"taxonomy":"product_cat","embeddable":true,"href":"https:\/\/www.myaquastore.com\/es\/wp-json\/wp\/v2\/product_cat?post=29334"},{"taxonomy":"product_tag","embeddable":true,"href":"https:\/\/www.myaquastore.com\/es\/wp-json\/wp\/v2\/product_tag?post=29334"}],"curies":[{"name":"wp","href":"https:\/\/api.w.org\/{rel}","templated":true}]}}