{"id":29337,"date":"2016-09-25T23:28:26","date_gmt":"2016-09-25T23:28:26","guid":{"rendered":"https:\/\/www.myaquastore.com\/product\/bomba-de-agua-de-aire-sumergible-para-acuario-3-en-1-12w-500l-h-hqj-900i\/"},"modified":"2025-03-16T07:05:11","modified_gmt":"2025-03-16T07:05:11","slug":"bomba-de-agua-de-aire-sumergible-para-acuario-3-en-1-12w-500l-h-hqj-900i","status":"publish","type":"product","link":"https:\/\/www.myaquastore.com\/es\/producto\/bomba-de-agua-de-aire-sumergible-para-acuario-3-en-1-12w-500l-h-hqj-900i\/","title":{"rendered":"Bomba de agua de aire sumergible para acuario 3 en 1 12W 500L\/h HQJ-900I"},"content":{"rendered":"<div style=\"clear:both\"><\/div>\n<p><span style=\"font-size:24px;color:#ff0000\"><strong>Bomba de agua de aire sumergible para acuario 3 en 1 12W 500L\/h HQJ-900I<em> <\/em><\/strong><\/span><\/p>\n<\/p>\n<div>\n<div style=\"font-family:arial;line-height:18px\"><strong>Especificaciones:<\/strong><\/div>\n<div style=\"font-family:arial;line-height:18px\">1. Las carcasas adoptan ABS de alta calidad y un funcionamiento duradero.<\/div>\n<div style=\"font-family:arial;line-height:18px\">2. Los n\u00facleos y carcasas de los ejes, fabricados con cer\u00e1mica de alta calidad, no son corrosivos.<\/div>\n<div style=\"font-family:arial;line-height:18px\">3. Impermeable y buen rendimiento de aislamiento.<\/div>\n<div style=\"font-family:arial;line-height:18px\">4. Algod\u00f3n de filtro bioqu\u00edmico de alta calidad, que mejora la reproducci\u00f3n afectiva de las bacterias nitrificadas.<\/div>\n<div style=\"font-family:arial;line-height:18px\">5. Se utiliza para filtrar o bombear agua o suministrar ox\u00edgeno.<\/div>\n<\/div>\n<div> <\/div>\n<div><span style=\"font-size:12px;color:#000000\"><strong>Par\u00e1metros de las bombas de filtro sumergibles para pecera 3 en 1 <\/strong><\/span><\/div>\n<table class=\"aliDataTable\">\n<tbody>\n<tr align=\"left\">\n<td valign=\"middle\">\n<p><span style=\"font-size:9pt;font-family:'Verdana';background:#ffffff;color:#000000\">Modelo<\/span><\/p>\n<\/td>\n<td style=\"width:86.55pt\" valign=\"middle\">\n<p><span style=\"font-size:9pt;font-family:'Verdana';background:#ffffff;color:#000000\">Voltaje<\/span><\/p>\n<\/td>\n<td style=\"width:59.55pt\" valign=\"middle\">\n<p><span style=\"font-size:9pt;font-family:'Verdana';background:#ffffff;color:#000000\">Frecuencia<\/span><\/p>\n<\/td>\n<td style=\"width:32.75pt\" valign=\"middle\">\n<p><span style=\"font-size:9pt;font-family:'Verdana';background:#ffffff;color:#000000\">Potencia<\/span><\/p>\n<\/td>\n<td style=\"width:39.7pt\" valign=\"middle\">\n<p><span style=\"font-size:9pt;font-family:'Verdana';background:#ffffff;color:#000000\">H-max<\/span><\/p>\n<\/td>\n<td style=\"width:45.05pt\" valign=\"middle\">\n<p><span style=\"font-size:9pt;font-family:'Verdana';background:#ffffff;color:#000000\">Salida<\/span><\/p>\n<\/td>\n<td style=\"width:41.75pt\" valign=\"middle\">\n<p><span style=\"font-size:9pt;font-family:'Verdana';background:#ffffff;color:#000000\">Peso<\/span><\/p>\n<\/td>\n<td style=\"width:78.4pt\" valign=\"middle\">\n<p style=\"background:#ffffff\"><span style=\"font-size:9pt;font-family:'Verdana';background:#ffffff;color:#000000\">Dimensiones<\/span><\/p>\n<\/td>\n<\/tr>\n<tr align=\"left\">\n<td style=\"background:#ffffff\" valign=\"middle\">\n<p><span style=\"font-size:9pt;font-family:'Verdana';color:#000000\"> HQJ-500S<\/span><\/p>\n<\/td>\n<td valign=\"middle\">\n<p><span style=\"font-size:9pt;font-family:'Verdana';color:#000000\"> <\/span><\/p>\n<p><span style=\"font-size:9pt;font-family:'Verdana';color:#000000\">110V\/220V\/240V<\/span><\/p>\n<\/p>\n<\/td>\n<td valign=\"middle\">\n<p><span style=\"font-size:9pt;font-family:'Verdana';color:#000000\"> 50Hz\/60Hz<\/span><\/p>\n<\/td>\n<td valign=\"middle\">\n<p><span style=\"font-size:9pt;font-family:'Verdana';color:#000000\"> 3W<\/span><\/p>\n<\/td>\n<td valign=\"middle\">\n<p><span style=\"font-size:9pt;font-family:'Verdana';color:#000000\"> 0,6 m<\/span><\/p>\n<\/td>\n<td valign=\"middle\">\n<p><span style=\"font-size:9pt;font-family:'Verdana';color:#000000\"> 300L\/h<\/span><\/p>\n<\/td>\n<td valign=\"middle\">\n<p><span style=\"font-size:9pt;font-family:'Verdana';color:#000000\"> 0,24 kg<\/span><\/p>\n<\/td>\n<td valign=\"middle\">\n<p><span style=\"font-size:9pt;font-family:'Verdana';color:#000000\"> 99*55*160mm<\/span><\/p>\n<\/td>\n<\/tr>\n<tr align=\"left\">\n<td valign=\"middle\">\n<p><span style=\"font-size:9pt;font-family:'Verdana';color:#000000\"> HQJ-700S<\/span><\/p>\n<\/td>\n<td valign=\"middle\">\n<p><span style=\"font-size:9pt;font-family:'Verdana';color:#000000\"> <\/span><\/p>\n<p><span style=\"font-size:9pt;font-family:'Verdana';color:#000000\">110V\/220V\/240V<\/span><\/p>\n<\/p>\n<\/td>\n<td valign=\"middle\">\n<p><span style=\"font-size:9pt;font-family:'Verdana';color:#000000\"> 50Hz\/60Hz<\/span><\/p>\n<\/td>\n<td valign=\"middle\">\n<p><span style=\"font-size:9pt;font-family:'Verdana';color:#000000\"> 8W<\/span><\/p>\n<\/td>\n<td valign=\"middle\">\n<p><span style=\"font-size:9pt;font-family:'Verdana';color:#000000\"> 0,7 m<\/span><\/p>\n<\/td>\n<td valign=\"middle\">\n<p><span style=\"font-size:9pt;font-family:'Verdana';color:#000000\"> 400L\/h<\/span><\/p>\n<\/td>\n<td valign=\"middle\">\n<p><span style=\"font-size:9pt;font-family:'Verdana';color:#000000\"> 0,45 kg<\/span><\/p>\n<\/td>\n<td valign=\"middle\">\n<p><span style=\"font-size:9pt;font-family:'Verdana';color:#000000\"> 365*65*145mm<\/span><\/p>\n<\/td>\n<\/tr>\n<tr align=\"left\">\n<td valign=\"middle\">\n<p><span style=\"font-size:9pt;font-family:'Verdana';color:#000000\"> HQJ-900S<\/span><\/p>\n<\/td>\n<td valign=\"middle\">\n<p><span style=\"font-size:9pt;font-family:'Verdana';color:#000000\"> <\/span><\/p>\n<p><span style=\"font-size:9pt;font-family:'Verdana';color:#000000\">110V\/220V\/240V<\/span><\/p>\n<\/p>\n<\/td>\n<td valign=\"middle\">\n<p><span style=\"font-size:9pt;font-family:'Verdana';color:#000000\"> 50Hz\/60Hz<\/span><\/p>\n<\/td>\n<td valign=\"middle\">\n<p><span style=\"font-size:9pt;font-family:'Verdana';color:#000000\"> 12W<\/span><\/p>\n<\/td>\n<td valign=\"middle\">\n<p><span style=\"font-size:9pt;font-family:'Verdana';color:#000000\"> 1,0 m<\/span><\/p>\n<\/td>\n<td valign=\"middle\">\n<p><span style=\"font-size:9pt;font-family:'Verdana';color:#000000\"> 500L\/h<\/span><\/p>\n<\/td>\n<td valign=\"middle\">\n<p><span style=\"font-size:9pt;font-family:'Verdana';color:#000000\"> 0,8 kg<\/span><\/p>\n<\/td>\n<td valign=\"middle\">\n<p><span style=\"font-size:9pt;font-family:'Verdana';color:#000000\"> 375*65*132mm<\/span><\/p>\n<\/td>\n<\/tr>\n<tr align=\"left\">\n<td valign=\"middle\">\n<p><span style=\"font-size:9pt;font-family:'Verdana';color:#000000\"> HQJ-700I<\/span><\/p>\n<\/td>\n<td valign=\"middle\">\n<p><span style=\"font-size:9pt;font-family:'Verdana';color:#000000\"> <\/span><\/p>\n<p><span style=\"font-size:9pt;font-family:'Verdana';color:#000000\">110V\/220V\/240V<\/span><\/p>\n<\/p>\n<\/td>\n<td valign=\"middle\">\n<p><span style=\"font-size:9pt;font-family:'Verdana';color:#000000\"> 50Hz\/60Hz<\/span><\/p>\n<\/td>\n<td valign=\"middle\">\n<p><span style=\"font-size:9pt;font-family:'Verdana';color:#000000\"> 8W<\/span><\/p>\n<\/td>\n<td valign=\"middle\">\n<p><span style=\"font-size:9pt;font-family:'Verdana';color:#000000\"> 0,8 m<\/span><\/p>\n<\/td>\n<td valign=\"middle\">\n<p><span style=\"font-size:9pt;font-family:'Verdana';color:#000000\"> 400L\/h<\/span><\/p>\n<\/td>\n<td valign=\"middle\">\n<p><span style=\"font-size:9pt;font-family:'Verdana';color:#000000\"> 0,35 kg<\/span><\/p>\n<\/td>\n<td valign=\"middle\">\n<p><span style=\"font-size:9pt;font-family:'Verdana';color:#000000\"> 218*65*145mm<\/span><\/p>\n<\/td>\n<\/tr>\n<tr align=\"left\">\n<td valign=\"middle\">\n<p><span style=\"font-size:9pt;font-family:'Verdana';color:#000000\"> HQJ-900I<\/span><\/p>\n<\/td>\n<td valign=\"middle\">\n<p><span style=\"font-size:9pt;font-family:'Verdana';color:#000000\"> <\/span><\/p>\n<p><span style=\"font-size:9pt;font-family:'Verdana';color:#000000\">110V\/220V\/240V<\/span><\/p>\n<\/p>\n<\/td>\n<td valign=\"middle\">\n<p><span style=\"font-size:9pt;font-family:'Verdana';color:#000000\"> 50Hz\/60Hz<\/span><\/p>\n<\/td>\n<td valign=\"middle\">\n<p><span style=\"font-size:9pt;font-family:'Verdana';color:#000000\"> 12W<\/span><\/p>\n<\/td>\n<td valign=\"middle\">\n<p><span style=\"font-size:9pt;font-family:'Verdana';color:#000000\"> 1,0 m<\/span><\/p>\n<\/td>\n<td valign=\"middle\">\n<p><span style=\"font-size:9pt;font-family:'Verdana';color:#000000\"> 500L\/h<\/span><\/p>\n<\/td>\n<td valign=\"middle\">\n<p><span style=\"font-size:9pt;font-family:'Verdana';color:#000000\"> 0,7 kg<\/span><\/p>\n<\/td>\n<td valign=\"middle\">\n<p><span style=\"font-size:9pt;font-family:'Verdana';color:#000000\"> 230*65*132mm<\/span><\/p>\n<\/td>\n<\/tr>\n<tr align=\"left\">\n<td valign=\"middle\">\n<p><span style=\"font-size:9pt;font-family:'Verdana';color:#000000\">HJ-111B<\/span><\/p>\n<\/td>\n<td valign=\"middle\">\n<p><span style=\"font-size:9pt;font-family:'Verdana';color:#000000\">110V\/220V\/240V<\/span><\/p>\n<\/td>\n<td valign=\"middle\">\n<p><span style=\"font-size:9pt;font-family:'Verdana';color:#000000\">50Hz\/60Hz<\/span><\/p>\n<\/td>\n<td valign=\"middle\">\n<p><span style=\"font-size:9pt;font-family:'Verdana';color:#000000\">2W<\/span><\/p>\n<\/td>\n<td valign=\"middle\">\n<p><span style=\"font-size:9pt;font-family:'Verdana';color:#000000\">0,45 m<\/span><\/p>\n<\/td>\n<td valign=\"middle\">\n<p><span style=\"font-size:9pt;font-family:'Verdana';color:#000000\">200L\/h<\/span><\/p>\n<\/td>\n<td valign=\"middle\">\n<p><span style=\"font-size:9pt;font-family:'Verdana';color:#000000\">0,15 kg<\/span><\/p>\n<\/td>\n<td valign=\"middle\">\n<p style=\"background:#ffffff\"><span style=\"font-size:9pt;font-family:'Verdana';background:#ffffff;color:#000000\">32*38*105mm<\/span><\/p>\n<\/td>\n<\/tr>\n<\/tbody>\n<\/table>\n<p><span style=\"font-size:12px;color:#000000\"><strong>Bombas de agua sumergibles para peceras 3 en 1 muestran <\/strong><\/span><\/p>\n<p><span style=\"font-size:14px;color:#ff6600\"><strong><img decoding=\"async\" alt=\"Bomba de agua de aire sumergible para peceras 3 en 1 para acuarios 12W 500L\/h HQJ-900I\" src=\"http:\/\/localhost\/media\/import\/detail\/563372492_046.jpg\"><\/strong><\/span><\/p>\n<p><span style=\"font-size:14px;color:#ff6600\"><strong><img decoding=\"async\" alt=\"Bomba de agua de aire sumergible para acuario 3 en 1 de 12W 500L\/h HQJ-900I\" src=\"http:\/\/localhost\/media\/import\/detail\/563382809_018.jpg\"><\/strong><\/span><\/p>\n<p><span style=\"font-size:14px;color:#ff6600\"><strong><img decoding=\"async\" alt=\"Pez 3 en 1 Tanque Acuario Bomba Sumergible Aire Agua 12W 500L\/h HQJ-900I\" src=\"http:\/\/localhost\/media\/import\/detail\/563383310_300.jpg\"><\/strong><\/span><\/p>\n<\/p>\n<p><span style=\"font-size:12px;color:#000000\"><strong>El uso pr\u00e1ctico de las bombas de filtro sumergibles para peceras 3 en 1 muestra<\/strong><\/span><\/p>\n<p><span style=\"font-size:14px;color:#ff6600\"><strong><img decoding=\"async\" alt=\"Bomba de aire y agua sumergible para peceras 3 en 1 para acuarios 12W 500L\/h HQJ-900I\" src=\"http:\/\/localhost\/media\/import\/detail\/563384389_001.jpg\"><\/strong><\/span><\/p>\n<p style=\"text-align:left\">\n<div id=\"ali-anchor-AliPostDhMb-e8lms\" style=\"padding-top:8px\" data-section-title=\"Informaci\u00f3n de la empresa\" data-section=\"AliPostDhMb-e8lms\">\n<div id=\"ali-title-AliPostDhMb-e8lms\" style=\"border-bottom:#ddd 1px solid;padding-bottom:8px;padding-top:8px;padding-left:0px;padding-right:0px\"> <\/div>\n<\/div>\n<div><\/div>\n","protected":false},"excerpt":{"rendered":"<p>Bomba de agua de aire sumergible para acuario 3 en 1 12W 500L\/h HQJ-900I<\/p>\n","protected":false},"featured_media":5386,"comment_status":"open","ping_status":"closed","template":"","meta":[],"product_brand":[],"product_cat":[999],"product_tag":[],"class_list":{"0":"post-29337","1":"product","2":"type-product","3":"status-publish","4":"has-post-thumbnail","6":"product_cat-filtros-de-acuario","8":"first","9":"instock","10":"shipping-taxable","11":"purchasable","12":"product-type-simple"},"_links":{"self":[{"href":"https:\/\/www.myaquastore.com\/es\/wp-json\/wp\/v2\/product\/29337","targetHints":{"allow":["GET"]}}],"collection":[{"href":"https:\/\/www.myaquastore.com\/es\/wp-json\/wp\/v2\/product"}],"about":[{"href":"https:\/\/www.myaquastore.com\/es\/wp-json\/wp\/v2\/types\/product"}],"replies":[{"embeddable":true,"href":"https:\/\/www.myaquastore.com\/es\/wp-json\/wp\/v2\/comments?post=29337"}],"wp:featuredmedia":[{"embeddable":true,"href":"https:\/\/www.myaquastore.com\/es\/wp-json\/wp\/v2\/media\/5386"}],"wp:attachment":[{"href":"https:\/\/www.myaquastore.com\/es\/wp-json\/wp\/v2\/media?parent=29337"}],"wp:term":[{"taxonomy":"product_brand","embeddable":true,"href":"https:\/\/www.myaquastore.com\/es\/wp-json\/wp\/v2\/product_brand?post=29337"},{"taxonomy":"product_cat","embeddable":true,"href":"https:\/\/www.myaquastore.com\/es\/wp-json\/wp\/v2\/product_cat?post=29337"},{"taxonomy":"product_tag","embeddable":true,"href":"https:\/\/www.myaquastore.com\/es\/wp-json\/wp\/v2\/product_tag?post=29337"}],"curies":[{"name":"wp","href":"https:\/\/api.w.org\/{rel}","templated":true}]}}