{"id":29348,"date":"2016-09-25T23:28:27","date_gmt":"2016-09-25T23:28:27","guid":{"rendered":"https:\/\/www.myaquastore.com\/product\/bomba-de-agua-con-filtro-de-acuario-sunsun-600l-h-hj-722\/"},"modified":"2025-03-16T07:05:14","modified_gmt":"2025-03-16T07:05:14","slug":"bomba-de-agua-con-filtro-de-acuario-sunsun-600l-h-hj-722","status":"publish","type":"product","link":"https:\/\/www.myaquastore.com\/es\/producto\/bomba-de-agua-con-filtro-de-acuario-sunsun-600l-h-hj-722\/","title":{"rendered":"Bomba de agua con filtro de acuario SUNSUN 600L\/h HJ-722"},"content":{"rendered":"<div style=\"clear:both\"><\/div>\n<p style=\"text-align:center\"><span style=\"font-size:24px;font-family:'Times New Roman'\">NUEVA BOMBA DE FILTRACI\u00d3N SUNSUN <\/span><\/p>\n<p style=\"text-align:center\"><span style=\"font-size:24px;font-family:'Times New Roman';color:#d97125\">HJ-722<\/span><\/p>\n<p style=\"text-align:center\">\n<p style=\"text-align:center\"><span style=\"font-size:24px;font-family:'Times New Roman'\">CARCASA HECHA DE ALTA CALIDAD <\/span><\/p>\n<p style=\"text-align:center\"><span style=\"font-size:24px;font-family:'Times New Roman'\">ABS M\u00c1S FUERTE<\/span><\/p>\n<p style=\"text-align:center\">\n<p style=\"text-align:center\"><span style=\"font-size:24px;font-family:'Times New Roman'\">IMPERMEABLE Y BUEN RENDIMIENTO DE AISLAMIENTO<\/span><\/p>\n<p style=\"text-align:center\"><span style=\"font-size:24px;font-family:'Times New Roman'\">UTILIZADO PARA ACUARIOS Y JARD\u00cdN<\/span><\/p>\n<p style=\"text-align:center\">\n<p style=\"text-align:center\"><span style=\"font-size:24px;font-family:'Times New Roman'\">110-240V\/50Hz\/60Hz<\/span><\/p>\n<p style=\"text-align:center\">\n<p style=\"text-align:center\"><span style=\"font-size:24px;font-family:'Times New Roman'\"> 8W<\/span><\/p>\n<p style=\"text-align:center\">\n<p style=\"text-align:center\"><span style=\"font-size:24px;font-family:'Times New Roman'\">H-MAX 0,6m<\/span><\/p>\n<p style=\"text-align:center\">\n<p style=\"text-align:center\"><span style=\"font-size:24px;font-family:'Times New Roman'\">SALIDA 600L\/H<\/span><\/p>\n<p style=\"text-align:center\">\n<p style=\"text-align:center\"><span style=\"font-size:24px;font-family:'Times New Roman'\">PESO 0,4 kg<\/span><\/p>\n<p style=\"text-align:center\">\n<p style=\"text-align:center\">\n<p style=\"text-align:center\"><span style=\"font-size:18px;color:#d97125\"><strong><span style=\"font-family:Arial\">Caracter\u00edsticas:<\/span><\/strong><\/span><\/p>\n<p style=\"text-align:center\"><span style=\"font-family:comic sans ms,sans-serif\"><span>1. <\/span><span style=\"font-size:10.5pt\">Nitrificador bioqu\u00edmico del algod\u00f3n para mejorar la calidad del agua.<\/span><span style=\"font-size:10.5pt\"><br \/><\/span><span style=\"font-size:10.5pt\">2. Axie de porcelana de al\u00famina antifricci\u00f3n; inoxidable, apto para agua salada y dulce.<\/span><span style=\"font-size:10.5pt\"><br \/><\/span><span style=\"font-size:10.5pt\">3. M\u00e1quina s\u00edncrona magn\u00e9tica permanente; consumo eficiente de energ\u00eda.<\/span><span style=\"font-size:10.5pt\"><br \/><\/span><span style=\"font-size:10.5pt\">4. Protecci\u00f3n interna contra exceso de corriente y sobrecalentamiento.<\/span><span style=\"font-size:10.5pt\"><br \/><\/span><span style=\"font-size:10.5pt\">5. Cuerpo recubierto de pl\u00e1stico ABS, construcci\u00f3n duradera, no corrosiva.<\/span><\/span><span style=\"font-family:comic sans ms,sans-serif\"><span style=\"font-size:10.5pt\"><img loading=\"lazy\" decoding=\"async\" alt=\"Bomba de agua con filtro para acuario SUNSUN 600L\/h HJ-722\" src=\"http:\/\/localhost\/media\/import\/detail\/524112454_240.jpg\" width=\"487\" height=\"513\"><img decoding=\"async\" alt=\"Bomba de agua con filtro para acuario SUNSUN 600L\/h HJ-722\" src=\"http:\/\/localhost\/media\/import\/detail\/524112455_066.jpg\"><img loading=\"lazy\" decoding=\"async\" alt=\"SUNSUN 600L\/h Bomba de agua con filtro para acuario HJ-722\" src=\"http:\/\/localhost\/media\/import\/detail\/524078975_867.jpg\" width=\"685\" height=\"456\"><img decoding=\"async\" alt=\"SUNSUN 600L\/h Bomba de agua con filtro para acuario HJ-722\" src=\"http:\/\/localhost\/media\/import\/detail\/524078976_276.jpg\"><img decoding=\"async\" alt=\"Bomba de agua con filtro de acuario SUNSUN 600L\/h HJ-722\" src=\"http:\/\/localhost\/media\/import\/detail\/524079399_996.jpg\"><img loading=\"lazy\" decoding=\"async\" alt=\"Bomba de agua con filtro de acuario SUNSUN 600L\/h HJ-722\" src=\"http:\/\/localhost\/media\/import\/detail\/524079401_589.jpg\" width=\"636\" height=\"423\"><img loading=\"lazy\" decoding=\"async\" alt=\"SUNSUN 600L\/h Bomba de agua con filtro para acuario HJ-722\" src=\"http:\/\/localhost\/media\/import\/detail\/524079405_788.jpg\" width=\"651\" height=\"458\"><img loading=\"lazy\" decoding=\"async\" alt=\"SUNSUN 600L\/h Bomba de agua con filtro para acuario HJ-722\" src=\"http:\/\/localhost\/media\/import\/detail\/524079408_263.jpg\" width=\"654\" height=\"461\"><\/span><\/span><\/p>\n<\/p>\n<p style=\"text-align:center\">\n<div id=\"ali-anchor-AliPostDhMb-yfro7\" style=\"padding-top:8px\" data-section-title=\"Informaci\u00f3n de la empresa\" data-section=\"AliPostDhMb-yfro7\"><strong><span style=\"background-color:#dddddd;color:#333333\"><\/span><\/strong> <\/div>\n","protected":false},"excerpt":{"rendered":"<p>Bomba de agua con filtro de acuario SUNSUN 600L\/h HJ-722<\/p>\n","protected":false},"featured_media":5407,"comment_status":"open","ping_status":"closed","template":"","meta":[],"product_brand":[],"product_cat":[999],"product_tag":[],"class_list":{"0":"post-29348","1":"product","2":"type-product","3":"status-publish","4":"has-post-thumbnail","6":"product_cat-filtros-de-acuario","8":"first","9":"instock","10":"shipping-taxable","11":"purchasable","12":"product-type-simple"},"_links":{"self":[{"href":"https:\/\/www.myaquastore.com\/es\/wp-json\/wp\/v2\/product\/29348","targetHints":{"allow":["GET"]}}],"collection":[{"href":"https:\/\/www.myaquastore.com\/es\/wp-json\/wp\/v2\/product"}],"about":[{"href":"https:\/\/www.myaquastore.com\/es\/wp-json\/wp\/v2\/types\/product"}],"replies":[{"embeddable":true,"href":"https:\/\/www.myaquastore.com\/es\/wp-json\/wp\/v2\/comments?post=29348"}],"wp:featuredmedia":[{"embeddable":true,"href":"https:\/\/www.myaquastore.com\/es\/wp-json\/wp\/v2\/media\/5407"}],"wp:attachment":[{"href":"https:\/\/www.myaquastore.com\/es\/wp-json\/wp\/v2\/media?parent=29348"}],"wp:term":[{"taxonomy":"product_brand","embeddable":true,"href":"https:\/\/www.myaquastore.com\/es\/wp-json\/wp\/v2\/product_brand?post=29348"},{"taxonomy":"product_cat","embeddable":true,"href":"https:\/\/www.myaquastore.com\/es\/wp-json\/wp\/v2\/product_cat?post=29348"},{"taxonomy":"product_tag","embeddable":true,"href":"https:\/\/www.myaquastore.com\/es\/wp-json\/wp\/v2\/product_tag?post=29348"}],"curies":[{"name":"wp","href":"https:\/\/api.w.org\/{rel}","templated":true}]}}