{"id":29356,"date":"2016-09-25T23:28:27","date_gmt":"2016-09-25T23:28:27","guid":{"rendered":"https:\/\/www.myaquastore.com\/product\/bomba-de-circulacion-para-piscina-sunsun-de-diseno-exquisito-10000l-h-260w\/"},"modified":"2025-03-16T07:05:15","modified_gmt":"2025-03-16T07:05:15","slug":"bomba-de-circulacion-para-piscina-sunsun-de-diseno-exquisito-10000l-h-260w","status":"publish","type":"product","link":"https:\/\/www.myaquastore.com\/es\/producto\/bomba-de-circulacion-para-piscina-sunsun-de-diseno-exquisito-10000l-h-260w\/","title":{"rendered":"Bomba de circulaci\u00f3n para piscina SUNSUN de dise\u00f1o exquisito 10000L\/h 260W"},"content":{"rendered":"<div style=\"clear:both\"><\/div>\n<p style=\"text-align:center\"><em><span style=\"color:#0000ff\"><span style=\"font-size:24px\"><strong><span style=\"background-color:#ffff00\"> SUNSUN Bomba de circulaci\u00f3n para piscina de dise\u00f1o exquisito 10000L\/h 260W <\/span><\/strong><\/span><\/span><\/em> <\/p>\n<p style=\"text-align:left\"><strong><\/strong> <\/p>\n<p style=\"text-align:left\"><strong><\/strong> <\/p>\n<p style=\"text-align:left\"><strong><span style=\"font-size:18px;color:#ff9900\">1. Descripci\u00f3n del producto<\/span><\/strong><\/p>\n<p style=\"text-align:left\">\n<p style=\"text-align:left\">\n<p><span style=\"font-size:16px;font-family:comic sans ms,sans-serif\">1. Aplicar a estanques de acuicultura y tanques de mariscos con qwuipment de reciclaje de agua<\/span><\/p>\n<p style=\"text-align:left\">\n<p><span style=\"font-size:16px;font-family:comic sans ms,sans-serif\"> coincidencia.<\/span><\/p>\n<p style=\"text-align:left\">\n<p><span style=\"font-size:16px;font-family:comic sans ms,sans-serif\">2.Motor as\u00edncrono est\u00e1ndar de alto rendimiento con nuevo dise\u00f1o y energ\u00eda <\/span><\/p>\n<p style=\"text-align:left\">\n<p><span style=\"font-size:16px;font-family:comic sans ms,sans-serif\"> guardando.<\/span><\/p>\n<p style=\"text-align:left\">\n<p><span style=\"font-size:16px;font-family:comic sans ms,sans-serif\">3.Double El sello de resina y el anillo de goma lo hacen m\u00e1s seguro de usar.<\/span><\/p>\n<p style=\"text-align:left\">\n<p><span style=\"font-size:16px;font-family:comic sans ms,sans-serif\">4. Eje y manguito de cer\u00e1mica de alta calidad, duraderos y silenciosos.<\/span><\/p>\n<\/p>\n<p><strong><\/strong> <\/p>\n<p><strong><span style=\"font-size:18px;font-family:comic sans ms, sans-serif;color:#ff9900;background-color:#ffffff\">2. Detalles de la bomba de circulaci\u00f3n para piscinas YLB-8500A <\/span><\/strong> <\/p>\n<\/p>\n<table class=\"aliDataTable\">\n<tbody>\n<tr align=\"left\">\n<td style=\"background:#ffffff;text-align:center;width:67.85pt\" valign=\"middle\">\n<p><span style=\"font-size:12px;font-family:arial, helvetica, sans-serif;color:#000000;background-color:#ffffff\">Modelo<\/span><\/p>\n<\/td>\n<td style=\"text-align:center;width:63pt\" valign=\"middle\">\n<p><span style=\"font-size:9pt;font-family:'Verdana';background:#ffffff;color:#000000\">Voltaje<\/span><\/p>\n<\/td>\n<td style=\"text-align:center;width:62.25pt\" valign=\"middle\">\n<p><span style=\"font-size:9pt;font-family:'Verdana';background:#ffffff;color:#000000\">Frecuencia<\/span><\/p>\n<\/td>\n<td style=\"text-align:center;width:39.75pt\" valign=\"middle\">\n<p style=\"background:#ffffff\"><span style=\"font-size:9pt;font-family:'Verdana';background:#ffffff;color:#000000\">Potencia<\/span><\/p>\n<\/td>\n<td style=\"background:#ffffff;text-align:center;width:42.65pt\" valign=\"middle\">\n<p><span style=\"font-size:9pt;font-family:'Verdana';background:#ffffff;color:#000000\">H-max<\/span><\/p>\n<\/td>\n<td style=\"text-align:center;width:55.7pt\" valign=\"middle\">\n<p><span style=\"font-size:9pt;font-family:'Verdana';background:#ffffff;color:#000000\">Salida<\/span><\/p>\n<\/td>\n<td style=\"text-align:center;width:99.05pt\" valign=\"middle\">\n<p style=\"background:#ffffff\"><span style=\"font-size:9pt;font-family:'Verdana';background:#ffffff;color:#000000\">Dimensiones<\/span><\/p>\n<\/td>\n<\/tr>\n<tr align=\"left\">\n<td style=\"background:#ffffff;text-align:center\" valign=\"middle\">\n<p><span style=\"font-size:9pt;font-family:'Verdana';background:#ffffff;color:#000000\">YLB-5000A<\/span><\/p>\n<\/td>\n<td style=\"text-align:center\" valign=\"middle\">\n<p><span style=\"font-size:9pt;font-family:'Verdana';background:#ffffff;color:#000000\">110V\/240V<\/span><\/p>\n<\/td>\n<td style=\"text-align:center\" valign=\"middle\">\n<p><span style=\"font-size:9pt;font-family:'Verdana';background:#ffffff;color:#000000\">50Hz\/60Hz<\/span><\/p>\n<\/td>\n<td style=\"text-align:center\" valign=\"middle\">\n<p><span style=\"font-size:9pt;font-family:'Verdana';background:#ffffff;color:#000000\">95W<\/span><\/p>\n<\/td>\n<td style=\"text-align:center\" valign=\"middle\">\n<p><span style=\"font-size:9pt;font-family:'Verdana';background:#ffffff;color:#000000\">4,2 m<\/span><\/p>\n<\/td>\n<td style=\"text-align:center\" valign=\"middle\">\n<p><span style=\"font-size:9pt;font-family:'Verdana';background:#ffffff;color:#000000\">8000L\/h<\/span><\/p>\n<\/td>\n<td style=\"text-align:center\" valign=\"middle\">\n<p><span style=\"font-size:9pt;font-family:'Verdana';color:#000000\">200*110*139mm<\/span><\/p>\n<\/td>\n<\/tr>\n<tr align=\"left\">\n<td style=\"text-align:center\" valign=\"middle\">\n<p><span style=\"font-size:9pt;font-family:'Verdana';background:#ffffff;color:#000000\">YLB-5500A<\/span><\/p>\n<\/td>\n<td style=\"text-align:center\" valign=\"middle\">\n<p><span style=\"font-size:9pt;font-family:'Verdana';background:#ffffff;color:#000000\">110V\/240V<\/span><\/p>\n<\/td>\n<td style=\"text-align:center\" valign=\"middle\">\n<p><span style=\"font-size:9pt;font-family:'Verdana';background:#ffffff;color:#000000\">50Hz\/60Hz<\/span><\/p>\n<\/td>\n<td style=\"text-align:center\" valign=\"middle\">\n<p><span style=\"font-size:9pt;font-family:'Verdana';background:#ffffff;color:#000000\">95W<\/span><\/p>\n<\/td>\n<td style=\"text-align:center\" valign=\"middle\">\n<p><span style=\"font-size:9pt;font-family:'Verdana';background:#ffffff;color:#000000\">5,5 m<\/span><\/p>\n<\/td>\n<td style=\"text-align:center\" valign=\"middle\">\n<p><span style=\"font-size:9pt;font-family:'Verdana';color:#000000\">6500L\/h<\/span><\/p>\n<\/td>\n<td style=\"text-align:center\" valign=\"middle\">\n<p><span style=\"font-size:9pt;font-family:'Verdana';color:#000000\">200*110*139mm<\/span><\/p>\n<\/td>\n<\/tr>\n<tr align=\"left\">\n<td style=\"text-align:center\" valign=\"middle\">\n<p><span style=\"font-size:9pt;font-family:'Verdana';background:#ffffff;color:#000000\">YLB-6000A<\/span><\/p>\n<\/td>\n<td style=\"text-align:center\" valign=\"middle\">\n<p><span style=\"font-size:9pt;font-family:'Verdana';background:#ffffff;color:#000000\">110V\/240V<\/span><\/p>\n<\/td>\n<td style=\"text-align:center\" valign=\"middle\">\n<p><span style=\"font-size:9pt;font-family:'Verdana';background:#ffffff;color:#000000\">50Hz\/60Hz<\/span><\/p>\n<\/td>\n<td style=\"text-align:center\" valign=\"middle\">\n<p><span style=\"font-size:9pt;font-family:'Verdana';background:#ffffff;color:#000000\">155W<\/span><\/p>\n<\/td>\n<td style=\"text-align:center\" valign=\"middle\">\n<p><span style=\"font-size:9pt;font-family:'Verdana';background:#ffffff;color:#000000\">5,2 m<\/span><\/p>\n<\/td>\n<td style=\"text-align:center\" valign=\"middle\">\n<p><span style=\"font-size:9pt;font-family:'Verdana';background:#ffffff;color:#000000\">10000L\/h<\/span><\/p>\n<\/td>\n<td style=\"text-align:center\" valign=\"middle\">\n<p><span style=\"font-size:9pt;font-family:'Verdana';color:#000000\">287*128*157mm<\/span><\/p>\n<\/td>\n<\/tr>\n<tr align=\"left\">\n<td style=\"text-align:center\" valign=\"middle\">\n<p><span style=\"font-size:9pt;font-family:'Verdana';background:#ffffff;color:#000000\">YLB-6500A<\/span><\/p>\n<\/td>\n<td style=\"text-align:center\" valign=\"middle\">\n<p><span style=\"font-size:9pt;font-family:'Verdana';background:#ffffff;color:#000000\">110V\/240V<\/span><\/p>\n<\/td>\n<td style=\"text-align:center\" valign=\"middle\">\n<p><span style=\"font-size:9pt;font-family:'Verdana';background:#ffffff;color:#000000\">50Hz\/60Hz<\/span><\/p>\n<\/td>\n<td style=\"text-align:center\" valign=\"middle\">\n<p><span style=\"font-size:9pt;font-family:'Verdana';background:#ffffff;color:#000000\">155W<\/span><\/p>\n<\/td>\n<td style=\"text-align:center\" valign=\"middle\">\n<p><span style=\"font-size:9pt;font-family:'Verdana';color:#000000\">6,5 m<\/span><\/p>\n<\/td>\n<td style=\"text-align:center\" valign=\"middle\">\n<p><span style=\"font-size:9pt;font-family:'Verdana';background:#ffffff;color:#000000\">7500L\/h<\/span><\/p>\n<\/td>\n<td style=\"text-align:center\" valign=\"middle\">\n<p><span style=\"font-size:9pt;font-family:'Verdana';color:#000000\">287*128*157mm<\/span><\/p>\n<\/td>\n<\/tr>\n<tr align=\"left\">\n<td style=\"text-align:center\" valign=\"middle\">\n<p><span style=\"font-size:9pt;font-family:'Verdana';background:#ffffff;color:#000000\">YLB-7500A<\/span><\/p>\n<\/td>\n<td style=\"text-align:center\" valign=\"middle\">\n<p><span style=\"font-size:9pt;font-family:'Verdana';background:#ffffff;color:#000000\">110V\/240V<\/span><\/p>\n<\/td>\n<td style=\"text-align:center\" valign=\"middle\">\n<p><span style=\"font-size:9pt;font-family:'Verdana';background:#ffffff;color:#000000\">50Hz\/60Hz<\/span><\/p>\n<\/td>\n<td style=\"text-align:center\" valign=\"middle\">\n<p><span style=\"font-size:9pt;font-family:'Verdana';background:#ffffff;color:#000000\">280W<\/span><\/p>\n<\/td>\n<td style=\"text-align:center\" valign=\"middle\">\n<p><span style=\"font-size:9pt;font-family:'Verdana';background:#ffffff;color:#000000\">7,5 m<\/span><\/p>\n<\/td>\n<td style=\"text-align:center\" valign=\"middle\">\n<p><span style=\"font-size:9pt;font-family:'Verdana';background:#ffffff;color:#000000\">14000L\/h<\/span><\/p>\n<\/td>\n<td style=\"text-align:center\" valign=\"middle\">\n<p><span style=\"font-size:9pt;font-family:'Verdana';color:#000000\">310*150*180mm <\/span><\/p>\n<\/td>\n<\/tr>\n<tr align=\"left\">\n<td style=\"text-align:center\" valign=\"middle\">\n<p><span style=\"font-size:9pt;font-family:'Verdana';background:#ffffff;color:#000000\">YLB-8500A<\/span><\/p>\n<\/td>\n<td style=\"text-align:center\" valign=\"middle\">\n<p><span style=\"font-size:9pt;font-family:'Verdana';background:#ffffff;color:#000000\">110V\/240V<\/span><\/p>\n<\/td>\n<td style=\"text-align:center\" valign=\"middle\">\n<p><span style=\"font-size:9pt;font-family:'Verdana';background:#ffffff;color:#000000\">50Hz\/60Hz<\/span><\/p>\n<\/td>\n<td style=\"text-align:center\" valign=\"middle\">\n<p><span style=\"font-size:9pt;font-family:'Verdana';background:#ffffff;color:#000000\">260W<\/span><\/p>\n<\/td>\n<td style=\"text-align:center\" valign=\"middle\">\n<p><span style=\"font-size:9pt;font-family:'Verdana';background:#ffffff;color:#000000\">8,5 m<\/span><\/p>\n<\/td>\n<td style=\"text-align:center\" valign=\"middle\">\n<p><span style=\"font-size:9pt;font-family:'Verdana';background:#ffffff;color:#000000\">10000L\/h<\/span><\/p>\n<\/td>\n<td style=\"text-align:center\" valign=\"middle\">\n<p><span style=\"font-size:9pt;font-family:'Verdana';color:#000000\">310*150*180mm <\/span><\/p>\n<\/td>\n<\/tr>\n<tr align=\"left\">\n<td style=\"text-align:center\" valign=\"middle\">\n<p><span style=\"font-size:9pt;font-family:'Verdana';background:#ffffff;color:#000000\">YLB-9500A<\/span><\/p>\n<\/td>\n<td style=\"text-align:center\" valign=\"middle\">\n<p><span style=\"font-size:9pt;font-family:'Verdana';background:#ffffff;color:#000000\">110V\/240V<\/span><\/p>\n<\/td>\n<td style=\"text-align:center\" valign=\"middle\">\n<p><span style=\"font-size:9pt;font-family:'Verdana';background:#ffffff;color:#000000\">50Hz\/60Hz<\/span><\/p>\n<\/td>\n<td style=\"text-align:center\" valign=\"middle\">\n<p><span style=\"font-size:9pt;font-family:'Verdana';background:#ffffff;color:#000000\">320W<\/span><\/p>\n<\/td>\n<td style=\"text-align:center\" valign=\"middle\">\n<p><span style=\"font-size:9pt;font-family:'Verdana';background:#ffffff;color:#000000\">9,5 m<\/span><\/p>\n<\/td>\n<td style=\"text-align:center\" valign=\"middle\">\n<p><span style=\"font-size:9pt;font-family:'Verdana';background:#ffffff;color:#000000\">10000L\/h<\/span><\/p>\n<\/td>\n<td style=\"text-align:center\" valign=\"middle\">\n<p><span style=\"font-size:9pt;font-family:'Verdana';color:#000000\">310*150*180mm <\/span><\/p>\n<\/td>\n<\/tr>\n<tr align=\"left\">\n<td style=\"text-align:center\" valign=\"middle\">\n<p><span style=\"font-size:9pt;font-family:'Verdana';background:#ffffff;color:#000000\">YLB-10000A<\/span><\/p>\n<\/td>\n<td style=\"text-align:center\" valign=\"middle\">\n<p><span style=\"font-size:9pt;font-family:'Verdana';background:#ffffff;color:#000000\">110V\/240V<\/span><\/p>\n<\/td>\n<td style=\"text-align:center\" valign=\"middle\">\n<p><span style=\"font-size:9pt;font-family:'Verdana';background:#ffffff;color:#000000\">50Hz\/60Hz<\/span><\/p>\n<\/td>\n<td style=\"text-align:center\" valign=\"middle\">\n<p><span style=\"font-size:9pt;font-family:'Verdana';background:#ffffff;color:#000000\">320W<\/span><\/p>\n<\/td>\n<td style=\"text-align:center\" valign=\"middle\">\n<p><span style=\"font-size:9pt;font-family:'Verdana';color:#000000\">6,5 m<\/span><\/p>\n<\/td>\n<td style=\"text-align:center\" valign=\"middle\">\n<p><span style=\"font-size:9pt;font-family:'Verdana';color:#000000\">18000L\/h<\/span><\/p>\n<\/td>\n<td style=\"text-align:center\" valign=\"middle\">\n<p style=\"background:#ffffff\"><span style=\"font-size:9pt;font-family:'Verdana';background:#ffffff;color:#000000\"><span style=\"font-family:Verdana\">310*150*180 mm <\/span><\/span><\/p>\n<\/td>\n<\/tr>\n<\/tbody>\n<\/table>\n<p><img loading=\"lazy\" decoding=\"async\" alt=\"Bomba de circulaci\u00f3n para piscina SUNSUN de dise\u00f1o exquisito, 10000L\/h, 260W\" src=\"http:\/\/localhost\/media\/import\/detail\/736303582_428.jpg\" width=\"600\" height=\"600\"><\/p>\n<\/p>\n<div style=\"clear:both\"><\/div>\n<p><strong><span style=\"color:#ff9900;font-family:'Comic Sans MS'\"><\/span><\/strong><\/p>\n","protected":false},"excerpt":{"rendered":"<p>Bomba de circulaci\u00f3n para piscina SUNSUN de dise\u00f1o exquisito 10000L\/h 260W<\/p>\n","protected":false},"featured_media":5423,"comment_status":"open","ping_status":"closed","template":"","meta":[],"product_brand":[],"product_cat":[1146],"product_tag":[],"class_list":{"0":"post-29356","1":"product","2":"type-product","3":"status-publish","4":"has-post-thumbnail","6":"product_cat-bombas-de-agua-y-cabezales-de-potencia","8":"first","9":"instock","10":"shipping-taxable","11":"purchasable","12":"product-type-simple"},"_links":{"self":[{"href":"https:\/\/www.myaquastore.com\/es\/wp-json\/wp\/v2\/product\/29356","targetHints":{"allow":["GET"]}}],"collection":[{"href":"https:\/\/www.myaquastore.com\/es\/wp-json\/wp\/v2\/product"}],"about":[{"href":"https:\/\/www.myaquastore.com\/es\/wp-json\/wp\/v2\/types\/product"}],"replies":[{"embeddable":true,"href":"https:\/\/www.myaquastore.com\/es\/wp-json\/wp\/v2\/comments?post=29356"}],"wp:featuredmedia":[{"embeddable":true,"href":"https:\/\/www.myaquastore.com\/es\/wp-json\/wp\/v2\/media\/5423"}],"wp:attachment":[{"href":"https:\/\/www.myaquastore.com\/es\/wp-json\/wp\/v2\/media?parent=29356"}],"wp:term":[{"taxonomy":"product_brand","embeddable":true,"href":"https:\/\/www.myaquastore.com\/es\/wp-json\/wp\/v2\/product_brand?post=29356"},{"taxonomy":"product_cat","embeddable":true,"href":"https:\/\/www.myaquastore.com\/es\/wp-json\/wp\/v2\/product_cat?post=29356"},{"taxonomy":"product_tag","embeddable":true,"href":"https:\/\/www.myaquastore.com\/es\/wp-json\/wp\/v2\/product_tag?post=29356"}],"curies":[{"name":"wp","href":"https:\/\/api.w.org\/{rel}","templated":true}]}}